{"id":852,"date":"2017-12-15T14:06:14","date_gmt":"2017-12-15T13:06:14","guid":{"rendered":"http:\/\/oliver-twist.dk\/?page_id=852"},"modified":"2021-03-24T10:32:04","modified_gmt":"2021-03-24T09:32:04","slug":"framstallning-av-oliver-twist","status":"publish","type":"page","link":"https:\/\/oliver-twist.dk\/sv\/framstallning-av-oliver-twist\/","title":{"rendered":"Framst\u00e4llning"},"content":{"rendered":"<p>En Oliver Twist portionsbit b\u00f6rjar som ett mikroskopiskt fr\u00f6. Tobaksfr\u00f6et s\u00e5s i en s\u00e5b\u00e4dd och planteringen sker med handkraft. Tobaken sk\u00f6rdas just f\u00f6re den blir fullmogen. Sedan h\u00e4ngtorkas tobaken, luften f\u00e5r bladen att \u00e4ndra f\u00e4rg fr\u00e5n gr\u00f6na till ljusbrunt. Luften f\u00e5r bladen att \u00e4ndra f\u00e4rg fr\u00e5n gr\u00f6nt till ljusbrunt. De torkade bladen sorteras f\u00f6rst efter storlek, sedan kvalitet och buntas samman. F\u00f6r att sedan s\u00e4ljas p\u00e5 auktion.<\/p>\n<p>Vi k\u00f6per endast s\u00e4rskilt amerikansk tobak \u2013 dvs. hela stora blad. Efter noggrann kontroll i v\u00e5r produktion b\u00f6rjar bearbetningen. Vi avl\u00e4gsnar f\u00f6rst stj\u00e4lken i varje tobaksblad. De halva bladen rullas sedan ihop i handen till l\u00e5nga str\u00e4ngar. Detta arbete utf\u00f6rs av en s\u00e5 kallad \u201dspinnare\u201d i spinnstugan.<\/p>\n<p>Efter ytterligare bearbetning sk\u00e4rs tobaksstr\u00e4ngen i 1 cm l\u00e5nga bitar. Sedan tills\u00e4tts smak i s\u00e5seriet. Casing \u00e4r det r\u00e4tta fackuttrycket f\u00f6r den s\u00e5s som ger smak till portionsbitarna. Vilket f\u00f6rr kallades f\u00f6r just s\u00e5s. Att vara s\u00e5sm\u00e4stare \u00e4r en betrodd position. Han ska vakta den st\u00f6rsta av alla fabrikationshemligheter, recepten! Olika smakgivare och engelsk lakrits ing\u00e5r i de olika varianternas karakt\u00e4r.<br \/>\nVarje portionsbit best\u00e5r av n\u00e5gra f\u00e5 kvadratcentimeter av ett enskilt tobaksblad. N\u00e4r man \u00e4r f\u00e4rdig med en portionsbit, kan man vika ut det och se att det best\u00e5r av ett stycke.<\/p>\n<p>De f\u00e4rdiga Oliver Twist portionsbitarna vakuumf\u00f6rpackas i p\u00e5sar \u00e1 30 styck med en vikt p\u00e5 7 gram och l\u00e4ggs sedan i den lilla asken.<\/p>\n","protected":false},"excerpt":{"rendered":"<p>En Oliver Twist portionsbit b\u00f6rjar som ett mikroskopiskt fr\u00f6. Tobaksfr\u00f6et s\u00e5s i en s\u00e5b\u00e4dd och planteringen sker med handkraft. Tobaken sk\u00f6rdas just f\u00f6re den blir fullmogen. Sedan h\u00e4ngtorkas tobaken, luften f\u00e5r bladen att \u00e4ndra f\u00e4rg fr\u00e5n gr\u00f6na till ljusbrunt. Luften f\u00e5r bladen att \u00e4ndra f\u00e4rg fr\u00e5n gr\u00f6nt till ljusbrunt. De torkade bladen sorteras f\u00f6rst efter [&hellip;]<\/p>\n","protected":false},"author":5,"featured_media":0,"parent":0,"menu_order":82,"comment_status":"closed","ping_status":"closed","template":"templates\/fremstilling.php","meta":{"_acf_changed":false,"footnotes":""},"class_list":["post-852","page","type-page","status-publish","hentry"],"acf":[],"yoast_head":"<!-- This site is optimized with the Yoast SEO Premium plugin v27.0 (Yoast SEO v27.0) - https:\/\/yoast.com\/product\/yoast-seo-premium-wordpress\/ -->\n<title>Framst\u00e4llning | Oliver Twist<\/title>\n<meta name=\"description\" content=\"En Oliver Twist portionsbit b\u00f6rjar som ett mikroskopiskt fr\u00f6. Tobaksfr\u00f6et s\u00e5s i en s\u00e5b\u00e4dd och planteringen sker med handkraft.\" \/>\n<meta name=\"robots\" content=\"index, follow, max-snippet:-1, max-image-preview:large, max-video-preview:-1\" \/>\n<link rel=\"canonical\" href=\"https:\/\/oliver-twist.dk\/sv\/framstallning-av-oliver-twist\/\" \/>\n<meta property=\"og:locale\" content=\"sv_SE\" \/>\n<meta property=\"og:type\" content=\"article\" \/>\n<meta property=\"og:title\" content=\"Framst\u00e4llning\" \/>\n<meta property=\"og:description\" content=\"En Oliver Twist portionsbit b\u00f6rjar som ett mikroskopiskt fr\u00f6. Tobaksfr\u00f6et s\u00e5s i en s\u00e5b\u00e4dd och planteringen sker med handkraft.\" \/>\n<meta property=\"og:url\" content=\"https:\/\/oliver-twist.dk\/sv\/framstallning-av-oliver-twist\/\" \/>\n<meta property=\"og:site_name\" content=\"Oliver Twist\" \/>\n<meta property=\"article:publisher\" content=\"https:\/\/www.facebook.com\/HouseofOliverTwist\/\" \/>\n<meta property=\"article:modified_time\" content=\"2021-03-24T09:32:04+00:00\" \/>\n<meta name=\"twitter:card\" content=\"summary_large_image\" \/>\n<meta name=\"twitter:label1\" content=\"Ber\u00e4knad l\u00e4stid\" \/>\n\t<meta name=\"twitter:data1\" content=\"2 minuter\" \/>\n<script type=\"application\/ld+json\" class=\"yoast-schema-graph\">{\"@context\":\"https:\/\/schema.org\",\"@graph\":[{\"@type\":\"WebPage\",\"@id\":\"https:\/\/oliver-twist.dk\/sv\/framstallning-av-oliver-twist\/\",\"url\":\"https:\/\/oliver-twist.dk\/sv\/framstallning-av-oliver-twist\/\",\"name\":\"Framst\u00e4llning | Oliver Twist\",\"isPartOf\":{\"@id\":\"https:\/\/oliver-twist.dk\/en\/#website\"},\"datePublished\":\"2017-12-15T13:06:14+00:00\",\"dateModified\":\"2021-03-24T09:32:04+00:00\",\"description\":\"En Oliver Twist portionsbit b\u00f6rjar som ett mikroskopiskt fr\u00f6. Tobaksfr\u00f6et s\u00e5s i en s\u00e5b\u00e4dd och planteringen sker med handkraft.\",\"breadcrumb\":{\"@id\":\"https:\/\/oliver-twist.dk\/sv\/framstallning-av-oliver-twist\/#breadcrumb\"},\"inLanguage\":\"sv-SE\",\"potentialAction\":[{\"@type\":\"ReadAction\",\"target\":[\"https:\/\/oliver-twist.dk\/sv\/framstallning-av-oliver-twist\/\"]}]},{\"@type\":\"BreadcrumbList\",\"@id\":\"https:\/\/oliver-twist.dk\/sv\/framstallning-av-oliver-twist\/#breadcrumb\",\"itemListElement\":[{\"@type\":\"ListItem\",\"position\":1,\"name\":\"Startseite\",\"item\":\"https:\/\/oliver-twist.dk\/sv\/\"},{\"@type\":\"ListItem\",\"position\":2,\"name\":\"Framst\u00e4llning\"}]},{\"@type\":\"WebSite\",\"@id\":\"https:\/\/oliver-twist.dk\/en\/#website\",\"url\":\"https:\/\/oliver-twist.dk\/en\/\",\"name\":\"Oliver Twist\",\"description\":\"Sm\u00e5 diskrete tobakspastiller med naturligt nikotin indhold\",\"publisher\":{\"@id\":\"https:\/\/oliver-twist.dk\/en\/#organization\"},\"potentialAction\":[{\"@type\":\"SearchAction\",\"target\":{\"@type\":\"EntryPoint\",\"urlTemplate\":\"https:\/\/oliver-twist.dk\/en\/?s={search_term_string}\"},\"query-input\":{\"@type\":\"PropertyValueSpecification\",\"valueRequired\":true,\"valueName\":\"search_term_string\"}}],\"inLanguage\":\"sv-SE\"},{\"@type\":\"Organization\",\"@id\":\"https:\/\/oliver-twist.dk\/en\/#organization\",\"name\":\"House of Oliver Twist\",\"url\":\"https:\/\/oliver-twist.dk\/en\/\",\"logo\":{\"@type\":\"ImageObject\",\"inLanguage\":\"sv-SE\",\"@id\":\"https:\/\/oliver-twist.dk\/en\/#\/schema\/logo\/image\/\",\"url\":\"https:\/\/oliver-twist.dk\/wp-content\/uploads\/2020\/09\/Oliver-Twist_Sort-PNG-1.png\",\"contentUrl\":\"https:\/\/oliver-twist.dk\/wp-content\/uploads\/2020\/09\/Oliver-Twist_Sort-PNG-1.png\",\"width\":774,\"height\":236,\"caption\":\"House of Oliver Twist\"},\"image\":{\"@id\":\"https:\/\/oliver-twist.dk\/en\/#\/schema\/logo\/image\/\"},\"sameAs\":[\"https:\/\/www.facebook.com\/HouseofOliverTwist\/\",\"https:\/\/www.linkedin.com\/company\/house-of-oliver-twist\/\",\"https:\/\/www.youtube.com\/channel\/UCnHIfJXeHCZHCcWjKW_fVCg\"]}]}<\/script>\n<!-- \/ Yoast SEO Premium plugin. -->","yoast_head_json":{"title":"Framst\u00e4llning | Oliver Twist","description":"En Oliver Twist portionsbit b\u00f6rjar som ett mikroskopiskt fr\u00f6. Tobaksfr\u00f6et s\u00e5s i en s\u00e5b\u00e4dd och planteringen sker med handkraft.","robots":{"index":"index","follow":"follow","max-snippet":"max-snippet:-1","max-image-preview":"max-image-preview:large","max-video-preview":"max-video-preview:-1"},"canonical":"https:\/\/oliver-twist.dk\/sv\/framstallning-av-oliver-twist\/","og_locale":"sv_SE","og_type":"article","og_title":"Framst\u00e4llning","og_description":"En Oliver Twist portionsbit b\u00f6rjar som ett mikroskopiskt fr\u00f6. Tobaksfr\u00f6et s\u00e5s i en s\u00e5b\u00e4dd och planteringen sker med handkraft.","og_url":"https:\/\/oliver-twist.dk\/sv\/framstallning-av-oliver-twist\/","og_site_name":"Oliver Twist","article_publisher":"https:\/\/www.facebook.com\/HouseofOliverTwist\/","article_modified_time":"2021-03-24T09:32:04+00:00","twitter_card":"summary_large_image","twitter_misc":{"Ber\u00e4knad l\u00e4stid":"2 minuter"},"schema":{"@context":"https:\/\/schema.org","@graph":[{"@type":"WebPage","@id":"https:\/\/oliver-twist.dk\/sv\/framstallning-av-oliver-twist\/","url":"https:\/\/oliver-twist.dk\/sv\/framstallning-av-oliver-twist\/","name":"Framst\u00e4llning | Oliver Twist","isPartOf":{"@id":"https:\/\/oliver-twist.dk\/en\/#website"},"datePublished":"2017-12-15T13:06:14+00:00","dateModified":"2021-03-24T09:32:04+00:00","description":"En Oliver Twist portionsbit b\u00f6rjar som ett mikroskopiskt fr\u00f6. Tobaksfr\u00f6et s\u00e5s i en s\u00e5b\u00e4dd och planteringen sker med handkraft.","breadcrumb":{"@id":"https:\/\/oliver-twist.dk\/sv\/framstallning-av-oliver-twist\/#breadcrumb"},"inLanguage":"sv-SE","potentialAction":[{"@type":"ReadAction","target":["https:\/\/oliver-twist.dk\/sv\/framstallning-av-oliver-twist\/"]}]},{"@type":"BreadcrumbList","@id":"https:\/\/oliver-twist.dk\/sv\/framstallning-av-oliver-twist\/#breadcrumb","itemListElement":[{"@type":"ListItem","position":1,"name":"Startseite","item":"https:\/\/oliver-twist.dk\/sv\/"},{"@type":"ListItem","position":2,"name":"Framst\u00e4llning"}]},{"@type":"WebSite","@id":"https:\/\/oliver-twist.dk\/en\/#website","url":"https:\/\/oliver-twist.dk\/en\/","name":"Oliver Twist","description":"Sm\u00e5 diskrete tobakspastiller med naturligt nikotin indhold","publisher":{"@id":"https:\/\/oliver-twist.dk\/en\/#organization"},"potentialAction":[{"@type":"SearchAction","target":{"@type":"EntryPoint","urlTemplate":"https:\/\/oliver-twist.dk\/en\/?s={search_term_string}"},"query-input":{"@type":"PropertyValueSpecification","valueRequired":true,"valueName":"search_term_string"}}],"inLanguage":"sv-SE"},{"@type":"Organization","@id":"https:\/\/oliver-twist.dk\/en\/#organization","name":"House of Oliver Twist","url":"https:\/\/oliver-twist.dk\/en\/","logo":{"@type":"ImageObject","inLanguage":"sv-SE","@id":"https:\/\/oliver-twist.dk\/en\/#\/schema\/logo\/image\/","url":"https:\/\/oliver-twist.dk\/wp-content\/uploads\/2020\/09\/Oliver-Twist_Sort-PNG-1.png","contentUrl":"https:\/\/oliver-twist.dk\/wp-content\/uploads\/2020\/09\/Oliver-Twist_Sort-PNG-1.png","width":774,"height":236,"caption":"House of Oliver Twist"},"image":{"@id":"https:\/\/oliver-twist.dk\/en\/#\/schema\/logo\/image\/"},"sameAs":["https:\/\/www.facebook.com\/HouseofOliverTwist\/","https:\/\/www.linkedin.com\/company\/house-of-oliver-twist\/","https:\/\/www.youtube.com\/channel\/UCnHIfJXeHCZHCcWjKW_fVCg"]}]}},"_links":{"self":[{"href":"https:\/\/oliver-twist.dk\/sv\/wp-json\/wp\/v2\/pages\/852","targetHints":{"allow":["GET"]}}],"collection":[{"href":"https:\/\/oliver-twist.dk\/sv\/wp-json\/wp\/v2\/pages"}],"about":[{"href":"https:\/\/oliver-twist.dk\/sv\/wp-json\/wp\/v2\/types\/page"}],"author":[{"embeddable":true,"href":"https:\/\/oliver-twist.dk\/sv\/wp-json\/wp\/v2\/users\/5"}],"replies":[{"embeddable":true,"href":"https:\/\/oliver-twist.dk\/sv\/wp-json\/wp\/v2\/comments?post=852"}],"version-history":[{"count":6,"href":"https:\/\/oliver-twist.dk\/sv\/wp-json\/wp\/v2\/pages\/852\/revisions"}],"predecessor-version":[{"id":13725,"href":"https:\/\/oliver-twist.dk\/sv\/wp-json\/wp\/v2\/pages\/852\/revisions\/13725"}],"wp:attachment":[{"href":"https:\/\/oliver-twist.dk\/sv\/wp-json\/wp\/v2\/media?parent=852"}],"curies":[{"name":"wp","href":"https:\/\/api.w.org\/{rel}","templated":true}]}}