{"id":4403,"date":"2019-02-07T15:10:57","date_gmt":"2019-02-07T14:10:57","guid":{"rendered":"https:\/\/oliver-twist.dk\/?page_id=4403"},"modified":"2019-02-20T15:05:38","modified_gmt":"2019-02-20T14:05:38","slug":"dina-rattigheter","status":"publish","type":"page","link":"https:\/\/oliver-twist.dk\/sv\/information-om-personuppgifter\/dina-rattigheter\/","title":{"rendered":"R\u00e4ttigheter"},"content":{"rendered":"<h2>Du har vissa specifika lagstadgade r\u00e4ttigheter som du kan g\u00f6ra g\u00e4llande mot oss. Nedan f\u00f6ljer en sammanfattning av dessa r\u00e4ttigheter.<\/h2>\n<h3><strong>R\u00e4tt till tillg\u00e5ng\/registerutdrag<\/strong><\/h3>\n<p>Du har r\u00e4tt att f\u00e5 veta vilka personuppgifter vi behandlar om dig. P\u00e5 beg\u00e4ran fr\u00e5n dig tillhandah\u00e5ller vi skriftlig information om v\u00e5r behandling om dina personuppgifter utan kostnad.<\/p>\n<h3><strong>R\u00e4tt till dataportabilitet<\/strong><\/h3>\n<p>Du har r\u00e4tt att beg\u00e4ra en kopia av de personuppgifter som du har tillhandah\u00e5llit oss i ett strukturerat, allm\u00e4nt anv\u00e4nt och maskinl\u00e4sbart format. Under f\u00f6ruts\u00e4ttning att det \u00e4r tekniskt m\u00f6jligt, vilket avg\u00f6rs av Oliver Twist, har du \u00e4ven r\u00e4tt att beg\u00e4ra att vi \u00f6verf\u00f6r dessa personuppgifter till en annan personuppgiftsansvarig. R\u00e4tten till dataportabilitet g\u00e4ller f\u00f6r personuppgifter som behandlas p\u00e5 automatiserad v\u00e4g och som grundas p\u00e5 ett avtal med dig eller ditt samtycke.<\/p>\n<h3><strong>R\u00e4ttelse av felaktiga uppgifter<\/strong><\/h3>\n<p>Du har r\u00e4tt att beg\u00e4ra att vi korrigerar felaktig eller ofullst\u00e4ndig information om dig sj\u00e4lv.<\/p>\n<h3><strong>Radering av vissa uppgifter<\/strong><\/h3>\n<p>Du har r\u00e4tt att beg\u00e4ra att vi raderar dina personuppgifter under vissa f\u00f6ruts\u00e4ttningar, t.ex. om personuppgifterna inte l\u00e4ngre \u00e4r n\u00f6dv\u00e4ndiga f\u00f6r det \u00e4ndam\u00e5l som vi samlade in personuppgifterna f\u00f6r, om behandlingen baseras p\u00e5 ditt samtycke och du har \u00e5terkallat s\u00e5dant samtycke, om du inv\u00e4nder mot en intresseavv\u00e4gning av ber\u00e4ttigat intresse som vi har gjort och det saknas st\u00f6d f\u00f6r v\u00e5rt ber\u00e4ttigade intresse, om personuppgifternas behandlas p\u00e5 ett olagligt s\u00e4tt eller om personuppgifterna m\u00e5ste raderas f\u00f6r att uppfylla en r\u00e4ttslig f\u00f6rpliktelse.<\/p>\n<p>Trots din beg\u00e4ran om radering m\u00e5ste vi i vissa fall \u00e4nd\u00e5 spara dina personuppgifter pga. lagkrav s\u00e5som bokf\u00f6rings- och skattelagstiftning eller t.ex. om vi m\u00e5ste beh\u00e5lla vissa uppgifter f\u00f6r att kunna fastst\u00e4lla, g\u00f6ra g\u00e4llande eller f\u00f6rsvara r\u00e4ttsligt anspr\u00e5k.<\/p>\n<h3><strong>R\u00e4tt till begr\u00e4nsning av behandling dina personuppgifter<\/strong><\/h3>\n<p><strong>\u00a0<\/strong>Du har r\u00e4tt att beg\u00e4ra en begr\u00e4nsning av v\u00e5r behandling av dina personuppgifter i vissa fall. Om du exempelvis har bestridit att dina personuppgifter \u00e4r korrekta, kan du beg\u00e4ra begr\u00e4nsning av behandlingen under en tid som ger oss m\u00f6jlighet att kontrollera om personuppgifterna \u00e4r korrekta.<\/p>\n<h3><strong>R\u00e4tt att g\u00f6ra inv\u00e4ndningar mot v\u00e5r behandling av personuppgifter<\/strong><\/h3>\n<p>Du har r\u00e4tt att under vissa f\u00f6ruts\u00e4ttningar inv\u00e4nda mot v\u00e5r behandling av dina personuppgifter.<\/p>\n<p>Du har r\u00e4tt att inv\u00e4nda mot behandlingar som st\u00f6djer sig p\u00e5 den r\u00e4ttsliga grunden v\u00e5rt ber\u00e4ttigade intresse. Vi f\u00e5r dock forts\u00e4tta att behandla dina uppgifter, trots att du har motsatt dig behandlingen, om vi har tvingande ber\u00e4ttigade sk\u00e4l f\u00f6r behandlingen som \u00f6verv\u00e4ger ditt integritetsintresse.<\/p>\n","protected":false},"excerpt":{"rendered":"<p>Du har vissa specifika lagstadgade r\u00e4ttigheter som du kan g\u00f6ra g\u00e4llande mot oss. Nedan f\u00f6ljer en sammanfattning av dessa r\u00e4ttigheter. R\u00e4tt till tillg\u00e5ng\/registerutdrag Du har r\u00e4tt att f\u00e5 veta vilka personuppgifter vi behandlar om dig. P\u00e5 beg\u00e4ran fr\u00e5n dig tillhandah\u00e5ller vi skriftlig information om v\u00e5r behandling om dina personuppgifter utan kostnad. R\u00e4tt till dataportabilitet Du [&hellip;]<\/p>\n","protected":false},"author":5,"featured_media":0,"parent":4381,"menu_order":106,"comment_status":"closed","ping_status":"closed","template":"templates\/tekst-undermenu.php","meta":{"_acf_changed":false,"footnotes":""},"class_list":["post-4403","page","type-page","status-publish","hentry"],"acf":[],"yoast_head":"<!-- This site is optimized with the Yoast SEO Premium plugin v27.0 (Yoast SEO v27.0) - https:\/\/yoast.com\/product\/yoast-seo-premium-wordpress\/ -->\n<title>R\u00e4ttigheter | Oliver Twist<\/title>\n<meta name=\"robots\" content=\"index, follow, max-snippet:-1, max-image-preview:large, max-video-preview:-1\" \/>\n<link rel=\"canonical\" href=\"https:\/\/oliver-twist.dk\/sv\/information-om-personuppgifter\/dina-rattigheter\/\" \/>\n<meta property=\"og:locale\" content=\"sv_SE\" \/>\n<meta property=\"og:type\" content=\"article\" \/>\n<meta property=\"og:title\" content=\"R\u00e4ttigheter\" \/>\n<meta property=\"og:description\" content=\"Du har vissa specifika lagstadgade r\u00e4ttigheter som du kan g\u00f6ra g\u00e4llande mot oss. Nedan f\u00f6ljer en sammanfattning av dessa r\u00e4ttigheter. R\u00e4tt till tillg\u00e5ng\/registerutdrag Du har r\u00e4tt att f\u00e5 veta vilka personuppgifter vi behandlar om dig. P\u00e5 beg\u00e4ran fr\u00e5n dig tillhandah\u00e5ller vi skriftlig information om v\u00e5r behandling om dina personuppgifter utan kostnad. R\u00e4tt till dataportabilitet Du [&hellip;]\" \/>\n<meta property=\"og:url\" content=\"https:\/\/oliver-twist.dk\/sv\/information-om-personuppgifter\/dina-rattigheter\/\" \/>\n<meta property=\"og:site_name\" content=\"Oliver Twist\" \/>\n<meta property=\"article:publisher\" content=\"https:\/\/www.facebook.com\/HouseofOliverTwist\/\" \/>\n<meta property=\"article:modified_time\" content=\"2019-02-20T14:05:38+00:00\" \/>\n<meta name=\"twitter:card\" content=\"summary_large_image\" \/>\n<meta name=\"twitter:label1\" content=\"Ber\u00e4knad l\u00e4stid\" \/>\n\t<meta name=\"twitter:data1\" content=\"2 minuter\" \/>\n<script type=\"application\/ld+json\" class=\"yoast-schema-graph\">{\"@context\":\"https:\/\/schema.org\",\"@graph\":[{\"@type\":\"WebPage\",\"@id\":\"https:\/\/oliver-twist.dk\/sv\/information-om-personuppgifter\/dina-rattigheter\/\",\"url\":\"https:\/\/oliver-twist.dk\/sv\/information-om-personuppgifter\/dina-rattigheter\/\",\"name\":\"R\u00e4ttigheter | Oliver Twist\",\"isPartOf\":{\"@id\":\"https:\/\/oliver-twist.dk\/en\/#website\"},\"datePublished\":\"2019-02-07T14:10:57+00:00\",\"dateModified\":\"2019-02-20T14:05:38+00:00\",\"breadcrumb\":{\"@id\":\"https:\/\/oliver-twist.dk\/sv\/information-om-personuppgifter\/dina-rattigheter\/#breadcrumb\"},\"inLanguage\":\"sv-SE\",\"potentialAction\":[{\"@type\":\"ReadAction\",\"target\":[\"https:\/\/oliver-twist.dk\/sv\/information-om-personuppgifter\/dina-rattigheter\/\"]}]},{\"@type\":\"BreadcrumbList\",\"@id\":\"https:\/\/oliver-twist.dk\/sv\/information-om-personuppgifter\/dina-rattigheter\/#breadcrumb\",\"itemListElement\":[{\"@type\":\"ListItem\",\"position\":1,\"name\":\"Startseite\",\"item\":\"https:\/\/oliver-twist.dk\/sv\/\"},{\"@type\":\"ListItem\",\"position\":2,\"name\":\"Information om personuppgifter\",\"item\":\"https:\/\/oliver-twist.dk\/sv\/information-om-personuppgifter\/\"},{\"@type\":\"ListItem\",\"position\":3,\"name\":\"R\u00e4ttigheter\"}]},{\"@type\":\"WebSite\",\"@id\":\"https:\/\/oliver-twist.dk\/en\/#website\",\"url\":\"https:\/\/oliver-twist.dk\/en\/\",\"name\":\"Oliver Twist\",\"description\":\"Sm\u00e5 diskrete tobakspastiller med naturligt nikotin indhold\",\"publisher\":{\"@id\":\"https:\/\/oliver-twist.dk\/en\/#organization\"},\"potentialAction\":[{\"@type\":\"SearchAction\",\"target\":{\"@type\":\"EntryPoint\",\"urlTemplate\":\"https:\/\/oliver-twist.dk\/en\/?s={search_term_string}\"},\"query-input\":{\"@type\":\"PropertyValueSpecification\",\"valueRequired\":true,\"valueName\":\"search_term_string\"}}],\"inLanguage\":\"sv-SE\"},{\"@type\":\"Organization\",\"@id\":\"https:\/\/oliver-twist.dk\/en\/#organization\",\"name\":\"House of Oliver Twist\",\"url\":\"https:\/\/oliver-twist.dk\/en\/\",\"logo\":{\"@type\":\"ImageObject\",\"inLanguage\":\"sv-SE\",\"@id\":\"https:\/\/oliver-twist.dk\/en\/#\/schema\/logo\/image\/\",\"url\":\"https:\/\/oliver-twist.dk\/wp-content\/uploads\/2020\/09\/Oliver-Twist_Sort-PNG-1.png\",\"contentUrl\":\"https:\/\/oliver-twist.dk\/wp-content\/uploads\/2020\/09\/Oliver-Twist_Sort-PNG-1.png\",\"width\":774,\"height\":236,\"caption\":\"House of Oliver Twist\"},\"image\":{\"@id\":\"https:\/\/oliver-twist.dk\/en\/#\/schema\/logo\/image\/\"},\"sameAs\":[\"https:\/\/www.facebook.com\/HouseofOliverTwist\/\",\"https:\/\/www.linkedin.com\/company\/house-of-oliver-twist\/\",\"https:\/\/www.youtube.com\/channel\/UCnHIfJXeHCZHCcWjKW_fVCg\"]}]}<\/script>\n<!-- \/ Yoast SEO Premium plugin. -->","yoast_head_json":{"title":"R\u00e4ttigheter | Oliver Twist","robots":{"index":"index","follow":"follow","max-snippet":"max-snippet:-1","max-image-preview":"max-image-preview:large","max-video-preview":"max-video-preview:-1"},"canonical":"https:\/\/oliver-twist.dk\/sv\/information-om-personuppgifter\/dina-rattigheter\/","og_locale":"sv_SE","og_type":"article","og_title":"R\u00e4ttigheter","og_description":"Du har vissa specifika lagstadgade r\u00e4ttigheter som du kan g\u00f6ra g\u00e4llande mot oss. Nedan f\u00f6ljer en sammanfattning av dessa r\u00e4ttigheter. R\u00e4tt till tillg\u00e5ng\/registerutdrag Du har r\u00e4tt att f\u00e5 veta vilka personuppgifter vi behandlar om dig. P\u00e5 beg\u00e4ran fr\u00e5n dig tillhandah\u00e5ller vi skriftlig information om v\u00e5r behandling om dina personuppgifter utan kostnad. R\u00e4tt till dataportabilitet Du [&hellip;]","og_url":"https:\/\/oliver-twist.dk\/sv\/information-om-personuppgifter\/dina-rattigheter\/","og_site_name":"Oliver Twist","article_publisher":"https:\/\/www.facebook.com\/HouseofOliverTwist\/","article_modified_time":"2019-02-20T14:05:38+00:00","twitter_card":"summary_large_image","twitter_misc":{"Ber\u00e4knad l\u00e4stid":"2 minuter"},"schema":{"@context":"https:\/\/schema.org","@graph":[{"@type":"WebPage","@id":"https:\/\/oliver-twist.dk\/sv\/information-om-personuppgifter\/dina-rattigheter\/","url":"https:\/\/oliver-twist.dk\/sv\/information-om-personuppgifter\/dina-rattigheter\/","name":"R\u00e4ttigheter | Oliver Twist","isPartOf":{"@id":"https:\/\/oliver-twist.dk\/en\/#website"},"datePublished":"2019-02-07T14:10:57+00:00","dateModified":"2019-02-20T14:05:38+00:00","breadcrumb":{"@id":"https:\/\/oliver-twist.dk\/sv\/information-om-personuppgifter\/dina-rattigheter\/#breadcrumb"},"inLanguage":"sv-SE","potentialAction":[{"@type":"ReadAction","target":["https:\/\/oliver-twist.dk\/sv\/information-om-personuppgifter\/dina-rattigheter\/"]}]},{"@type":"BreadcrumbList","@id":"https:\/\/oliver-twist.dk\/sv\/information-om-personuppgifter\/dina-rattigheter\/#breadcrumb","itemListElement":[{"@type":"ListItem","position":1,"name":"Startseite","item":"https:\/\/oliver-twist.dk\/sv\/"},{"@type":"ListItem","position":2,"name":"Information om personuppgifter","item":"https:\/\/oliver-twist.dk\/sv\/information-om-personuppgifter\/"},{"@type":"ListItem","position":3,"name":"R\u00e4ttigheter"}]},{"@type":"WebSite","@id":"https:\/\/oliver-twist.dk\/en\/#website","url":"https:\/\/oliver-twist.dk\/en\/","name":"Oliver Twist","description":"Sm\u00e5 diskrete tobakspastiller med naturligt nikotin indhold","publisher":{"@id":"https:\/\/oliver-twist.dk\/en\/#organization"},"potentialAction":[{"@type":"SearchAction","target":{"@type":"EntryPoint","urlTemplate":"https:\/\/oliver-twist.dk\/en\/?s={search_term_string}"},"query-input":{"@type":"PropertyValueSpecification","valueRequired":true,"valueName":"search_term_string"}}],"inLanguage":"sv-SE"},{"@type":"Organization","@id":"https:\/\/oliver-twist.dk\/en\/#organization","name":"House of Oliver Twist","url":"https:\/\/oliver-twist.dk\/en\/","logo":{"@type":"ImageObject","inLanguage":"sv-SE","@id":"https:\/\/oliver-twist.dk\/en\/#\/schema\/logo\/image\/","url":"https:\/\/oliver-twist.dk\/wp-content\/uploads\/2020\/09\/Oliver-Twist_Sort-PNG-1.png","contentUrl":"https:\/\/oliver-twist.dk\/wp-content\/uploads\/2020\/09\/Oliver-Twist_Sort-PNG-1.png","width":774,"height":236,"caption":"House of Oliver Twist"},"image":{"@id":"https:\/\/oliver-twist.dk\/en\/#\/schema\/logo\/image\/"},"sameAs":["https:\/\/www.facebook.com\/HouseofOliverTwist\/","https:\/\/www.linkedin.com\/company\/house-of-oliver-twist\/","https:\/\/www.youtube.com\/channel\/UCnHIfJXeHCZHCcWjKW_fVCg"]}]}},"_links":{"self":[{"href":"https:\/\/oliver-twist.dk\/sv\/wp-json\/wp\/v2\/pages\/4403","targetHints":{"allow":["GET"]}}],"collection":[{"href":"https:\/\/oliver-twist.dk\/sv\/wp-json\/wp\/v2\/pages"}],"about":[{"href":"https:\/\/oliver-twist.dk\/sv\/wp-json\/wp\/v2\/types\/page"}],"author":[{"embeddable":true,"href":"https:\/\/oliver-twist.dk\/sv\/wp-json\/wp\/v2\/users\/5"}],"replies":[{"embeddable":true,"href":"https:\/\/oliver-twist.dk\/sv\/wp-json\/wp\/v2\/comments?post=4403"}],"version-history":[{"count":3,"href":"https:\/\/oliver-twist.dk\/sv\/wp-json\/wp\/v2\/pages\/4403\/revisions"}],"predecessor-version":[{"id":4497,"href":"https:\/\/oliver-twist.dk\/sv\/wp-json\/wp\/v2\/pages\/4403\/revisions\/4497"}],"up":[{"embeddable":true,"href":"https:\/\/oliver-twist.dk\/sv\/wp-json\/wp\/v2\/pages\/4381"}],"wp:attachment":[{"href":"https:\/\/oliver-twist.dk\/sv\/wp-json\/wp\/v2\/media?parent=4403"}],"curies":[{"name":"wp","href":"https:\/\/api.w.org\/{rel}","templated":true}]}}