{"id":4400,"date":"2019-02-07T15:08:55","date_gmt":"2019-02-07T14:08:55","guid":{"rendered":"https:\/\/oliver-twist.dk\/?page_id=4400"},"modified":"2019-02-20T15:04:51","modified_gmt":"2019-02-20T14:04:51","slug":"kundtjanst","status":"publish","type":"page","link":"https:\/\/oliver-twist.dk\/sv\/information-om-personuppgifter\/kundtjanst\/","title":{"rendered":"Kundtj\u00e4nst"},"content":{"rendered":"<h3>Vilka personuppgifter och varf\u00f6r?<\/h3>\n<p>N\u00e4r du kontaktar kundservice behandlar vi de personuppgifter som du delger till oss.<\/p>\n<p><strong>\u00c4ndam\u00e5let<\/strong> med att vi behandlar dina personuppgifter \u00e4r att vi ska kunna administrera ditt kundtj\u00e4nst\u00e4rende.<\/p>\n<p><strong>V\u00e5ra r\u00e4ttsliga grunder<\/strong> f\u00f6r behandlingen \u00e4r v\u00e5rt ber\u00e4ttigade intresse av att administrera ditt kundtj\u00e4nst\u00e4rende samt kunna ge dig bra service. Dina uppgifter kan ocks\u00e5 i \u00f6vrigt komma att behandlas f\u00f6r att vi ska kunna fullg\u00f6ra v\u00e5ra r\u00e4ttsliga f\u00f6rpliktelser enlig lag, s\u00e5som t.ex. produkts\u00e4kerhetslagen.<\/p>\n<h3>Hur l\u00e4nge sparar vi uppgifterna?<\/h3>\n<p>Vi sparar dina uppgifter s\u00e5 l\u00e4nge som kundtj\u00e4nst\u00e4rendet (anspr\u00e5k, klagom\u00e5l etc.) p\u00e5g\u00e5r och raderar uppgifterna tv\u00e5 \u00e5r efter att \u00e4rendet avslutats.<\/p>\n<p>Vi kan ocks\u00e5 komma att spara dina personuppgifter under l\u00e4ngre tid om det \u00e4r n\u00f6dv\u00e4ndigt f\u00f6r att vi ska kunna fastst\u00e4lla, g\u00f6ra g\u00e4llande eller f\u00f6rsvara r\u00e4ttsliga anspr\u00e5k.<\/p>\n<h3>Vem delar vi dina personuppgifter till?<\/h3>\n<p>Oliver Twist kan komma att dela dina personuppgifter till andra f\u00f6retag inom den koncern i vilken Oliver Twist ing\u00e5r samt samarbetspartners vid t.ex. tillhandh\u00e5llande av IT-tj\u00e4nster. Dessa mottagare behandlar endast dina personuppgifter f\u00f6r v\u00e5r r\u00e4kning och enligt v\u00e5ra instruktioner. Oliver Twist vidtar alla l\u00e4mpliga legala, tekniska och organisatoriska \u00e5tg\u00e4rder f\u00f6r att s\u00e4kerst\u00e4lla att dina personuppgifter hanteras s\u00e4kert och med en adekvat skyddsniv\u00e5 vid \u00f6verf\u00f6ring till eller delning med s\u00e5dana utvalda mottagare.<\/p>\n<p>Oliver Twist kan ocks\u00e5 komma att dela dina personuppgifter till andra f\u00f6retag som behandlar dina personuppgifter sj\u00e4lvst\u00e4ndigt utan att vi styr hur personuppgifterna behandlas. Vi l\u00e4mnar endast ut dina uppgifter till s\u00e5dana f\u00f6retag f\u00f6r att kunna uppfylla v\u00e5ra \u00e5taganden mot dig. N\u00e4r dina personuppgifter delas med s\u00e5dana f\u00f6retag som \u00e4r sj\u00e4lvst\u00e4ndigt personuppgiftsansvariga hanteras dina personuppgifter i enlighet med vad som anges i det f\u00f6retagets information om personuppgifter.<\/p>\n<p>Oliver Twist kan ocks\u00e5 komma att dela dina personuppgifter till myndigheter om vi \u00e4r skyldiga enligt lag att g\u00f6ra det eller vid misstanke om brott.<\/p>\n<h3>Var behandlar vi dina personuppgifter?<\/h3>\n<p>Dina personuppgifter kommer huvudsakligen att behandlas inom EU\/EES, men kan \u00e4ven komma att \u00f6verf\u00f6ras till ett land utanf\u00f6r EU\/EES s\u00e5som USA, t.ex. om vi delar dina uppgifter med andra f\u00f6retag inom den koncern i vilken Oliver Twist ing\u00e5r.<\/p>\n<p>Oliver Twist l\u00e4mnar endast ut dina personuppgifter till ett land utanf\u00f6r EU\/EES om det finns r\u00e4ttslig grund och tillr\u00e4ckliga garantier f\u00f6r att dina personuppgifter behandlas p\u00e5 ett lagligt s\u00e4tt. Oliver Twist vidtar i s\u00e5 fall alla l\u00e4mpliga legala, tekniska och organisatoriska \u00e5tg\u00e4rder f\u00f6r att s\u00e4kerst\u00e4lla att dina personuppgifter hanteras s\u00e4kert och med en adekvat skyddsniv\u00e5 j\u00e4mf\u00f6rbar med och i samma niv\u00e5 som det skydd som erbjuds inom EU\/EES.<\/p>\n<h3>Hur skyddar vi dina personuppgifter?<\/h3>\n<p>Oliver Twist vidtar de s\u00e4kerhets\u00e5tg\u00e4rder som beh\u00f6vs f\u00f6r att skydda dina personuppgifter.<\/p>\n<h3>Vilka \u00e4r dina r\u00e4ttigheter?<\/h3>\n<p><a href=\"https:\/\/oliver-twist.dk\/sv\/information-om-personuppgifter\/dina-rattigheter\/\">L\u00e4s om dina r\u00e4ttigheter h\u00e4r.<\/a><\/p>\n<h3>Kontakt, fr\u00e5gor och klagom\u00e5l<\/h3>\n<p><a href=\"https:\/\/oliver-twist.dk\/sv\/information-om-personuppgifter\/kontakt-och-klagomaal\/\">L\u00e4s om hur du bl.a. kontaktar Oliver Twist h\u00e4r.<\/a><\/p>\n","protected":false},"excerpt":{"rendered":"<p>Vilka personuppgifter och varf\u00f6r? N\u00e4r du kontaktar kundservice behandlar vi de personuppgifter som du delger till oss. \u00c4ndam\u00e5let med att vi behandlar dina personuppgifter \u00e4r att vi ska kunna administrera ditt kundtj\u00e4nst\u00e4rende. V\u00e5ra r\u00e4ttsliga grunder f\u00f6r behandlingen \u00e4r v\u00e5rt ber\u00e4ttigade intresse av att administrera ditt kundtj\u00e4nst\u00e4rende samt kunna ge dig bra service. Dina uppgifter kan [&hellip;]<\/p>\n","protected":false},"author":5,"featured_media":0,"parent":4381,"menu_order":96,"comment_status":"closed","ping_status":"closed","template":"templates\/tekst-undermenu.php","meta":{"_acf_changed":false,"footnotes":""},"class_list":["post-4400","page","type-page","status-publish","hentry"],"acf":[],"yoast_head":"<!-- This site is optimized with the Yoast SEO Premium plugin v27.0 (Yoast SEO v27.0) - https:\/\/yoast.com\/product\/yoast-seo-premium-wordpress\/ -->\n<title>Kundtj\u00e4nst | Oliver Twist<\/title>\n<meta name=\"robots\" content=\"index, follow, max-snippet:-1, max-image-preview:large, max-video-preview:-1\" \/>\n<link rel=\"canonical\" href=\"https:\/\/oliver-twist.dk\/sv\/information-om-personuppgifter\/kundtjanst\/\" \/>\n<meta property=\"og:locale\" content=\"sv_SE\" \/>\n<meta property=\"og:type\" content=\"article\" \/>\n<meta property=\"og:title\" content=\"Kundtj\u00e4nst\" \/>\n<meta property=\"og:description\" content=\"Vilka personuppgifter och varf\u00f6r? N\u00e4r du kontaktar kundservice behandlar vi de personuppgifter som du delger till oss. \u00c4ndam\u00e5let med att vi behandlar dina personuppgifter \u00e4r att vi ska kunna administrera ditt kundtj\u00e4nst\u00e4rende. V\u00e5ra r\u00e4ttsliga grunder f\u00f6r behandlingen \u00e4r v\u00e5rt ber\u00e4ttigade intresse av att administrera ditt kundtj\u00e4nst\u00e4rende samt kunna ge dig bra service. Dina uppgifter kan [&hellip;]\" \/>\n<meta property=\"og:url\" content=\"https:\/\/oliver-twist.dk\/sv\/information-om-personuppgifter\/kundtjanst\/\" \/>\n<meta property=\"og:site_name\" content=\"Oliver Twist\" \/>\n<meta property=\"article:publisher\" content=\"https:\/\/www.facebook.com\/HouseofOliverTwist\/\" \/>\n<meta property=\"article:modified_time\" content=\"2019-02-20T14:04:51+00:00\" \/>\n<meta name=\"twitter:card\" content=\"summary_large_image\" \/>\n<meta name=\"twitter:label1\" content=\"Ber\u00e4knad l\u00e4stid\" \/>\n\t<meta name=\"twitter:data1\" content=\"3 minuter\" \/>\n<script type=\"application\/ld+json\" class=\"yoast-schema-graph\">{\"@context\":\"https:\/\/schema.org\",\"@graph\":[{\"@type\":\"WebPage\",\"@id\":\"https:\/\/oliver-twist.dk\/sv\/information-om-personuppgifter\/kundtjanst\/\",\"url\":\"https:\/\/oliver-twist.dk\/sv\/information-om-personuppgifter\/kundtjanst\/\",\"name\":\"Kundtj\u00e4nst | Oliver Twist\",\"isPartOf\":{\"@id\":\"https:\/\/oliver-twist.dk\/en\/#website\"},\"datePublished\":\"2019-02-07T14:08:55+00:00\",\"dateModified\":\"2019-02-20T14:04:51+00:00\",\"breadcrumb\":{\"@id\":\"https:\/\/oliver-twist.dk\/sv\/information-om-personuppgifter\/kundtjanst\/#breadcrumb\"},\"inLanguage\":\"sv-SE\",\"potentialAction\":[{\"@type\":\"ReadAction\",\"target\":[\"https:\/\/oliver-twist.dk\/sv\/information-om-personuppgifter\/kundtjanst\/\"]}]},{\"@type\":\"BreadcrumbList\",\"@id\":\"https:\/\/oliver-twist.dk\/sv\/information-om-personuppgifter\/kundtjanst\/#breadcrumb\",\"itemListElement\":[{\"@type\":\"ListItem\",\"position\":1,\"name\":\"Startseite\",\"item\":\"https:\/\/oliver-twist.dk\/sv\/\"},{\"@type\":\"ListItem\",\"position\":2,\"name\":\"Information om personuppgifter\",\"item\":\"https:\/\/oliver-twist.dk\/sv\/information-om-personuppgifter\/\"},{\"@type\":\"ListItem\",\"position\":3,\"name\":\"Kundtj\u00e4nst\"}]},{\"@type\":\"WebSite\",\"@id\":\"https:\/\/oliver-twist.dk\/en\/#website\",\"url\":\"https:\/\/oliver-twist.dk\/en\/\",\"name\":\"Oliver Twist\",\"description\":\"Sm\u00e5 diskrete tobakspastiller med naturligt nikotin indhold\",\"publisher\":{\"@id\":\"https:\/\/oliver-twist.dk\/en\/#organization\"},\"potentialAction\":[{\"@type\":\"SearchAction\",\"target\":{\"@type\":\"EntryPoint\",\"urlTemplate\":\"https:\/\/oliver-twist.dk\/en\/?s={search_term_string}\"},\"query-input\":{\"@type\":\"PropertyValueSpecification\",\"valueRequired\":true,\"valueName\":\"search_term_string\"}}],\"inLanguage\":\"sv-SE\"},{\"@type\":\"Organization\",\"@id\":\"https:\/\/oliver-twist.dk\/en\/#organization\",\"name\":\"House of Oliver Twist\",\"url\":\"https:\/\/oliver-twist.dk\/en\/\",\"logo\":{\"@type\":\"ImageObject\",\"inLanguage\":\"sv-SE\",\"@id\":\"https:\/\/oliver-twist.dk\/en\/#\/schema\/logo\/image\/\",\"url\":\"https:\/\/oliver-twist.dk\/wp-content\/uploads\/2020\/09\/Oliver-Twist_Sort-PNG-1.png\",\"contentUrl\":\"https:\/\/oliver-twist.dk\/wp-content\/uploads\/2020\/09\/Oliver-Twist_Sort-PNG-1.png\",\"width\":774,\"height\":236,\"caption\":\"House of Oliver Twist\"},\"image\":{\"@id\":\"https:\/\/oliver-twist.dk\/en\/#\/schema\/logo\/image\/\"},\"sameAs\":[\"https:\/\/www.facebook.com\/HouseofOliverTwist\/\",\"https:\/\/www.linkedin.com\/company\/house-of-oliver-twist\/\",\"https:\/\/www.youtube.com\/channel\/UCnHIfJXeHCZHCcWjKW_fVCg\"]}]}<\/script>\n<!-- \/ Yoast SEO Premium plugin. -->","yoast_head_json":{"title":"Kundtj\u00e4nst | Oliver Twist","robots":{"index":"index","follow":"follow","max-snippet":"max-snippet:-1","max-image-preview":"max-image-preview:large","max-video-preview":"max-video-preview:-1"},"canonical":"https:\/\/oliver-twist.dk\/sv\/information-om-personuppgifter\/kundtjanst\/","og_locale":"sv_SE","og_type":"article","og_title":"Kundtj\u00e4nst","og_description":"Vilka personuppgifter och varf\u00f6r? N\u00e4r du kontaktar kundservice behandlar vi de personuppgifter som du delger till oss. \u00c4ndam\u00e5let med att vi behandlar dina personuppgifter \u00e4r att vi ska kunna administrera ditt kundtj\u00e4nst\u00e4rende. V\u00e5ra r\u00e4ttsliga grunder f\u00f6r behandlingen \u00e4r v\u00e5rt ber\u00e4ttigade intresse av att administrera ditt kundtj\u00e4nst\u00e4rende samt kunna ge dig bra service. Dina uppgifter kan [&hellip;]","og_url":"https:\/\/oliver-twist.dk\/sv\/information-om-personuppgifter\/kundtjanst\/","og_site_name":"Oliver Twist","article_publisher":"https:\/\/www.facebook.com\/HouseofOliverTwist\/","article_modified_time":"2019-02-20T14:04:51+00:00","twitter_card":"summary_large_image","twitter_misc":{"Ber\u00e4knad l\u00e4stid":"3 minuter"},"schema":{"@context":"https:\/\/schema.org","@graph":[{"@type":"WebPage","@id":"https:\/\/oliver-twist.dk\/sv\/information-om-personuppgifter\/kundtjanst\/","url":"https:\/\/oliver-twist.dk\/sv\/information-om-personuppgifter\/kundtjanst\/","name":"Kundtj\u00e4nst | Oliver Twist","isPartOf":{"@id":"https:\/\/oliver-twist.dk\/en\/#website"},"datePublished":"2019-02-07T14:08:55+00:00","dateModified":"2019-02-20T14:04:51+00:00","breadcrumb":{"@id":"https:\/\/oliver-twist.dk\/sv\/information-om-personuppgifter\/kundtjanst\/#breadcrumb"},"inLanguage":"sv-SE","potentialAction":[{"@type":"ReadAction","target":["https:\/\/oliver-twist.dk\/sv\/information-om-personuppgifter\/kundtjanst\/"]}]},{"@type":"BreadcrumbList","@id":"https:\/\/oliver-twist.dk\/sv\/information-om-personuppgifter\/kundtjanst\/#breadcrumb","itemListElement":[{"@type":"ListItem","position":1,"name":"Startseite","item":"https:\/\/oliver-twist.dk\/sv\/"},{"@type":"ListItem","position":2,"name":"Information om personuppgifter","item":"https:\/\/oliver-twist.dk\/sv\/information-om-personuppgifter\/"},{"@type":"ListItem","position":3,"name":"Kundtj\u00e4nst"}]},{"@type":"WebSite","@id":"https:\/\/oliver-twist.dk\/en\/#website","url":"https:\/\/oliver-twist.dk\/en\/","name":"Oliver Twist","description":"Sm\u00e5 diskrete tobakspastiller med naturligt nikotin indhold","publisher":{"@id":"https:\/\/oliver-twist.dk\/en\/#organization"},"potentialAction":[{"@type":"SearchAction","target":{"@type":"EntryPoint","urlTemplate":"https:\/\/oliver-twist.dk\/en\/?s={search_term_string}"},"query-input":{"@type":"PropertyValueSpecification","valueRequired":true,"valueName":"search_term_string"}}],"inLanguage":"sv-SE"},{"@type":"Organization","@id":"https:\/\/oliver-twist.dk\/en\/#organization","name":"House of Oliver Twist","url":"https:\/\/oliver-twist.dk\/en\/","logo":{"@type":"ImageObject","inLanguage":"sv-SE","@id":"https:\/\/oliver-twist.dk\/en\/#\/schema\/logo\/image\/","url":"https:\/\/oliver-twist.dk\/wp-content\/uploads\/2020\/09\/Oliver-Twist_Sort-PNG-1.png","contentUrl":"https:\/\/oliver-twist.dk\/wp-content\/uploads\/2020\/09\/Oliver-Twist_Sort-PNG-1.png","width":774,"height":236,"caption":"House of Oliver Twist"},"image":{"@id":"https:\/\/oliver-twist.dk\/en\/#\/schema\/logo\/image\/"},"sameAs":["https:\/\/www.facebook.com\/HouseofOliverTwist\/","https:\/\/www.linkedin.com\/company\/house-of-oliver-twist\/","https:\/\/www.youtube.com\/channel\/UCnHIfJXeHCZHCcWjKW_fVCg"]}]}},"_links":{"self":[{"href":"https:\/\/oliver-twist.dk\/sv\/wp-json\/wp\/v2\/pages\/4400","targetHints":{"allow":["GET"]}}],"collection":[{"href":"https:\/\/oliver-twist.dk\/sv\/wp-json\/wp\/v2\/pages"}],"about":[{"href":"https:\/\/oliver-twist.dk\/sv\/wp-json\/wp\/v2\/types\/page"}],"author":[{"embeddable":true,"href":"https:\/\/oliver-twist.dk\/sv\/wp-json\/wp\/v2\/users\/5"}],"replies":[{"embeddable":true,"href":"https:\/\/oliver-twist.dk\/sv\/wp-json\/wp\/v2\/comments?post=4400"}],"version-history":[{"count":3,"href":"https:\/\/oliver-twist.dk\/sv\/wp-json\/wp\/v2\/pages\/4400\/revisions"}],"predecessor-version":[{"id":4411,"href":"https:\/\/oliver-twist.dk\/sv\/wp-json\/wp\/v2\/pages\/4400\/revisions\/4411"}],"up":[{"embeddable":true,"href":"https:\/\/oliver-twist.dk\/sv\/wp-json\/wp\/v2\/pages\/4381"}],"wp:attachment":[{"href":"https:\/\/oliver-twist.dk\/sv\/wp-json\/wp\/v2\/media?parent=4400"}],"curies":[{"name":"wp","href":"https:\/\/api.w.org\/{rel}","templated":true}]}}