{"id":4398,"date":"2019-02-07T15:03:56","date_gmt":"2019-02-07T14:03:56","guid":{"rendered":"https:\/\/oliver-twist.dk\/?page_id=4398"},"modified":"2019-02-20T15:05:09","modified_gmt":"2019-02-20T14:05:09","slug":"jobbsokande","status":"publish","type":"page","link":"https:\/\/oliver-twist.dk\/sv\/information-om-personuppgifter\/jobbsokande\/","title":{"rendered":"Jobbs\u00f6kande"},"content":{"rendered":"<h3>Vilka personuppgifter och varf\u00f6r?<\/h3>\n<p>Om du ans\u00f6ker om jobb eller praktik hos Oliver Twist behandlar vi de uppgifter som du delger oss i din ans\u00f6kan samt under rekryteringsprocessen. Uppgifterna omfattar ditt namn, adress, personnummer, kontaktuppgifter (e-postadress och telefonnummer), betyg, referenser, intyg och andra uppgifter du delger oss i ans\u00f6kan (s\u00e5som i ditt CV och personliga brev).<\/p>\n<p>De personuppgifter som behandlas samlas in direkt fr\u00e5n dig sj\u00e4lv i de fall du kontaktar Oliver Twist personligen eller via e-postmeddelande. Uppgifterna kan \u00e4ven komma att samlas in via n\u00e5got av de f\u00f6retag som Oliver Twist samarbetar med f\u00f6r genomf\u00f6rande av rekryteringar.<\/p>\n<p>F\u00f6r de fall du g\u00e5r vidare i en rekryteringsprocess kan vi \u00e4ven komma att genomf\u00f6ra en bakgrundskontroll om dig i samarbete med ett externt f\u00f6retag. Innan s\u00e5dan bakgrundskontroll genomf\u00f6rs kontaktar f\u00f6retaget dig och ber om ditt samtycke samt ger dig mer information om den aktuella behandlingen av dina personuppgifter.<\/p>\n<p><strong>V\u00e5ra r\u00e4ttsliga grunder <\/strong>f\u00f6r behandlingen av personuppgifter avseende dig som \u00e4r jobbs\u00f6kande hos oss \u00e4r v\u00e5ra ber\u00e4ttigade intressen att kunna ta del av din ans\u00f6kan och genomf\u00f6ra rekryteringsprocessen f\u00f6r den tj\u00e4nst du s\u00f6kt hos oss, ditt samtycke (i till\u00e4mpliga fall) samt f\u00f6r att fullg\u00f6ra v\u00e5ra skyldigheter och iaktta v\u00e5ra och\/eller dina r\u00e4ttigheter enligt arbetsr\u00e4tten s\u00e5som om vi skulle bli f\u00f6rem\u00e5l f\u00f6r anspr\u00e5k enligt arbetsr\u00e4ttslig lagstiftning.<\/p>\n<p><em>Med st\u00f6d av v\u00e5rt ber\u00e4ttigade intresse behandlas dina personuppgifter f\u00f6r \u00e4ndam\u00e5len att: <\/em><\/p>\n<ul>\n<li>g\u00e5 igenom dina ans\u00f6kningshandlingar (s\u00e5som CV, personligt brev, intyg och betyg)<\/li>\n<li>bed\u00f6ma hur v\u00e4l din ans\u00f6kan matchar utlyst tj\u00e4nst och g\u00f6ra \u00f6verv\u00e4ganden i f\u00f6rh\u00e5llande till andra kandidaters ans\u00f6kningar utifr\u00e5n kompetens, meriter, erfarenhet och studieresultat,<\/li>\n<li>administrera rekryteringsprocessen s\u00e5som f\u00f6r att kalla dig till intervju, ge dig ett anst\u00e4llningserbjudande eller meddela att du tyv\u00e4rr inte har f\u00e5tt tj\u00e4nsten.<\/li>\n<\/ul>\n<p>Med st\u00f6d av ditt samtycke behandlas dina personuppgifter f\u00f6r \u00e4ndam\u00e5let att spara dina uppgifter f\u00f6r eventuella framtida rekryteringsprocesser som kan passa f\u00f6r dig. V\u00e4nligen notera att om du har givit ditt samtycke har du alltid r\u00e4tt att n\u00e4r som helst ta tillbaka s\u00e5dant samtycke.<\/p>\n<h3>Hur l\u00e4nge sparar vi uppgifterna?<u><br \/>\n<\/u><\/h3>\n<p>Vi sparar dina personuppgifter under den tid det \u00e4r n\u00f6dv\u00e4ndigt f\u00f6r de \u00e4ndam\u00e5l som specificerats ovan. N\u00e4r de g\u00e4ller den del av v\u00e5r behandling av dina personuppgifter som grundar sig p\u00e5 v\u00e5rt ber\u00e4ttigade intresse behandlar vi som huvudregel inte dina personuppgifter efter avslutad rekryteringsprocess. F\u00f6r att kunna ta tillvara v\u00e5ra r\u00e4ttigheter enligt arbetsr\u00e4ttslig lagstiftning kan vi komma att beh\u00f6va spara ans\u00f6kningshandlingar \u00e4ven efter avslutad rekryteringsprocess under den tid som till\u00e5ts enligt till\u00e4mplig lagstiftning. Om vi kommer \u00f6verens med dig om att vi f\u00e5r spara dina personuppgifter f\u00f6r eventuella framtida rekryteringar sparar vi dem s\u00e5 l\u00e4nge du samtycker till det eller v\u00e5rt \u00e4ndam\u00e5l har upph\u00f6rt.<\/p>\n<p>Vi kan ocks\u00e5 komma att spara dina personuppgifter under l\u00e4ngre tid om det \u00e4r n\u00f6dv\u00e4ndigt f\u00f6r att vi ska kunna fastst\u00e4lla, g\u00f6ra g\u00e4llande eller f\u00f6rsvara r\u00e4ttsliga anspr\u00e5k.<\/p>\n<h3>Vem delar vi dina personuppgifter till?<\/h3>\n<p>Oliver Twist kan komma att dela dina personuppgifter till andra f\u00f6retag inom den koncern i vilken Oliver Twist ing\u00e5r samt samarbetspartners vid t.ex. tillhandh\u00e5llande av IT-tj\u00e4nster. Dessa mottagare behandlar endast dina personuppgifter f\u00f6r v\u00e5r r\u00e4kning och enligt v\u00e5ra instruktioner. Oliver Twist vidtar alla l\u00e4mpliga legala, tekniska och organisatoriska \u00e5tg\u00e4rder f\u00f6r att s\u00e4kerst\u00e4lla att dina personuppgifter hanteras s\u00e4kert och med en adekvat skyddsniv\u00e5 vid \u00f6verf\u00f6ring till eller delning med s\u00e5dana utvalda mottagare.<\/p>\n<p>Oliver Twist kan ocks\u00e5 komma att dela dina personuppgifter till andra f\u00f6retag som behandlar dina personuppgifter sj\u00e4lvst\u00e4ndigt utan att vi styr hur personuppgifterna behandlas. Vi l\u00e4mnar endast ut dina uppgifter till s\u00e5dana f\u00f6retag f\u00f6r att kunna uppfylla v\u00e5ra \u00e5taganden mot dig. N\u00e4r dina personuppgifter delas med s\u00e5dana f\u00f6retag som \u00e4r sj\u00e4lvst\u00e4ndigt personuppgiftsansvariga hanteras dina personuppgifter i enlighet med vad som anges i det f\u00f6retagets information om personuppgifter.<\/p>\n<p>Oliver Twist kan ocks\u00e5 komma att dela dina personuppgifter till myndigheter om vi \u00e4r skyldiga enligt lag att g\u00f6ra det eller vid misstanke om brott.<\/p>\n<h3>Var behandlar vi dina personuppgifter?<\/h3>\n<p>Dina personuppgifter kommer huvudsakligen att behandlas inom EU\/EES, men kan \u00e4ven komma att \u00f6verf\u00f6ras till ett land utanf\u00f6r EU\/EES s\u00e5som USA, t.ex. om vi delar dina uppgifter med andra f\u00f6retag inom den koncern i vilken Oliver Twist ing\u00e5r.<\/p>\n<p>Oliver Twist l\u00e4mnar endast ut dina personuppgifter till ett land utanf\u00f6r EU\/EES om det finns r\u00e4ttslig grund och tillr\u00e4ckliga garantier f\u00f6r att dina personuppgifter behandlas p\u00e5 ett lagligt s\u00e4tt. Oliver Twist vidtar i s\u00e5 fall alla l\u00e4mpliga legala, tekniska och organisatoriska \u00e5tg\u00e4rder f\u00f6r att s\u00e4kerst\u00e4lla att dina personuppgifter hanteras s\u00e4kert och med en adekvat skyddsniv\u00e5 j\u00e4mf\u00f6rbar med och i samma niv\u00e5 som det skydd som erbjuds inom EU\/EES.<\/p>\n<h3>Hur skyddar vi dina personuppgifter?<\/h3>\n<p>Oliver Twist vidtar de s\u00e4kerhets\u00e5tg\u00e4rder som beh\u00f6vs f\u00f6r att skydda dina personuppgifter.<\/p>\n<h3>Vilka \u00e4r dina r\u00e4ttigheter?<\/h3>\n<p><a href=\"https:\/\/oliver-twist.dk\/sv\/information-om-personuppgifter\/dina-rattigheter\/\">L\u00e4s om dina r\u00e4ttigheter h\u00e4r.<\/a><\/p>\n<h3>Kontakt, fr\u00e5gor och klagom\u00e5l<\/h3>\n<p><a href=\"https:\/\/oliver-twist.dk\/sv\/information-om-personuppgifter\/kontakt-och-klhttps:\/\/oliver-twist.dk\/sv\/information-om-personuppgifter\/kontakt-och-klagomaal\/agomaal\/\">L\u00e4s om hur du bl.a. kontaktar Oliver Twist h\u00e4r.<\/a><\/p>\n","protected":false},"excerpt":{"rendered":"<p>Vilka personuppgifter och varf\u00f6r? Om du ans\u00f6ker om jobb eller praktik hos Oliver Twist behandlar vi de uppgifter som du delger oss i din ans\u00f6kan samt under rekryteringsprocessen. Uppgifterna omfattar ditt namn, adress, personnummer, kontaktuppgifter (e-postadress och telefonnummer), betyg, referenser, intyg och andra uppgifter du delger oss i ans\u00f6kan (s\u00e5som i ditt CV och personliga [&hellip;]<\/p>\n","protected":false},"author":5,"featured_media":0,"parent":4381,"menu_order":97,"comment_status":"closed","ping_status":"closed","template":"templates\/tekst-undermenu.php","meta":{"_acf_changed":false,"footnotes":""},"class_list":["post-4398","page","type-page","status-publish","hentry"],"acf":[],"yoast_head":"<!-- This site is optimized with the Yoast SEO Premium plugin v27.0 (Yoast SEO v27.0) - https:\/\/yoast.com\/product\/yoast-seo-premium-wordpress\/ -->\n<title>Jobbs\u00f6kande | Oliver Twist<\/title>\n<meta name=\"robots\" content=\"index, follow, max-snippet:-1, max-image-preview:large, max-video-preview:-1\" \/>\n<link rel=\"canonical\" href=\"https:\/\/oliver-twist.dk\/sv\/information-om-personuppgifter\/jobbsokande\/\" \/>\n<meta property=\"og:locale\" content=\"sv_SE\" \/>\n<meta property=\"og:type\" content=\"article\" \/>\n<meta property=\"og:title\" content=\"Jobbs\u00f6kande\" \/>\n<meta property=\"og:description\" content=\"Vilka personuppgifter och varf\u00f6r? Om du ans\u00f6ker om jobb eller praktik hos Oliver Twist behandlar vi de uppgifter som du delger oss i din ans\u00f6kan samt under rekryteringsprocessen. Uppgifterna omfattar ditt namn, adress, personnummer, kontaktuppgifter (e-postadress och telefonnummer), betyg, referenser, intyg och andra uppgifter du delger oss i ans\u00f6kan (s\u00e5som i ditt CV och personliga [&hellip;]\" \/>\n<meta property=\"og:url\" content=\"https:\/\/oliver-twist.dk\/sv\/information-om-personuppgifter\/jobbsokande\/\" \/>\n<meta property=\"og:site_name\" content=\"Oliver Twist\" \/>\n<meta property=\"article:publisher\" content=\"https:\/\/www.facebook.com\/HouseofOliverTwist\/\" \/>\n<meta property=\"article:modified_time\" content=\"2019-02-20T14:05:09+00:00\" \/>\n<meta name=\"twitter:card\" content=\"summary_large_image\" \/>\n<meta name=\"twitter:label1\" content=\"Ber\u00e4knad l\u00e4stid\" \/>\n\t<meta name=\"twitter:data1\" content=\"5 minuter\" \/>\n<script type=\"application\/ld+json\" class=\"yoast-schema-graph\">{\"@context\":\"https:\/\/schema.org\",\"@graph\":[{\"@type\":\"WebPage\",\"@id\":\"https:\/\/oliver-twist.dk\/sv\/information-om-personuppgifter\/jobbsokande\/\",\"url\":\"https:\/\/oliver-twist.dk\/sv\/information-om-personuppgifter\/jobbsokande\/\",\"name\":\"Jobbs\u00f6kande | Oliver Twist\",\"isPartOf\":{\"@id\":\"https:\/\/oliver-twist.dk\/en\/#website\"},\"datePublished\":\"2019-02-07T14:03:56+00:00\",\"dateModified\":\"2019-02-20T14:05:09+00:00\",\"breadcrumb\":{\"@id\":\"https:\/\/oliver-twist.dk\/sv\/information-om-personuppgifter\/jobbsokande\/#breadcrumb\"},\"inLanguage\":\"sv-SE\",\"potentialAction\":[{\"@type\":\"ReadAction\",\"target\":[\"https:\/\/oliver-twist.dk\/sv\/information-om-personuppgifter\/jobbsokande\/\"]}]},{\"@type\":\"BreadcrumbList\",\"@id\":\"https:\/\/oliver-twist.dk\/sv\/information-om-personuppgifter\/jobbsokande\/#breadcrumb\",\"itemListElement\":[{\"@type\":\"ListItem\",\"position\":1,\"name\":\"Startseite\",\"item\":\"https:\/\/oliver-twist.dk\/sv\/\"},{\"@type\":\"ListItem\",\"position\":2,\"name\":\"Information om personuppgifter\",\"item\":\"https:\/\/oliver-twist.dk\/sv\/information-om-personuppgifter\/\"},{\"@type\":\"ListItem\",\"position\":3,\"name\":\"Jobbs\u00f6kande\"}]},{\"@type\":\"WebSite\",\"@id\":\"https:\/\/oliver-twist.dk\/en\/#website\",\"url\":\"https:\/\/oliver-twist.dk\/en\/\",\"name\":\"Oliver Twist\",\"description\":\"Sm\u00e5 diskrete tobakspastiller med naturligt nikotin indhold\",\"publisher\":{\"@id\":\"https:\/\/oliver-twist.dk\/en\/#organization\"},\"potentialAction\":[{\"@type\":\"SearchAction\",\"target\":{\"@type\":\"EntryPoint\",\"urlTemplate\":\"https:\/\/oliver-twist.dk\/en\/?s={search_term_string}\"},\"query-input\":{\"@type\":\"PropertyValueSpecification\",\"valueRequired\":true,\"valueName\":\"search_term_string\"}}],\"inLanguage\":\"sv-SE\"},{\"@type\":\"Organization\",\"@id\":\"https:\/\/oliver-twist.dk\/en\/#organization\",\"name\":\"House of Oliver Twist\",\"url\":\"https:\/\/oliver-twist.dk\/en\/\",\"logo\":{\"@type\":\"ImageObject\",\"inLanguage\":\"sv-SE\",\"@id\":\"https:\/\/oliver-twist.dk\/en\/#\/schema\/logo\/image\/\",\"url\":\"https:\/\/oliver-twist.dk\/wp-content\/uploads\/2020\/09\/Oliver-Twist_Sort-PNG-1.png\",\"contentUrl\":\"https:\/\/oliver-twist.dk\/wp-content\/uploads\/2020\/09\/Oliver-Twist_Sort-PNG-1.png\",\"width\":774,\"height\":236,\"caption\":\"House of Oliver Twist\"},\"image\":{\"@id\":\"https:\/\/oliver-twist.dk\/en\/#\/schema\/logo\/image\/\"},\"sameAs\":[\"https:\/\/www.facebook.com\/HouseofOliverTwist\/\",\"https:\/\/www.linkedin.com\/company\/house-of-oliver-twist\/\",\"https:\/\/www.youtube.com\/channel\/UCnHIfJXeHCZHCcWjKW_fVCg\"]}]}<\/script>\n<!-- \/ Yoast SEO Premium plugin. -->","yoast_head_json":{"title":"Jobbs\u00f6kande | Oliver Twist","robots":{"index":"index","follow":"follow","max-snippet":"max-snippet:-1","max-image-preview":"max-image-preview:large","max-video-preview":"max-video-preview:-1"},"canonical":"https:\/\/oliver-twist.dk\/sv\/information-om-personuppgifter\/jobbsokande\/","og_locale":"sv_SE","og_type":"article","og_title":"Jobbs\u00f6kande","og_description":"Vilka personuppgifter och varf\u00f6r? Om du ans\u00f6ker om jobb eller praktik hos Oliver Twist behandlar vi de uppgifter som du delger oss i din ans\u00f6kan samt under rekryteringsprocessen. Uppgifterna omfattar ditt namn, adress, personnummer, kontaktuppgifter (e-postadress och telefonnummer), betyg, referenser, intyg och andra uppgifter du delger oss i ans\u00f6kan (s\u00e5som i ditt CV och personliga [&hellip;]","og_url":"https:\/\/oliver-twist.dk\/sv\/information-om-personuppgifter\/jobbsokande\/","og_site_name":"Oliver Twist","article_publisher":"https:\/\/www.facebook.com\/HouseofOliverTwist\/","article_modified_time":"2019-02-20T14:05:09+00:00","twitter_card":"summary_large_image","twitter_misc":{"Ber\u00e4knad l\u00e4stid":"5 minuter"},"schema":{"@context":"https:\/\/schema.org","@graph":[{"@type":"WebPage","@id":"https:\/\/oliver-twist.dk\/sv\/information-om-personuppgifter\/jobbsokande\/","url":"https:\/\/oliver-twist.dk\/sv\/information-om-personuppgifter\/jobbsokande\/","name":"Jobbs\u00f6kande | Oliver Twist","isPartOf":{"@id":"https:\/\/oliver-twist.dk\/en\/#website"},"datePublished":"2019-02-07T14:03:56+00:00","dateModified":"2019-02-20T14:05:09+00:00","breadcrumb":{"@id":"https:\/\/oliver-twist.dk\/sv\/information-om-personuppgifter\/jobbsokande\/#breadcrumb"},"inLanguage":"sv-SE","potentialAction":[{"@type":"ReadAction","target":["https:\/\/oliver-twist.dk\/sv\/information-om-personuppgifter\/jobbsokande\/"]}]},{"@type":"BreadcrumbList","@id":"https:\/\/oliver-twist.dk\/sv\/information-om-personuppgifter\/jobbsokande\/#breadcrumb","itemListElement":[{"@type":"ListItem","position":1,"name":"Startseite","item":"https:\/\/oliver-twist.dk\/sv\/"},{"@type":"ListItem","position":2,"name":"Information om personuppgifter","item":"https:\/\/oliver-twist.dk\/sv\/information-om-personuppgifter\/"},{"@type":"ListItem","position":3,"name":"Jobbs\u00f6kande"}]},{"@type":"WebSite","@id":"https:\/\/oliver-twist.dk\/en\/#website","url":"https:\/\/oliver-twist.dk\/en\/","name":"Oliver Twist","description":"Sm\u00e5 diskrete tobakspastiller med naturligt nikotin indhold","publisher":{"@id":"https:\/\/oliver-twist.dk\/en\/#organization"},"potentialAction":[{"@type":"SearchAction","target":{"@type":"EntryPoint","urlTemplate":"https:\/\/oliver-twist.dk\/en\/?s={search_term_string}"},"query-input":{"@type":"PropertyValueSpecification","valueRequired":true,"valueName":"search_term_string"}}],"inLanguage":"sv-SE"},{"@type":"Organization","@id":"https:\/\/oliver-twist.dk\/en\/#organization","name":"House of Oliver Twist","url":"https:\/\/oliver-twist.dk\/en\/","logo":{"@type":"ImageObject","inLanguage":"sv-SE","@id":"https:\/\/oliver-twist.dk\/en\/#\/schema\/logo\/image\/","url":"https:\/\/oliver-twist.dk\/wp-content\/uploads\/2020\/09\/Oliver-Twist_Sort-PNG-1.png","contentUrl":"https:\/\/oliver-twist.dk\/wp-content\/uploads\/2020\/09\/Oliver-Twist_Sort-PNG-1.png","width":774,"height":236,"caption":"House of Oliver Twist"},"image":{"@id":"https:\/\/oliver-twist.dk\/en\/#\/schema\/logo\/image\/"},"sameAs":["https:\/\/www.facebook.com\/HouseofOliverTwist\/","https:\/\/www.linkedin.com\/company\/house-of-oliver-twist\/","https:\/\/www.youtube.com\/channel\/UCnHIfJXeHCZHCcWjKW_fVCg"]}]}},"_links":{"self":[{"href":"https:\/\/oliver-twist.dk\/sv\/wp-json\/wp\/v2\/pages\/4398","targetHints":{"allow":["GET"]}}],"collection":[{"href":"https:\/\/oliver-twist.dk\/sv\/wp-json\/wp\/v2\/pages"}],"about":[{"href":"https:\/\/oliver-twist.dk\/sv\/wp-json\/wp\/v2\/types\/page"}],"author":[{"embeddable":true,"href":"https:\/\/oliver-twist.dk\/sv\/wp-json\/wp\/v2\/users\/5"}],"replies":[{"embeddable":true,"href":"https:\/\/oliver-twist.dk\/sv\/wp-json\/wp\/v2\/comments?post=4398"}],"version-history":[{"count":2,"href":"https:\/\/oliver-twist.dk\/sv\/wp-json\/wp\/v2\/pages\/4398\/revisions"}],"predecessor-version":[{"id":4412,"href":"https:\/\/oliver-twist.dk\/sv\/wp-json\/wp\/v2\/pages\/4398\/revisions\/4412"}],"up":[{"embeddable":true,"href":"https:\/\/oliver-twist.dk\/sv\/wp-json\/wp\/v2\/pages\/4381"}],"wp:attachment":[{"href":"https:\/\/oliver-twist.dk\/sv\/wp-json\/wp\/v2\/media?parent=4398"}],"curies":[{"name":"wp","href":"https:\/\/api.w.org\/{rel}","templated":true}]}}