{"id":4395,"date":"2019-02-07T14:57:41","date_gmt":"2019-02-07T13:57:41","guid":{"rendered":"https:\/\/oliver-twist.dk\/?page_id=4395"},"modified":"2019-02-20T15:05:19","modified_gmt":"2019-02-20T14:05:19","slug":"samarbetspartner","status":"publish","type":"page","link":"https:\/\/oliver-twist.dk\/sv\/information-om-personuppgifter\/samarbetspartner\/","title":{"rendered":"Samarbetspartner"},"content":{"rendered":"<h3>Vilka personuppgifter och varf\u00f6r?<\/h3>\n<p>Som ett led i v\u00e5r aff\u00e4rsverksamhet kan vi komma att behandla uppgifter om dig.<\/p>\n<p><strong>Uppgifterna kan vi ha f\u00e5tt ta del av fr\u00e5n<\/strong> din arbetsgivare i de fall vi har ett avtal eller annan aff\u00e4rsrelation med denne s\u00e5som i de fall du f\u00f6rekommer som firmatecknare eller uppges vara kontaktperson f\u00f6r ett visst avtal eller i en viss fr\u00e5ga. Vidare kan vi ha f\u00e5tt uppgifterna direkt fr\u00e5n dig sj\u00e4lv genom att du kontaktat oss via telefon, mailat oss eller gett ditt visitkort (eller andra kontaktuppgifter) till n\u00e5gon av Oliver Twist representanter. Insamling av dessa typer av uppgifter kan \u00e4ven ske n\u00e4r vi sj\u00e4lva samlar in information genom s\u00f6kningar f\u00f6r att f\u00e5 fram kontaktpersoner p\u00e5 bolag vi har, eller vill etablera, en aff\u00e4rsrelation med.<\/p>\n<p><strong>De uppgifter vi typiskt sett behandlar om <\/strong>dig \u00e4r din e-postadress, ditt namn, ditt telefonnummer, din arbetsplats och din titel. Om ditt f\u00f6retag har en kundrelation med Oliver Twist behandlar vi \u00e4ven uppgifter relaterade till kund\u00e4rendet s\u00e5som kundnummer, l\u00f6senord f\u00f6r kundkonto, anteckningar om aktiviteter i \u00e4rendet, preferenser och orderhistorik, transaktionsdata, faktureringsuppgifter, betalningsinformation samt uppgifter relaterade till avtalssignering och genomf\u00f6rd kreditupplysning (i f\u00f6rekommande fall).<\/p>\n<p>Om du har en aff\u00e4rsrelation med oss genom enskild firma kan, i till\u00e4gg till de uppgifter som n\u00e4mns ovan, \u00e4ven ditt personnummer, kontonummer samt bostadsadress\/fakturaadress behandlas om det beh\u00f6vs f\u00f6r att vi ska kunna identifiera dig som kund och uppfylla \u00e4ndam\u00e5len enligt nedan.<\/p>\n<p><strong>\u00c4ndam\u00e5len<\/strong> med att vi behandlar dina personuppgifter \u00e4r att vi ska kunna kommunicera med dig i syfte att bibeh\u00e5lla eller etablera en aff\u00e4rsrelation med dig och\/eller den organisation som du representerar samt i f\u00f6rekommande fall fullg\u00f6ra och administrera avtalsf\u00f6rh\u00e5llandet med din arbetsgivare, hantera k\u00f6p och leveranser, fakturor\/betalningar och kommunicera med dig inom ramen f\u00f6r avtalsf\u00f6rh\u00e5llandet. I till\u00e4mpliga fall beh\u00f6ver vi \u00e4ven behandla dina uppgifter i syfte att fullg\u00f6ra v\u00e5ra f\u00f6rpliktelser enligt lag, exempelvis bokf\u00f6rings-, produkts\u00e4kerhets- och produktansvarslagen.<\/p>\n<p><strong>V\u00e5ra r\u00e4ttsliga grunder<\/strong> f\u00f6r behandlingen \u00e4r v\u00e5rt avtal med dig eller organisationen du representerar (i f\u00f6rekommande fall) och\/eller v\u00e5ra ber\u00e4ttigade intressen av att kunna kommunicera med dig i din yrkesroll. Kommunikationen kan omfatta information h\u00e4nf\u00f6rlig till din aff\u00e4rsrelation med Oliver Twist, nyheter och evenemang som vi tror kan vara av intresse f\u00f6r dig och sker som ett led i v\u00e5rt syfte att bibeh\u00e5lla eller uppr\u00e4tta en god aff\u00e4rsrelation med dig.<\/p>\n<p>Behandling av s\u00e5dana uppgifter som vi beh\u00f6ver f\u00f6r v\u00e5r bokf\u00f6ring eller f\u00f6r att hantera r\u00e4ttsliga anspr\u00e5k utf\u00f6rs i till\u00e4mpliga fall \u00e4ven med st\u00f6d av Oliver Twists r\u00e4ttsliga f\u00f6rpliktelser enligt lag s\u00e5som bokf\u00f6rings-, produkts\u00e4kerhets- och produktansvarslagen.<\/p>\n<p>Vi kan i samband med ing\u00e5endet av ett nytt avtal eller annat aff\u00e4rssamarbete komma att beh\u00f6va samla in och behandla vissa ytterligare uppgifter om dig f\u00f6r det fall vi \u00e4r skyldiga att g\u00f6ra det enligt s\u00e4rskilda regler som st\u00e4lls kring ekonomiska sanktioner, exportkontroll, penningtv\u00e4tt, finansiering av terrorism och marknadsmissbruk. Uppgifterna samlas in via v\u00e5r leverant\u00f6rs compliance system och kan omfatta uppgifter om publiceringar i media (inkl. foton), lag\u00f6vertr\u00e4delser, personer i politisk utsatt st\u00e4llning samt andra s\u00e4rskilda kategorier av personuppgifter som \u00e4r relevanta f\u00f6r oss att ta del av f\u00f6r det aktuella sammanhanget. Uppgifter om lag\u00f6vertr\u00e4delser som vi behandlar omfattar uppgift om eventuellt n\u00e4ringsf\u00f6rbud, penningtv\u00e4tt eller annan brottslig g\u00e4rning. Uppgifter om personer i politisk utsatt st\u00e4llning omfattar information om huruvida du, n\u00e5gon till dig n\u00e4rst\u00e5ende eller n\u00e5gon av dina medarbetare \u00e4r en s\u00e5 kallad person i politisk utsatt st\u00e4llning samt i f\u00f6rekommande fall namn, personnummer och yrke\/position f\u00f6r s\u00e5dan politiskt utsatt person. V\u00e5rt lagst\u00f6d f\u00f6r denna behandling av personuppgifter \u00e4r att vi i till\u00e4mpliga fall ska kunna iaktta de s\u00e4rskilda regler som st\u00e4lls kring ekonomiska sanktioner, exportkontroll, penningtv\u00e4tt, finansiering av terrorism och marknadsmissbruk samt kunna f\u00f6rsvara oss mot r\u00e4ttsliga anspr\u00e5k.<\/p>\n<h3>Hur l\u00e4nge sparar vi uppgifterna?<\/h3>\n<p>I de fall vi behandlar dina personuppgifter i syfte att fullg\u00f6ra v\u00e5rt avtal med den organisation som du representerar kommer vi att behandla uppgifterna s\u00e5 l\u00e4nge det \u00e4r n\u00f6dv\u00e4ndigt f\u00f6r att vi ska kunna administrera avtalsf\u00f6rh\u00e5llandet samt ut\u00f6va v\u00e5ra r\u00e4ttigheter och skyldigheter gentemot v\u00e5r avtalspart. D\u00e4refter kan vi dock komma att spara vissa av dina personuppgifter under en l\u00e4ngre tid om vi \u00e4r skyldiga att g\u00f6ra det enligt lag (exempelvis f\u00f6r v\u00e5r bokf\u00f6ring) eller bed\u00f6mer att vi har r\u00e4tt till det med st\u00f6d av en intresseavv\u00e4gning.<\/p>\n<p>Vi kan ocks\u00e5 komma att spara dina personuppgifter under l\u00e4ngre tid om det \u00e4r n\u00f6dv\u00e4ndigt f\u00f6r att vi ska kunna fastst\u00e4lla, g\u00f6ra g\u00e4llande eller f\u00f6rsvara r\u00e4ttsliga anspr\u00e5k.<\/p>\n<h3>Vem delar vi dina personuppgifter till?<\/h3>\n<p>Oliver Twist kan komma att dela dina personuppgifter till andra f\u00f6retag inom den koncern i vilken Oliver Twist ing\u00e5r samt samarbetspartners vid t.ex. tillhandh\u00e5llande av IT-tj\u00e4nster. Dessa mottagare behandlar endast dina personuppgifter f\u00f6r v\u00e5r r\u00e4kning och enligt v\u00e5ra instruktioner. Oliver Twist vidtar alla l\u00e4mpliga legala, tekniska och organisatoriska \u00e5tg\u00e4rder f\u00f6r att s\u00e4kerst\u00e4lla att dina personuppgifter hanteras s\u00e4kert och med en adekvat skyddsniv\u00e5 vid \u00f6verf\u00f6ring till eller delning med s\u00e5dana utvalda mottagare.<\/p>\n<p>Oliver Twist kan ocks\u00e5 komma att dela dina personuppgifter till andra f\u00f6retag som behandlar dina personuppgifter sj\u00e4lvst\u00e4ndigt utan att vi styr hur personuppgifterna behandlas. Vi l\u00e4mnar endast ut dina uppgifter till s\u00e5dana f\u00f6retag f\u00f6r att kunna uppfylla v\u00e5ra \u00e5taganden mot dig. N\u00e4r dina personuppgifter delas med s\u00e5dana f\u00f6retag som \u00e4r sj\u00e4lvst\u00e4ndigt personuppgiftsansvariga hanteras dina personuppgifter i enlighet med vad som anges i det f\u00f6retagets information om personuppgifter.<\/p>\n<p>Oliver Twist kan ocks\u00e5 komma att dela dina personuppgifter till myndigheter om vi \u00e4r skyldiga enligt lag att g\u00f6ra det eller vid misstanke om brott.<\/p>\n<h3>Var behandlar vi dina personuppgifter?<\/h3>\n<p>Dina personuppgifter kommer huvudsakligen att behandlas inom EU\/EES, men kan \u00e4ven komma att \u00f6verf\u00f6ras till ett land utanf\u00f6r EU\/EES s\u00e5som USA, t.ex. om vi delar dina uppgifter med andra f\u00f6retag inom den koncern i vilken Oliver Twist ing\u00e5r.<\/p>\n<p>Oliver Twist l\u00e4mnar endast ut dina personuppgifter till ett land utanf\u00f6r EU\/EES om det finns r\u00e4ttslig grund och tillr\u00e4ckliga garantier f\u00f6r att dina personuppgifter behandlas p\u00e5 ett lagligt s\u00e4tt. Oliver Twist vidtar i s\u00e5 fall alla l\u00e4mpliga legala, tekniska och organisatoriska \u00e5tg\u00e4rder f\u00f6r att s\u00e4kerst\u00e4lla att dina personuppgifter hanteras s\u00e4kert och med en adekvat skyddsniv\u00e5 j\u00e4mf\u00f6rbar med och i samma niv\u00e5 som det skydd som erbjuds inom EU\/EES.<\/p>\n<h3>Hur skyddar vi dina personuppgifter?<\/h3>\n<p>Oliver Twist vidtar de s\u00e4kerhets\u00e5tg\u00e4rder som beh\u00f6vs f\u00f6r att skydda dina personuppgifter.<\/p>\n<h3>Vilka \u00e4r dina r\u00e4ttigheter?<\/h3>\n<p><a href=\"https:\/\/oliver-twist.dk\/sv\/information-om-personuppgifter\/dina-rattigheter\/\">L\u00e4s om dina r\u00e4ttigheter h\u00e4r.<\/a><\/p>\n<h3>Kontakt, fr\u00e5gor och klagom\u00e5l<\/h3>\n<p><a href=\"https:\/\/oliver-twist.dk\/sv\/information-om-personuppgifter\/kontakt-och-klagomaal\/\">L\u00e4s om hur du bl.a. kontaktar Oliver Twist h\u00e4r.<\/a><\/p>\n","protected":false},"excerpt":{"rendered":"<p>Vilka personuppgifter och varf\u00f6r? Som ett led i v\u00e5r aff\u00e4rsverksamhet kan vi komma att behandla uppgifter om dig. Uppgifterna kan vi ha f\u00e5tt ta del av fr\u00e5n din arbetsgivare i de fall vi har ett avtal eller annan aff\u00e4rsrelation med denne s\u00e5som i de fall du f\u00f6rekommer som firmatecknare eller uppges vara kontaktperson f\u00f6r ett [&hellip;]<\/p>\n","protected":false},"author":5,"featured_media":0,"parent":4381,"menu_order":102,"comment_status":"closed","ping_status":"closed","template":"templates\/tekst-undermenu.php","meta":{"_acf_changed":false,"footnotes":""},"class_list":["post-4395","page","type-page","status-publish","hentry"],"acf":[],"yoast_head":"<!-- This site is optimized with the Yoast SEO Premium plugin v27.0 (Yoast SEO v27.0) - https:\/\/yoast.com\/product\/yoast-seo-premium-wordpress\/ -->\n<title>Samarbetspartner | Oliver Twist<\/title>\n<meta name=\"robots\" content=\"index, follow, max-snippet:-1, max-image-preview:large, max-video-preview:-1\" \/>\n<link rel=\"canonical\" href=\"https:\/\/oliver-twist.dk\/sv\/information-om-personuppgifter\/samarbetspartner\/\" \/>\n<meta property=\"og:locale\" content=\"sv_SE\" \/>\n<meta property=\"og:type\" content=\"article\" \/>\n<meta property=\"og:title\" content=\"Samarbetspartner\" \/>\n<meta property=\"og:description\" content=\"Vilka personuppgifter och varf\u00f6r? Som ett led i v\u00e5r aff\u00e4rsverksamhet kan vi komma att behandla uppgifter om dig. Uppgifterna kan vi ha f\u00e5tt ta del av fr\u00e5n din arbetsgivare i de fall vi har ett avtal eller annan aff\u00e4rsrelation med denne s\u00e5som i de fall du f\u00f6rekommer som firmatecknare eller uppges vara kontaktperson f\u00f6r ett [&hellip;]\" \/>\n<meta property=\"og:url\" content=\"https:\/\/oliver-twist.dk\/sv\/information-om-personuppgifter\/samarbetspartner\/\" \/>\n<meta property=\"og:site_name\" content=\"Oliver Twist\" \/>\n<meta property=\"article:publisher\" content=\"https:\/\/www.facebook.com\/HouseofOliverTwist\/\" \/>\n<meta property=\"article:modified_time\" content=\"2019-02-20T14:05:19+00:00\" \/>\n<meta name=\"twitter:card\" content=\"summary_large_image\" \/>\n<meta name=\"twitter:label1\" content=\"Ber\u00e4knad l\u00e4stid\" \/>\n\t<meta name=\"twitter:data1\" content=\"6 minuter\" \/>\n<script type=\"application\/ld+json\" class=\"yoast-schema-graph\">{\"@context\":\"https:\/\/schema.org\",\"@graph\":[{\"@type\":\"WebPage\",\"@id\":\"https:\/\/oliver-twist.dk\/sv\/information-om-personuppgifter\/samarbetspartner\/\",\"url\":\"https:\/\/oliver-twist.dk\/sv\/information-om-personuppgifter\/samarbetspartner\/\",\"name\":\"Samarbetspartner | Oliver Twist\",\"isPartOf\":{\"@id\":\"https:\/\/oliver-twist.dk\/en\/#website\"},\"datePublished\":\"2019-02-07T13:57:41+00:00\",\"dateModified\":\"2019-02-20T14:05:19+00:00\",\"breadcrumb\":{\"@id\":\"https:\/\/oliver-twist.dk\/sv\/information-om-personuppgifter\/samarbetspartner\/#breadcrumb\"},\"inLanguage\":\"sv-SE\",\"potentialAction\":[{\"@type\":\"ReadAction\",\"target\":[\"https:\/\/oliver-twist.dk\/sv\/information-om-personuppgifter\/samarbetspartner\/\"]}]},{\"@type\":\"BreadcrumbList\",\"@id\":\"https:\/\/oliver-twist.dk\/sv\/information-om-personuppgifter\/samarbetspartner\/#breadcrumb\",\"itemListElement\":[{\"@type\":\"ListItem\",\"position\":1,\"name\":\"Startseite\",\"item\":\"https:\/\/oliver-twist.dk\/sv\/\"},{\"@type\":\"ListItem\",\"position\":2,\"name\":\"Information om personuppgifter\",\"item\":\"https:\/\/oliver-twist.dk\/sv\/information-om-personuppgifter\/\"},{\"@type\":\"ListItem\",\"position\":3,\"name\":\"Samarbetspartner\"}]},{\"@type\":\"WebSite\",\"@id\":\"https:\/\/oliver-twist.dk\/en\/#website\",\"url\":\"https:\/\/oliver-twist.dk\/en\/\",\"name\":\"Oliver Twist\",\"description\":\"Sm\u00e5 diskrete tobakspastiller med naturligt nikotin indhold\",\"publisher\":{\"@id\":\"https:\/\/oliver-twist.dk\/en\/#organization\"},\"potentialAction\":[{\"@type\":\"SearchAction\",\"target\":{\"@type\":\"EntryPoint\",\"urlTemplate\":\"https:\/\/oliver-twist.dk\/en\/?s={search_term_string}\"},\"query-input\":{\"@type\":\"PropertyValueSpecification\",\"valueRequired\":true,\"valueName\":\"search_term_string\"}}],\"inLanguage\":\"sv-SE\"},{\"@type\":\"Organization\",\"@id\":\"https:\/\/oliver-twist.dk\/en\/#organization\",\"name\":\"House of Oliver Twist\",\"url\":\"https:\/\/oliver-twist.dk\/en\/\",\"logo\":{\"@type\":\"ImageObject\",\"inLanguage\":\"sv-SE\",\"@id\":\"https:\/\/oliver-twist.dk\/en\/#\/schema\/logo\/image\/\",\"url\":\"https:\/\/oliver-twist.dk\/wp-content\/uploads\/2020\/09\/Oliver-Twist_Sort-PNG-1.png\",\"contentUrl\":\"https:\/\/oliver-twist.dk\/wp-content\/uploads\/2020\/09\/Oliver-Twist_Sort-PNG-1.png\",\"width\":774,\"height\":236,\"caption\":\"House of Oliver Twist\"},\"image\":{\"@id\":\"https:\/\/oliver-twist.dk\/en\/#\/schema\/logo\/image\/\"},\"sameAs\":[\"https:\/\/www.facebook.com\/HouseofOliverTwist\/\",\"https:\/\/www.linkedin.com\/company\/house-of-oliver-twist\/\",\"https:\/\/www.youtube.com\/channel\/UCnHIfJXeHCZHCcWjKW_fVCg\"]}]}<\/script>\n<!-- \/ Yoast SEO Premium plugin. -->","yoast_head_json":{"title":"Samarbetspartner | Oliver Twist","robots":{"index":"index","follow":"follow","max-snippet":"max-snippet:-1","max-image-preview":"max-image-preview:large","max-video-preview":"max-video-preview:-1"},"canonical":"https:\/\/oliver-twist.dk\/sv\/information-om-personuppgifter\/samarbetspartner\/","og_locale":"sv_SE","og_type":"article","og_title":"Samarbetspartner","og_description":"Vilka personuppgifter och varf\u00f6r? Som ett led i v\u00e5r aff\u00e4rsverksamhet kan vi komma att behandla uppgifter om dig. Uppgifterna kan vi ha f\u00e5tt ta del av fr\u00e5n din arbetsgivare i de fall vi har ett avtal eller annan aff\u00e4rsrelation med denne s\u00e5som i de fall du f\u00f6rekommer som firmatecknare eller uppges vara kontaktperson f\u00f6r ett [&hellip;]","og_url":"https:\/\/oliver-twist.dk\/sv\/information-om-personuppgifter\/samarbetspartner\/","og_site_name":"Oliver Twist","article_publisher":"https:\/\/www.facebook.com\/HouseofOliverTwist\/","article_modified_time":"2019-02-20T14:05:19+00:00","twitter_card":"summary_large_image","twitter_misc":{"Ber\u00e4knad l\u00e4stid":"6 minuter"},"schema":{"@context":"https:\/\/schema.org","@graph":[{"@type":"WebPage","@id":"https:\/\/oliver-twist.dk\/sv\/information-om-personuppgifter\/samarbetspartner\/","url":"https:\/\/oliver-twist.dk\/sv\/information-om-personuppgifter\/samarbetspartner\/","name":"Samarbetspartner | Oliver Twist","isPartOf":{"@id":"https:\/\/oliver-twist.dk\/en\/#website"},"datePublished":"2019-02-07T13:57:41+00:00","dateModified":"2019-02-20T14:05:19+00:00","breadcrumb":{"@id":"https:\/\/oliver-twist.dk\/sv\/information-om-personuppgifter\/samarbetspartner\/#breadcrumb"},"inLanguage":"sv-SE","potentialAction":[{"@type":"ReadAction","target":["https:\/\/oliver-twist.dk\/sv\/information-om-personuppgifter\/samarbetspartner\/"]}]},{"@type":"BreadcrumbList","@id":"https:\/\/oliver-twist.dk\/sv\/information-om-personuppgifter\/samarbetspartner\/#breadcrumb","itemListElement":[{"@type":"ListItem","position":1,"name":"Startseite","item":"https:\/\/oliver-twist.dk\/sv\/"},{"@type":"ListItem","position":2,"name":"Information om personuppgifter","item":"https:\/\/oliver-twist.dk\/sv\/information-om-personuppgifter\/"},{"@type":"ListItem","position":3,"name":"Samarbetspartner"}]},{"@type":"WebSite","@id":"https:\/\/oliver-twist.dk\/en\/#website","url":"https:\/\/oliver-twist.dk\/en\/","name":"Oliver Twist","description":"Sm\u00e5 diskrete tobakspastiller med naturligt nikotin indhold","publisher":{"@id":"https:\/\/oliver-twist.dk\/en\/#organization"},"potentialAction":[{"@type":"SearchAction","target":{"@type":"EntryPoint","urlTemplate":"https:\/\/oliver-twist.dk\/en\/?s={search_term_string}"},"query-input":{"@type":"PropertyValueSpecification","valueRequired":true,"valueName":"search_term_string"}}],"inLanguage":"sv-SE"},{"@type":"Organization","@id":"https:\/\/oliver-twist.dk\/en\/#organization","name":"House of Oliver Twist","url":"https:\/\/oliver-twist.dk\/en\/","logo":{"@type":"ImageObject","inLanguage":"sv-SE","@id":"https:\/\/oliver-twist.dk\/en\/#\/schema\/logo\/image\/","url":"https:\/\/oliver-twist.dk\/wp-content\/uploads\/2020\/09\/Oliver-Twist_Sort-PNG-1.png","contentUrl":"https:\/\/oliver-twist.dk\/wp-content\/uploads\/2020\/09\/Oliver-Twist_Sort-PNG-1.png","width":774,"height":236,"caption":"House of Oliver Twist"},"image":{"@id":"https:\/\/oliver-twist.dk\/en\/#\/schema\/logo\/image\/"},"sameAs":["https:\/\/www.facebook.com\/HouseofOliverTwist\/","https:\/\/www.linkedin.com\/company\/house-of-oliver-twist\/","https:\/\/www.youtube.com\/channel\/UCnHIfJXeHCZHCcWjKW_fVCg"]}]}},"_links":{"self":[{"href":"https:\/\/oliver-twist.dk\/sv\/wp-json\/wp\/v2\/pages\/4395","targetHints":{"allow":["GET"]}}],"collection":[{"href":"https:\/\/oliver-twist.dk\/sv\/wp-json\/wp\/v2\/pages"}],"about":[{"href":"https:\/\/oliver-twist.dk\/sv\/wp-json\/wp\/v2\/types\/page"}],"author":[{"embeddable":true,"href":"https:\/\/oliver-twist.dk\/sv\/wp-json\/wp\/v2\/users\/5"}],"replies":[{"embeddable":true,"href":"https:\/\/oliver-twist.dk\/sv\/wp-json\/wp\/v2\/comments?post=4395"}],"version-history":[{"count":2,"href":"https:\/\/oliver-twist.dk\/sv\/wp-json\/wp\/v2\/pages\/4395\/revisions"}],"predecessor-version":[{"id":4413,"href":"https:\/\/oliver-twist.dk\/sv\/wp-json\/wp\/v2\/pages\/4395\/revisions\/4413"}],"up":[{"embeddable":true,"href":"https:\/\/oliver-twist.dk\/sv\/wp-json\/wp\/v2\/pages\/4381"}],"wp:attachment":[{"href":"https:\/\/oliver-twist.dk\/sv\/wp-json\/wp\/v2\/media?parent=4395"}],"curies":[{"name":"wp","href":"https:\/\/api.w.org\/{rel}","templated":true}]}}