{"id":4381,"date":"2019-02-07T14:36:20","date_gmt":"2019-02-07T13:36:20","guid":{"rendered":"https:\/\/oliver-twist.dk\/?page_id=4381"},"modified":"2019-02-07T15:51:01","modified_gmt":"2019-02-07T14:51:01","slug":"information-om-personuppgifter","status":"publish","type":"page","link":"https:\/\/oliver-twist.dk\/sv\/information-om-personuppgifter\/","title":{"rendered":"Information om personuppgifter"},"content":{"rendered":"<p>House of Oliver Twist till\u00e4mpar vid var tid g\u00e4llande regelverk om behandling av personuppgifter och arbetar kontinuerligt f\u00f6r att p\u00e5 b\u00e4sta s\u00e4tt skydda din integritet. Denna information riktar sig till dig som har en relation till House of Oliver Twist A\/S (\u201c<strong>Oliver Twist<\/strong>\u201d).<\/p>\n<h3>Personuppgiftsansvarig<\/h3>\n<p>House of Oliver Twist A\/S (Herman Kr\u00fcgers Eftf. A\/S), org. nr. 556571-7039, 49298218, B\u00f8rstenbindervej 1, DK-5230 Odense, Danmark \u00e4r personuppgiftsansvarig f\u00f6r behandlingen av dina personuppgifter.<\/p>\n<h3>Cookies<\/h3>\n<p>N\u00e4r du bes\u00f6ker <a href=\"http:\/\/www.oliver-twist.se\">www.oliver-twist.se<\/a> (\u201d<strong>Webbplatsen<\/strong>\u201d) anv\u00e4nder vi cookies. L\u00e4s mer om hur vi anv\u00e4nder cookies i v\u00e5r<a href=\"https:\/\/oliver-twist.dk\/sv\/cookiepolicy\/\"> <u>Information om cookies<\/u><\/a>.<\/p>\n<h3>L\u00e4nkar till andra webbplatser<\/h3>\n<p>Webbplatsen kan inneh\u00e5lla l\u00e4nkar till andra webbplatser \u00e4n Oliver Twists webbplatser. Oliver Twist ansvarar inte f\u00f6r s\u00e5dana andra webbplatsers personuppgiftshantering och du uppmanas d\u00e4rf\u00f6r att kontrollera den information om personuppgifter som g\u00e4ller f\u00f6r den aktuella webbplatsen.<\/p>\n<h3>\u00c4ndringar i denna information<\/h3>\n<p>Oliver Twist f\u00f6rbeh\u00e5ller sig r\u00e4tten att g\u00f6ra \u00e4ndringar i denna information. Varje s\u00e5dan \u00e4ndring publiceras h\u00e4r p\u00e5 Webbplatsen<\/p>\n<p>Senaste uppdateringen av denna information: 2019-02-07<\/p>\n<p>&nbsp;<\/p>\n<p>&nbsp;<\/p>\n","protected":false},"excerpt":{"rendered":"<p>House of Oliver Twist till\u00e4mpar vid var tid g\u00e4llande regelverk om behandling av personuppgifter och arbetar kontinuerligt f\u00f6r att p\u00e5 b\u00e4sta s\u00e4tt skydda din integritet. Denna information riktar sig till dig som har en relation till House of Oliver Twist A\/S (\u201cOliver Twist\u201d). Personuppgiftsansvarig House of Oliver Twist A\/S (Herman Kr\u00fcgers Eftf. A\/S), org. nr. [&hellip;]<\/p>\n","protected":false},"author":5,"featured_media":0,"parent":0,"menu_order":0,"comment_status":"closed","ping_status":"closed","template":"templates\/tekst-undermenu.php","meta":{"_acf_changed":false,"footnotes":""},"class_list":["post-4381","page","type-page","status-publish","hentry"],"acf":[],"yoast_head":"<!-- This site is optimized with the Yoast SEO Premium plugin v27.0 (Yoast SEO v27.0) - https:\/\/yoast.com\/product\/yoast-seo-premium-wordpress\/ -->\n<title>Information om personuppgifter | Oliver Twist<\/title>\n<meta name=\"robots\" content=\"index, follow, max-snippet:-1, max-image-preview:large, max-video-preview:-1\" \/>\n<link rel=\"canonical\" href=\"https:\/\/oliver-twist.dk\/sv\/information-om-personuppgifter\/\" \/>\n<meta property=\"og:locale\" content=\"sv_SE\" \/>\n<meta property=\"og:type\" content=\"article\" \/>\n<meta property=\"og:title\" content=\"Information om personuppgifter\" \/>\n<meta property=\"og:description\" content=\"House of Oliver Twist till\u00e4mpar vid var tid g\u00e4llande regelverk om behandling av personuppgifter och arbetar kontinuerligt f\u00f6r att p\u00e5 b\u00e4sta s\u00e4tt skydda din integritet. Denna information riktar sig till dig som har en relation till House of Oliver Twist A\/S (\u201cOliver Twist\u201d). Personuppgiftsansvarig House of Oliver Twist A\/S (Herman Kr\u00fcgers Eftf. A\/S), org. nr. [&hellip;]\" \/>\n<meta property=\"og:url\" content=\"https:\/\/oliver-twist.dk\/sv\/information-om-personuppgifter\/\" \/>\n<meta property=\"og:site_name\" content=\"Oliver Twist\" \/>\n<meta property=\"article:publisher\" content=\"https:\/\/www.facebook.com\/HouseofOliverTwist\/\" \/>\n<meta property=\"article:modified_time\" content=\"2019-02-07T14:51:01+00:00\" \/>\n<meta name=\"twitter:card\" content=\"summary_large_image\" \/>\n<meta name=\"twitter:label1\" content=\"Ber\u00e4knad l\u00e4stid\" \/>\n\t<meta name=\"twitter:data1\" content=\"1 minut\" \/>\n<script type=\"application\/ld+json\" class=\"yoast-schema-graph\">{\"@context\":\"https:\/\/schema.org\",\"@graph\":[{\"@type\":\"WebPage\",\"@id\":\"https:\/\/oliver-twist.dk\/sv\/information-om-personuppgifter\/\",\"url\":\"https:\/\/oliver-twist.dk\/sv\/information-om-personuppgifter\/\",\"name\":\"Information om personuppgifter | Oliver Twist\",\"isPartOf\":{\"@id\":\"https:\/\/oliver-twist.dk\/en\/#website\"},\"datePublished\":\"2019-02-07T13:36:20+00:00\",\"dateModified\":\"2019-02-07T14:51:01+00:00\",\"breadcrumb\":{\"@id\":\"https:\/\/oliver-twist.dk\/sv\/information-om-personuppgifter\/#breadcrumb\"},\"inLanguage\":\"sv-SE\",\"potentialAction\":[{\"@type\":\"ReadAction\",\"target\":[\"https:\/\/oliver-twist.dk\/sv\/information-om-personuppgifter\/\"]}]},{\"@type\":\"BreadcrumbList\",\"@id\":\"https:\/\/oliver-twist.dk\/sv\/information-om-personuppgifter\/#breadcrumb\",\"itemListElement\":[{\"@type\":\"ListItem\",\"position\":1,\"name\":\"Startseite\",\"item\":\"https:\/\/oliver-twist.dk\/sv\/\"},{\"@type\":\"ListItem\",\"position\":2,\"name\":\"Information om personuppgifter\"}]},{\"@type\":\"WebSite\",\"@id\":\"https:\/\/oliver-twist.dk\/en\/#website\",\"url\":\"https:\/\/oliver-twist.dk\/en\/\",\"name\":\"Oliver Twist\",\"description\":\"Sm\u00e5 diskrete tobakspastiller med naturligt nikotin indhold\",\"publisher\":{\"@id\":\"https:\/\/oliver-twist.dk\/en\/#organization\"},\"potentialAction\":[{\"@type\":\"SearchAction\",\"target\":{\"@type\":\"EntryPoint\",\"urlTemplate\":\"https:\/\/oliver-twist.dk\/en\/?s={search_term_string}\"},\"query-input\":{\"@type\":\"PropertyValueSpecification\",\"valueRequired\":true,\"valueName\":\"search_term_string\"}}],\"inLanguage\":\"sv-SE\"},{\"@type\":\"Organization\",\"@id\":\"https:\/\/oliver-twist.dk\/en\/#organization\",\"name\":\"House of Oliver Twist\",\"url\":\"https:\/\/oliver-twist.dk\/en\/\",\"logo\":{\"@type\":\"ImageObject\",\"inLanguage\":\"sv-SE\",\"@id\":\"https:\/\/oliver-twist.dk\/en\/#\/schema\/logo\/image\/\",\"url\":\"https:\/\/oliver-twist.dk\/wp-content\/uploads\/2020\/09\/Oliver-Twist_Sort-PNG-1.png\",\"contentUrl\":\"https:\/\/oliver-twist.dk\/wp-content\/uploads\/2020\/09\/Oliver-Twist_Sort-PNG-1.png\",\"width\":774,\"height\":236,\"caption\":\"House of Oliver Twist\"},\"image\":{\"@id\":\"https:\/\/oliver-twist.dk\/en\/#\/schema\/logo\/image\/\"},\"sameAs\":[\"https:\/\/www.facebook.com\/HouseofOliverTwist\/\",\"https:\/\/www.linkedin.com\/company\/house-of-oliver-twist\/\",\"https:\/\/www.youtube.com\/channel\/UCnHIfJXeHCZHCcWjKW_fVCg\"]}]}<\/script>\n<!-- \/ Yoast SEO Premium plugin. -->","yoast_head_json":{"title":"Information om personuppgifter | Oliver Twist","robots":{"index":"index","follow":"follow","max-snippet":"max-snippet:-1","max-image-preview":"max-image-preview:large","max-video-preview":"max-video-preview:-1"},"canonical":"https:\/\/oliver-twist.dk\/sv\/information-om-personuppgifter\/","og_locale":"sv_SE","og_type":"article","og_title":"Information om personuppgifter","og_description":"House of Oliver Twist till\u00e4mpar vid var tid g\u00e4llande regelverk om behandling av personuppgifter och arbetar kontinuerligt f\u00f6r att p\u00e5 b\u00e4sta s\u00e4tt skydda din integritet. Denna information riktar sig till dig som har en relation till House of Oliver Twist A\/S (\u201cOliver Twist\u201d). Personuppgiftsansvarig House of Oliver Twist A\/S (Herman Kr\u00fcgers Eftf. A\/S), org. nr. [&hellip;]","og_url":"https:\/\/oliver-twist.dk\/sv\/information-om-personuppgifter\/","og_site_name":"Oliver Twist","article_publisher":"https:\/\/www.facebook.com\/HouseofOliverTwist\/","article_modified_time":"2019-02-07T14:51:01+00:00","twitter_card":"summary_large_image","twitter_misc":{"Ber\u00e4knad l\u00e4stid":"1 minut"},"schema":{"@context":"https:\/\/schema.org","@graph":[{"@type":"WebPage","@id":"https:\/\/oliver-twist.dk\/sv\/information-om-personuppgifter\/","url":"https:\/\/oliver-twist.dk\/sv\/information-om-personuppgifter\/","name":"Information om personuppgifter | Oliver Twist","isPartOf":{"@id":"https:\/\/oliver-twist.dk\/en\/#website"},"datePublished":"2019-02-07T13:36:20+00:00","dateModified":"2019-02-07T14:51:01+00:00","breadcrumb":{"@id":"https:\/\/oliver-twist.dk\/sv\/information-om-personuppgifter\/#breadcrumb"},"inLanguage":"sv-SE","potentialAction":[{"@type":"ReadAction","target":["https:\/\/oliver-twist.dk\/sv\/information-om-personuppgifter\/"]}]},{"@type":"BreadcrumbList","@id":"https:\/\/oliver-twist.dk\/sv\/information-om-personuppgifter\/#breadcrumb","itemListElement":[{"@type":"ListItem","position":1,"name":"Startseite","item":"https:\/\/oliver-twist.dk\/sv\/"},{"@type":"ListItem","position":2,"name":"Information om personuppgifter"}]},{"@type":"WebSite","@id":"https:\/\/oliver-twist.dk\/en\/#website","url":"https:\/\/oliver-twist.dk\/en\/","name":"Oliver Twist","description":"Sm\u00e5 diskrete tobakspastiller med naturligt nikotin indhold","publisher":{"@id":"https:\/\/oliver-twist.dk\/en\/#organization"},"potentialAction":[{"@type":"SearchAction","target":{"@type":"EntryPoint","urlTemplate":"https:\/\/oliver-twist.dk\/en\/?s={search_term_string}"},"query-input":{"@type":"PropertyValueSpecification","valueRequired":true,"valueName":"search_term_string"}}],"inLanguage":"sv-SE"},{"@type":"Organization","@id":"https:\/\/oliver-twist.dk\/en\/#organization","name":"House of Oliver Twist","url":"https:\/\/oliver-twist.dk\/en\/","logo":{"@type":"ImageObject","inLanguage":"sv-SE","@id":"https:\/\/oliver-twist.dk\/en\/#\/schema\/logo\/image\/","url":"https:\/\/oliver-twist.dk\/wp-content\/uploads\/2020\/09\/Oliver-Twist_Sort-PNG-1.png","contentUrl":"https:\/\/oliver-twist.dk\/wp-content\/uploads\/2020\/09\/Oliver-Twist_Sort-PNG-1.png","width":774,"height":236,"caption":"House of Oliver Twist"},"image":{"@id":"https:\/\/oliver-twist.dk\/en\/#\/schema\/logo\/image\/"},"sameAs":["https:\/\/www.facebook.com\/HouseofOliverTwist\/","https:\/\/www.linkedin.com\/company\/house-of-oliver-twist\/","https:\/\/www.youtube.com\/channel\/UCnHIfJXeHCZHCcWjKW_fVCg"]}]}},"_links":{"self":[{"href":"https:\/\/oliver-twist.dk\/sv\/wp-json\/wp\/v2\/pages\/4381","targetHints":{"allow":["GET"]}}],"collection":[{"href":"https:\/\/oliver-twist.dk\/sv\/wp-json\/wp\/v2\/pages"}],"about":[{"href":"https:\/\/oliver-twist.dk\/sv\/wp-json\/wp\/v2\/types\/page"}],"author":[{"embeddable":true,"href":"https:\/\/oliver-twist.dk\/sv\/wp-json\/wp\/v2\/users\/5"}],"replies":[{"embeddable":true,"href":"https:\/\/oliver-twist.dk\/sv\/wp-json\/wp\/v2\/comments?post=4381"}],"version-history":[{"count":5,"href":"https:\/\/oliver-twist.dk\/sv\/wp-json\/wp\/v2\/pages\/4381\/revisions"}],"predecessor-version":[{"id":4440,"href":"https:\/\/oliver-twist.dk\/sv\/wp-json\/wp\/v2\/pages\/4381\/revisions\/4440"}],"wp:attachment":[{"href":"https:\/\/oliver-twist.dk\/sv\/wp-json\/wp\/v2\/media?parent=4381"}],"curies":[{"name":"wp","href":"https:\/\/api.w.org\/{rel}","templated":true}]}}