{"id":1727,"date":"2017-12-20T12:58:33","date_gmt":"2017-12-20T11:58:33","guid":{"rendered":"http:\/\/oliver-twist.dk\/?page_id=1727"},"modified":"2025-09-02T07:07:50","modified_gmt":"2025-09-02T05:07:50","slug":"cookiepolicy","status":"publish","type":"page","link":"https:\/\/oliver-twist.dk\/sv\/cookiepolicy\/","title":{"rendered":"Cookiepolicy"},"content":{"rendered":"<h1>Cookiepolicy<\/h1>\n<h3>Vad \u00e4r en cookie?<\/h3>\n<p>En cookie \u00e4r en liten textfil som lagras p\u00e5, och vid senare bes\u00f6k h\u00e4mtas fr\u00e5n, din dator, surfplatta, mobiltelefon eller liknande enhet n\u00e4r du bes\u00f6ker webbplatsen<a href=\"http:\/\/www.oliver-twist.se\"> www.oliver-twist.se<\/a> (\u201dWebbplatsen\u201d) som tillh\u00f6r House of Oliver Twist A\/S (\u201cOliver Twist\u201d). Cookies g\u00f6r bl.a. att Webbplatsen kommer ih\u00e5g information om ditt bes\u00f6k s\u00e5 att du ska kunna f\u00e5 en b\u00e4ttre anv\u00e4ndarupplevelse.<\/p>\n<p>Det finns tv\u00e5 typer av cookies; s\u00e5 kallade persistenta cookies och sessionscookies. Den persistenta cookien sparas under en l\u00e4ngre tid p\u00e5 din enhet efter att webbl\u00e4saren st\u00e4ngs och anv\u00e4nds t.ex. f\u00f6r att komma ih\u00e5g de val du har gjort vid tidigare bes\u00f6k. Sessionscookien lagras tempor\u00e4rt i din webbl\u00e4sare t.ex. f\u00f6r att komma ih\u00e5g vilket spr\u00e5k som du valt. Den raderas automatiskt efter att webbl\u00e4saren st\u00e4ngs.<\/p>\n<p>Det finns ocks\u00e5 s.k. tredjepartscookies vilket betyder att cookien inte kommer fr\u00e5n oss utan n\u00e5gon annan. Tredjepartscookies anv\u00e4nds ofta f\u00f6r webbstatisk, t.ex. Google Analytics.<\/p>\n<h3><strong>F\u00f6r vilka \u00e4ndam\u00e5l anv\u00e4nds cookies p\u00e5 Webbplatsen?<\/strong><\/h3>\n<p>Oliver Twist anv\u00e4nder persistenta cookies och sessionscookies f\u00f6r att m\u00f6jligg\u00f6ra anv\u00e4ndande av Webbplatsen. Cookies anv\u00e4nds \u00e4ven f\u00f6r att spara information mellan dina bes\u00f6k.<\/p>\n<p>Oliver Twist anv\u00e4nder tredjepartcookies f\u00f6r analys av anv\u00e4ndning av Webbplatsen som ligger till grund f\u00f6r v\u00e5r framtida utveckling. Se mer information om specifika tredjepartscookies nedan.<\/p>\n<p><strong>Anv\u00e4ndning av Google Analytics (tredjepartscookie)<\/strong><\/p>\n<p>Oliver Twist anv\u00e4nder Google Analytics som \u00e4r en vedertagen produkt fr\u00e5n Google och som anv\u00e4nder cookies f\u00f6r att p\u00e5 en generell niv\u00e5 f\u00f6rst\u00e5 hur bes\u00f6kare interagerar med Webbplatsen. Informationen i dessa cookies, inklusive din IP-adress, kommer Google tillhanda, lagras och anv\u00e4nds av Google Analytics p\u00e5 servrar i USA. Om du som internetanv\u00e4ndare specifikt vill undvika att bli sp\u00e5rad av Google tillhandah\u00e5ller Google sj\u00e4lva f\u00f6ljande tj\u00e4nst: <a href=\"https:\/\/tools.google.com\/dlpage\/gaoptout\">https:\/\/tools.google.com\/dlpage\/gaoptout<\/a>.<\/p>\n<h3><strong>Hur st\u00e4nger jag av cookies?<\/strong><\/h3>\n<p>Om du inte godk\u00e4nner anv\u00e4ndning av cookies p\u00e5 Webbplatsen kan du enkelt st\u00e4nga av eller begr\u00e4nsa cookies via din webbl\u00e4sarens s\u00e4kerhetsinst\u00e4llningar. Anv\u00e4nd webbl\u00e4sarens hj\u00e4lp-funktion f\u00f6r att ta reda p\u00e5 hur.<\/p>\n<p>Om du st\u00e4nger av eller begr\u00e4nsar cookies p\u00e5 Webbplatsen \u00e4r det m\u00f6jligt att du inte kan anv\u00e4nda alla tj\u00e4nster och funktioner p\u00e5 Webbplatsen.<\/p>\n<h3><strong>Information om personuppgifter<\/strong><\/h3>\n<p>L\u00e4s mer om hur Oliver Twist anv\u00e4nder dina personuppgifter i v\u00e5r<a href=\"https:\/\/oliver-twist.dk\/sv\/information-om-personuppgifter\/\"> <u>Information om personuppgifter<\/u><\/a>.<\/p>\n<h3><strong>\u00c4ndringar i denna information<\/strong><\/h3>\n<p>Senaste uppdateringen av denna information: 2018-12-03 (Version 1.1)<\/p>\n\n\n<div id=\"ot-sdk-cookie-policy\"> <\/div>\n","protected":false},"excerpt":{"rendered":"<p>Cookiepolicy Vad \u00e4r en cookie? En cookie \u00e4r en liten textfil som lagras p\u00e5, och vid senare bes\u00f6k h\u00e4mtas fr\u00e5n, din dator, surfplatta, mobiltelefon eller liknande enhet n\u00e4r du bes\u00f6ker webbplatsen www.oliver-twist.se (\u201dWebbplatsen\u201d) som tillh\u00f6r House of Oliver Twist A\/S (\u201cOliver Twist\u201d). Cookies g\u00f6r bl.a. att Webbplatsen kommer ih\u00e5g information om ditt bes\u00f6k s\u00e5 att [&hellip;]<\/p>\n","protected":false},"author":6,"featured_media":0,"parent":0,"menu_order":39,"comment_status":"closed","ping_status":"closed","template":"","meta":{"_acf_changed":false,"footnotes":""},"class_list":["post-1727","page","type-page","status-publish","hentry"],"acf":[],"yoast_head":"<!-- This site is optimized with the Yoast SEO Premium plugin v27.0 (Yoast SEO v27.0) - https:\/\/yoast.com\/product\/yoast-seo-premium-wordpress\/ -->\n<title>Cookiepolicy | Oliver Twist<\/title>\n<meta name=\"robots\" content=\"index, follow, max-snippet:-1, max-image-preview:large, max-video-preview:-1\" \/>\n<link rel=\"canonical\" href=\"https:\/\/oliver-twist.dk\/sv\/cookiepolicy\/\" \/>\n<meta property=\"og:locale\" content=\"sv_SE\" \/>\n<meta property=\"og:type\" content=\"article\" \/>\n<meta property=\"og:title\" content=\"Cookiepolicy\" \/>\n<meta property=\"og:description\" content=\"Cookiepolicy Vad \u00e4r en cookie? En cookie \u00e4r en liten textfil som lagras p\u00e5, och vid senare bes\u00f6k h\u00e4mtas fr\u00e5n, din dator, surfplatta, mobiltelefon eller liknande enhet n\u00e4r du bes\u00f6ker webbplatsen www.oliver-twist.se (\u201dWebbplatsen\u201d) som tillh\u00f6r House of Oliver Twist A\/S (\u201cOliver Twist\u201d). Cookies g\u00f6r bl.a. att Webbplatsen kommer ih\u00e5g information om ditt bes\u00f6k s\u00e5 att [&hellip;]\" \/>\n<meta property=\"og:url\" content=\"https:\/\/oliver-twist.dk\/sv\/cookiepolicy\/\" \/>\n<meta property=\"og:site_name\" content=\"Oliver Twist\" \/>\n<meta property=\"article:publisher\" content=\"https:\/\/www.facebook.com\/HouseofOliverTwist\/\" \/>\n<meta property=\"article:modified_time\" content=\"2025-09-02T05:07:50+00:00\" \/>\n<meta name=\"twitter:card\" content=\"summary_large_image\" \/>\n<meta name=\"twitter:label1\" content=\"Ber\u00e4knad l\u00e4stid\" \/>\n\t<meta name=\"twitter:data1\" content=\"2 minuter\" \/>\n<script type=\"application\/ld+json\" class=\"yoast-schema-graph\">{\"@context\":\"https:\/\/schema.org\",\"@graph\":[{\"@type\":\"WebPage\",\"@id\":\"https:\/\/oliver-twist.dk\/sv\/cookiepolicy\/\",\"url\":\"https:\/\/oliver-twist.dk\/sv\/cookiepolicy\/\",\"name\":\"Cookiepolicy | Oliver Twist\",\"isPartOf\":{\"@id\":\"https:\/\/oliver-twist.dk\/en\/#website\"},\"datePublished\":\"2017-12-20T11:58:33+00:00\",\"dateModified\":\"2025-09-02T05:07:50+00:00\",\"breadcrumb\":{\"@id\":\"https:\/\/oliver-twist.dk\/sv\/cookiepolicy\/#breadcrumb\"},\"inLanguage\":\"sv-SE\",\"potentialAction\":[{\"@type\":\"ReadAction\",\"target\":[\"https:\/\/oliver-twist.dk\/sv\/cookiepolicy\/\"]}]},{\"@type\":\"BreadcrumbList\",\"@id\":\"https:\/\/oliver-twist.dk\/sv\/cookiepolicy\/#breadcrumb\",\"itemListElement\":[{\"@type\":\"ListItem\",\"position\":1,\"name\":\"Startseite\",\"item\":\"https:\/\/oliver-twist.dk\/sv\/\"},{\"@type\":\"ListItem\",\"position\":2,\"name\":\"Cookiepolicy\"}]},{\"@type\":\"WebSite\",\"@id\":\"https:\/\/oliver-twist.dk\/en\/#website\",\"url\":\"https:\/\/oliver-twist.dk\/en\/\",\"name\":\"Oliver Twist\",\"description\":\"Sm\u00e5 diskrete tobakspastiller med naturligt nikotin indhold\",\"publisher\":{\"@id\":\"https:\/\/oliver-twist.dk\/en\/#organization\"},\"potentialAction\":[{\"@type\":\"SearchAction\",\"target\":{\"@type\":\"EntryPoint\",\"urlTemplate\":\"https:\/\/oliver-twist.dk\/en\/?s={search_term_string}\"},\"query-input\":{\"@type\":\"PropertyValueSpecification\",\"valueRequired\":true,\"valueName\":\"search_term_string\"}}],\"inLanguage\":\"sv-SE\"},{\"@type\":\"Organization\",\"@id\":\"https:\/\/oliver-twist.dk\/en\/#organization\",\"name\":\"House of Oliver Twist\",\"url\":\"https:\/\/oliver-twist.dk\/en\/\",\"logo\":{\"@type\":\"ImageObject\",\"inLanguage\":\"sv-SE\",\"@id\":\"https:\/\/oliver-twist.dk\/en\/#\/schema\/logo\/image\/\",\"url\":\"https:\/\/oliver-twist.dk\/wp-content\/uploads\/2020\/09\/Oliver-Twist_Sort-PNG-1.png\",\"contentUrl\":\"https:\/\/oliver-twist.dk\/wp-content\/uploads\/2020\/09\/Oliver-Twist_Sort-PNG-1.png\",\"width\":774,\"height\":236,\"caption\":\"House of Oliver Twist\"},\"image\":{\"@id\":\"https:\/\/oliver-twist.dk\/en\/#\/schema\/logo\/image\/\"},\"sameAs\":[\"https:\/\/www.facebook.com\/HouseofOliverTwist\/\",\"https:\/\/www.linkedin.com\/company\/house-of-oliver-twist\/\",\"https:\/\/www.youtube.com\/channel\/UCnHIfJXeHCZHCcWjKW_fVCg\"]}]}<\/script>\n<!-- \/ Yoast SEO Premium plugin. -->","yoast_head_json":{"title":"Cookiepolicy | Oliver Twist","robots":{"index":"index","follow":"follow","max-snippet":"max-snippet:-1","max-image-preview":"max-image-preview:large","max-video-preview":"max-video-preview:-1"},"canonical":"https:\/\/oliver-twist.dk\/sv\/cookiepolicy\/","og_locale":"sv_SE","og_type":"article","og_title":"Cookiepolicy","og_description":"Cookiepolicy Vad \u00e4r en cookie? En cookie \u00e4r en liten textfil som lagras p\u00e5, och vid senare bes\u00f6k h\u00e4mtas fr\u00e5n, din dator, surfplatta, mobiltelefon eller liknande enhet n\u00e4r du bes\u00f6ker webbplatsen www.oliver-twist.se (\u201dWebbplatsen\u201d) som tillh\u00f6r House of Oliver Twist A\/S (\u201cOliver Twist\u201d). Cookies g\u00f6r bl.a. att Webbplatsen kommer ih\u00e5g information om ditt bes\u00f6k s\u00e5 att [&hellip;]","og_url":"https:\/\/oliver-twist.dk\/sv\/cookiepolicy\/","og_site_name":"Oliver Twist","article_publisher":"https:\/\/www.facebook.com\/HouseofOliverTwist\/","article_modified_time":"2025-09-02T05:07:50+00:00","twitter_card":"summary_large_image","twitter_misc":{"Ber\u00e4knad l\u00e4stid":"2 minuter"},"schema":{"@context":"https:\/\/schema.org","@graph":[{"@type":"WebPage","@id":"https:\/\/oliver-twist.dk\/sv\/cookiepolicy\/","url":"https:\/\/oliver-twist.dk\/sv\/cookiepolicy\/","name":"Cookiepolicy | Oliver Twist","isPartOf":{"@id":"https:\/\/oliver-twist.dk\/en\/#website"},"datePublished":"2017-12-20T11:58:33+00:00","dateModified":"2025-09-02T05:07:50+00:00","breadcrumb":{"@id":"https:\/\/oliver-twist.dk\/sv\/cookiepolicy\/#breadcrumb"},"inLanguage":"sv-SE","potentialAction":[{"@type":"ReadAction","target":["https:\/\/oliver-twist.dk\/sv\/cookiepolicy\/"]}]},{"@type":"BreadcrumbList","@id":"https:\/\/oliver-twist.dk\/sv\/cookiepolicy\/#breadcrumb","itemListElement":[{"@type":"ListItem","position":1,"name":"Startseite","item":"https:\/\/oliver-twist.dk\/sv\/"},{"@type":"ListItem","position":2,"name":"Cookiepolicy"}]},{"@type":"WebSite","@id":"https:\/\/oliver-twist.dk\/en\/#website","url":"https:\/\/oliver-twist.dk\/en\/","name":"Oliver Twist","description":"Sm\u00e5 diskrete tobakspastiller med naturligt nikotin indhold","publisher":{"@id":"https:\/\/oliver-twist.dk\/en\/#organization"},"potentialAction":[{"@type":"SearchAction","target":{"@type":"EntryPoint","urlTemplate":"https:\/\/oliver-twist.dk\/en\/?s={search_term_string}"},"query-input":{"@type":"PropertyValueSpecification","valueRequired":true,"valueName":"search_term_string"}}],"inLanguage":"sv-SE"},{"@type":"Organization","@id":"https:\/\/oliver-twist.dk\/en\/#organization","name":"House of Oliver Twist","url":"https:\/\/oliver-twist.dk\/en\/","logo":{"@type":"ImageObject","inLanguage":"sv-SE","@id":"https:\/\/oliver-twist.dk\/en\/#\/schema\/logo\/image\/","url":"https:\/\/oliver-twist.dk\/wp-content\/uploads\/2020\/09\/Oliver-Twist_Sort-PNG-1.png","contentUrl":"https:\/\/oliver-twist.dk\/wp-content\/uploads\/2020\/09\/Oliver-Twist_Sort-PNG-1.png","width":774,"height":236,"caption":"House of Oliver Twist"},"image":{"@id":"https:\/\/oliver-twist.dk\/en\/#\/schema\/logo\/image\/"},"sameAs":["https:\/\/www.facebook.com\/HouseofOliverTwist\/","https:\/\/www.linkedin.com\/company\/house-of-oliver-twist\/","https:\/\/www.youtube.com\/channel\/UCnHIfJXeHCZHCcWjKW_fVCg"]}]}},"_links":{"self":[{"href":"https:\/\/oliver-twist.dk\/sv\/wp-json\/wp\/v2\/pages\/1727","targetHints":{"allow":["GET"]}}],"collection":[{"href":"https:\/\/oliver-twist.dk\/sv\/wp-json\/wp\/v2\/pages"}],"about":[{"href":"https:\/\/oliver-twist.dk\/sv\/wp-json\/wp\/v2\/types\/page"}],"author":[{"embeddable":true,"href":"https:\/\/oliver-twist.dk\/sv\/wp-json\/wp\/v2\/users\/6"}],"replies":[{"embeddable":true,"href":"https:\/\/oliver-twist.dk\/sv\/wp-json\/wp\/v2\/comments?post=1727"}],"version-history":[{"count":5,"href":"https:\/\/oliver-twist.dk\/sv\/wp-json\/wp\/v2\/pages\/1727\/revisions"}],"predecessor-version":[{"id":16714,"href":"https:\/\/oliver-twist.dk\/sv\/wp-json\/wp\/v2\/pages\/1727\/revisions\/16714"}],"wp:attachment":[{"href":"https:\/\/oliver-twist.dk\/sv\/wp-json\/wp\/v2\/media?parent=1727"}],"curies":[{"name":"wp","href":"https:\/\/api.w.org\/{rel}","templated":true}]}}