{"id":1378,"date":"2017-12-19T10:36:01","date_gmt":"2017-12-19T09:36:01","guid":{"rendered":"http:\/\/oliver-twist.dk\/?page_id=1378"},"modified":"2020-09-10T14:58:37","modified_gmt":"2020-09-10T12:58:37","slug":"faq","status":"publish","type":"page","link":"https:\/\/oliver-twist.dk\/sv\/faq\/","title":{"rendered":"FAQ"},"content":{"rendered":"<p style=\"text-align: center;\">H\u00e4r hittar du svar p\u00e5 de fr\u00e5gor som oftast st\u00e4lls av v\u00e5ra konsumenter.<br \/>\nHar du en fr\u00e5ga som du inte hittar n\u00e5got svar p\u00e5 h\u00e4r, \u00e4r du mycket v\u00e4lkommen att kontakta oss p\u00e5 <a href=\"mailto:info@oliver-twist.dk\">info@oliver-twist.dk<\/a><\/p>\n","protected":false},"excerpt":{"rendered":"<p>H\u00e4r hittar du svar p\u00e5 de fr\u00e5gor som oftast st\u00e4lls av v\u00e5ra konsumenter. Har du en fr\u00e5ga som du inte hittar n\u00e5got svar p\u00e5 h\u00e4r, \u00e4r du mycket v\u00e4lkommen att kontakta oss p\u00e5 info@oliver-twist.dk<\/p>\n","protected":false},"author":5,"featured_media":0,"parent":0,"menu_order":80,"comment_status":"closed","ping_status":"closed","template":"templates\/faq.php","meta":{"_acf_changed":false,"footnotes":""},"class_list":["post-1378","page","type-page","status-publish","hentry"],"acf":[],"yoast_head":"<!-- This site is optimized with the Yoast SEO Premium plugin v27.0 (Yoast SEO v27.0) - https:\/\/yoast.com\/product\/yoast-seo-premium-wordpress\/ -->\n<title>Fr\u00e5gor och svar - Oliver Twist tuggtobak<\/title>\n<meta name=\"description\" content=\"H\u00e4r hittar du svar p\u00e5 de fr\u00e5gor som oftast st\u00e4lls av v\u00e5ra konsumenter. Vad \u00e4r portionsbitar?: Portionsbitar \u00e4r sm\u00e5 rullar av tobak.\" \/>\n<meta name=\"robots\" content=\"index, follow, max-snippet:-1, max-image-preview:large, max-video-preview:-1\" \/>\n<link rel=\"canonical\" href=\"https:\/\/oliver-twist.dk\/sv\/faq\/\" \/>\n<meta property=\"og:locale\" content=\"sv_SE\" \/>\n<meta property=\"og:type\" content=\"article\" \/>\n<meta property=\"og:title\" content=\"FAQ\" \/>\n<meta property=\"og:description\" content=\"H\u00e4r hittar du svar p\u00e5 de fr\u00e5gor som oftast st\u00e4lls av v\u00e5ra konsumenter. Vad \u00e4r portionsbitar?: Portionsbitar \u00e4r sm\u00e5 rullar av tobak.\" \/>\n<meta property=\"og:url\" content=\"https:\/\/oliver-twist.dk\/sv\/faq\/\" \/>\n<meta property=\"og:site_name\" content=\"Oliver Twist\" \/>\n<meta property=\"article:publisher\" content=\"https:\/\/www.facebook.com\/HouseofOliverTwist\/\" \/>\n<meta property=\"article:modified_time\" content=\"2020-09-10T12:58:37+00:00\" \/>\n<meta name=\"twitter:card\" content=\"summary_large_image\" \/>\n<!-- \/ Yoast SEO Premium plugin. -->","yoast_head_json":{"title":"Fr\u00e5gor och svar - Oliver Twist tuggtobak","description":"H\u00e4r hittar du svar p\u00e5 de fr\u00e5gor som oftast st\u00e4lls av v\u00e5ra konsumenter. Vad \u00e4r portionsbitar?: Portionsbitar \u00e4r sm\u00e5 rullar av tobak.","robots":{"index":"index","follow":"follow","max-snippet":"max-snippet:-1","max-image-preview":"max-image-preview:large","max-video-preview":"max-video-preview:-1"},"canonical":"https:\/\/oliver-twist.dk\/sv\/faq\/","og_locale":"sv_SE","og_type":"article","og_title":"FAQ","og_description":"H\u00e4r hittar du svar p\u00e5 de fr\u00e5gor som oftast st\u00e4lls av v\u00e5ra konsumenter. Vad \u00e4r portionsbitar?: Portionsbitar \u00e4r sm\u00e5 rullar av tobak.","og_url":"https:\/\/oliver-twist.dk\/sv\/faq\/","og_site_name":"Oliver Twist","article_publisher":"https:\/\/www.facebook.com\/HouseofOliverTwist\/","article_modified_time":"2020-09-10T12:58:37+00:00","twitter_card":"summary_large_image","schema":{"@context":"https:\/\/schema.org","@graph":[{"@type":"WebPage","@id":"https:\/\/oliver-twist.dk\/sv\/faq\/","url":"https:\/\/oliver-twist.dk\/sv\/faq\/","name":"Fr\u00e5gor och svar - Oliver Twist tuggtobak","isPartOf":{"@id":"https:\/\/oliver-twist.dk\/en\/#website"},"datePublished":"2017-12-19T09:36:01+00:00","dateModified":"2020-09-10T12:58:37+00:00","description":"H\u00e4r hittar du svar p\u00e5 de fr\u00e5gor som oftast st\u00e4lls av v\u00e5ra konsumenter. Vad \u00e4r portionsbitar?: Portionsbitar \u00e4r sm\u00e5 rullar av tobak.","breadcrumb":{"@id":"https:\/\/oliver-twist.dk\/sv\/faq\/#breadcrumb"},"inLanguage":"sv-SE","potentialAction":[{"@type":"ReadAction","target":["https:\/\/oliver-twist.dk\/sv\/faq\/"]}]},{"@type":"BreadcrumbList","@id":"https:\/\/oliver-twist.dk\/sv\/faq\/#breadcrumb","itemListElement":[{"@type":"ListItem","position":1,"name":"Startseite","item":"https:\/\/oliver-twist.dk\/sv\/"},{"@type":"ListItem","position":2,"name":"FAQ"}]},{"@type":"WebSite","@id":"https:\/\/oliver-twist.dk\/en\/#website","url":"https:\/\/oliver-twist.dk\/en\/","name":"Oliver Twist","description":"Sm\u00e5 diskrete tobakspastiller med naturligt nikotin indhold","publisher":{"@id":"https:\/\/oliver-twist.dk\/en\/#organization"},"potentialAction":[{"@type":"SearchAction","target":{"@type":"EntryPoint","urlTemplate":"https:\/\/oliver-twist.dk\/en\/?s={search_term_string}"},"query-input":{"@type":"PropertyValueSpecification","valueRequired":true,"valueName":"search_term_string"}}],"inLanguage":"sv-SE"},{"@type":"Organization","@id":"https:\/\/oliver-twist.dk\/en\/#organization","name":"House of Oliver Twist","url":"https:\/\/oliver-twist.dk\/en\/","logo":{"@type":"ImageObject","inLanguage":"sv-SE","@id":"https:\/\/oliver-twist.dk\/en\/#\/schema\/logo\/image\/","url":"https:\/\/oliver-twist.dk\/wp-content\/uploads\/2020\/09\/Oliver-Twist_Sort-PNG-1.png","contentUrl":"https:\/\/oliver-twist.dk\/wp-content\/uploads\/2020\/09\/Oliver-Twist_Sort-PNG-1.png","width":774,"height":236,"caption":"House of Oliver Twist"},"image":{"@id":"https:\/\/oliver-twist.dk\/en\/#\/schema\/logo\/image\/"},"sameAs":["https:\/\/www.facebook.com\/HouseofOliverTwist\/","https:\/\/www.linkedin.com\/company\/house-of-oliver-twist\/","https:\/\/www.youtube.com\/channel\/UCnHIfJXeHCZHCcWjKW_fVCg"]}]}},"_links":{"self":[{"href":"https:\/\/oliver-twist.dk\/sv\/wp-json\/wp\/v2\/pages\/1378","targetHints":{"allow":["GET"]}}],"collection":[{"href":"https:\/\/oliver-twist.dk\/sv\/wp-json\/wp\/v2\/pages"}],"about":[{"href":"https:\/\/oliver-twist.dk\/sv\/wp-json\/wp\/v2\/types\/page"}],"author":[{"embeddable":true,"href":"https:\/\/oliver-twist.dk\/sv\/wp-json\/wp\/v2\/users\/5"}],"replies":[{"embeddable":true,"href":"https:\/\/oliver-twist.dk\/sv\/wp-json\/wp\/v2\/comments?post=1378"}],"version-history":[{"count":3,"href":"https:\/\/oliver-twist.dk\/sv\/wp-json\/wp\/v2\/pages\/1378\/revisions"}],"predecessor-version":[{"id":1391,"href":"https:\/\/oliver-twist.dk\/sv\/wp-json\/wp\/v2\/pages\/1378\/revisions\/1391"}],"wp:attachment":[{"href":"https:\/\/oliver-twist.dk\/sv\/wp-json\/wp\/v2\/media?parent=1378"}],"curies":[{"name":"wp","href":"https:\/\/api.w.org\/{rel}","templated":true}]}}