{"id":1343,"date":"2017-12-19T10:18:25","date_gmt":"2017-12-19T09:18:25","guid":{"rendered":"http:\/\/oliver-twist.dk\/?page_id=1343"},"modified":"2023-03-10T11:09:13","modified_gmt":"2023-03-10T10:09:13","slug":"konsumentpanel","status":"publish","type":"page","link":"https:\/\/oliver-twist.dk\/sv\/konsumentpanel\/","title":{"rendered":"Konsumentpanel"},"content":{"rendered":"<h1>Hj\u00e4lp oss bli b\u00e4ttre<\/h1>\n<p>Hj\u00e4lp oss att bli b\u00e4ttre, genom att delta i framtida produkttester och analyser. Se login-kod p\u00e5 insidan av locket p\u00e5 din Oliver Twist-ask.<\/p>\n","protected":false},"excerpt":{"rendered":"<p>Hj\u00e4lp oss bli b\u00e4ttre Hj\u00e4lp oss att bli b\u00e4ttre, genom att delta i framtida produkttester och analyser. Se login-kod p\u00e5 insidan av locket p\u00e5 din Oliver Twist-ask.<\/p>\n","protected":false},"author":5,"featured_media":724,"parent":0,"menu_order":74,"comment_status":"closed","ping_status":"closed","template":"templates\/login.php","meta":{"_acf_changed":false,"footnotes":""},"class_list":["post-1343","page","type-page","status-publish","has-post-thumbnail","hentry"],"acf":[],"yoast_head":"<!-- This site is optimized with the Yoast SEO Premium plugin v27.0 (Yoast SEO v27.0) - https:\/\/yoast.com\/product\/yoast-seo-premium-wordpress\/ -->\n<title>Konsumentpanel | Oliver Twist<\/title>\n<meta name=\"description\" content=\"Hj\u00e4lp oss att bli b\u00e4ttre, genom att delta i framtida Oliver Twist produkttester och analyser. Se login-kod p\u00e5 insidan av locket p\u00e5 din Oliver Twist-ask.\" \/>\n<meta name=\"robots\" content=\"index, follow, max-snippet:-1, max-image-preview:large, max-video-preview:-1\" \/>\n<link rel=\"canonical\" href=\"https:\/\/oliver-twist.dk\/sv\/konsumentpanel\/\" \/>\n<meta property=\"og:locale\" content=\"sv_SE\" \/>\n<meta property=\"og:type\" content=\"article\" \/>\n<meta property=\"og:title\" content=\"Konsumentpanel\" \/>\n<meta property=\"og:description\" content=\"Hj\u00e4lp oss att bli b\u00e4ttre, genom att delta i framtida Oliver Twist produkttester och analyser. Se login-kod p\u00e5 insidan av locket p\u00e5 din Oliver Twist-ask.\" \/>\n<meta property=\"og:url\" content=\"https:\/\/oliver-twist.dk\/sv\/konsumentpanel\/\" \/>\n<meta property=\"og:site_name\" content=\"Oliver Twist\" \/>\n<meta property=\"article:publisher\" content=\"https:\/\/www.facebook.com\/HouseofOliverTwist\/\" \/>\n<meta property=\"article:modified_time\" content=\"2023-03-10T10:09:13+00:00\" \/>\n<meta property=\"og:image\" content=\"https:\/\/oliver-twist.dk\/wp-content\/uploads\/2017\/12\/product.jpg\" \/>\n\t<meta property=\"og:image:width\" content=\"1181\" \/>\n\t<meta property=\"og:image:height\" content=\"877\" \/>\n\t<meta property=\"og:image:type\" content=\"image\/jpeg\" \/>\n<meta name=\"twitter:card\" content=\"summary_large_image\" \/>\n<meta name=\"twitter:label1\" content=\"Ber\u00e4knad l\u00e4stid\" \/>\n\t<meta name=\"twitter:data1\" content=\"1 minut\" \/>\n<script type=\"application\/ld+json\" class=\"yoast-schema-graph\">{\"@context\":\"https:\/\/schema.org\",\"@graph\":[{\"@type\":\"WebPage\",\"@id\":\"https:\/\/oliver-twist.dk\/sv\/konsumentpanel\/\",\"url\":\"https:\/\/oliver-twist.dk\/sv\/konsumentpanel\/\",\"name\":\"Konsumentpanel | Oliver Twist\",\"isPartOf\":{\"@id\":\"https:\/\/oliver-twist.dk\/en\/#website\"},\"primaryImageOfPage\":{\"@id\":\"https:\/\/oliver-twist.dk\/sv\/konsumentpanel\/#primaryimage\"},\"image\":{\"@id\":\"https:\/\/oliver-twist.dk\/sv\/konsumentpanel\/#primaryimage\"},\"thumbnailUrl\":\"https:\/\/oliver-twist.dk\/wp-content\/uploads\/2017\/12\/product.jpg\",\"datePublished\":\"2017-12-19T09:18:25+00:00\",\"dateModified\":\"2023-03-10T10:09:13+00:00\",\"description\":\"Hj\u00e4lp oss att bli b\u00e4ttre, genom att delta i framtida Oliver Twist produkttester och analyser. Se login-kod p\u00e5 insidan av locket p\u00e5 din Oliver Twist-ask.\",\"breadcrumb\":{\"@id\":\"https:\/\/oliver-twist.dk\/sv\/konsumentpanel\/#breadcrumb\"},\"inLanguage\":\"sv-SE\",\"potentialAction\":[{\"@type\":\"ReadAction\",\"target\":[\"https:\/\/oliver-twist.dk\/sv\/konsumentpanel\/\"]}]},{\"@type\":\"ImageObject\",\"inLanguage\":\"sv-SE\",\"@id\":\"https:\/\/oliver-twist.dk\/sv\/konsumentpanel\/#primaryimage\",\"url\":\"https:\/\/oliver-twist.dk\/wp-content\/uploads\/2017\/12\/product.jpg\",\"contentUrl\":\"https:\/\/oliver-twist.dk\/wp-content\/uploads\/2017\/12\/product.jpg\",\"width\":1181,\"height\":877,\"caption\":\"Oliver Twist skr\u00e5tobak\"},{\"@type\":\"BreadcrumbList\",\"@id\":\"https:\/\/oliver-twist.dk\/sv\/konsumentpanel\/#breadcrumb\",\"itemListElement\":[{\"@type\":\"ListItem\",\"position\":1,\"name\":\"Startseite\",\"item\":\"https:\/\/oliver-twist.dk\/sv\/\"},{\"@type\":\"ListItem\",\"position\":2,\"name\":\"Konsumentpanel\"}]},{\"@type\":\"WebSite\",\"@id\":\"https:\/\/oliver-twist.dk\/en\/#website\",\"url\":\"https:\/\/oliver-twist.dk\/en\/\",\"name\":\"Oliver Twist\",\"description\":\"Sm\u00e5 diskrete tobakspastiller med naturligt nikotin indhold\",\"publisher\":{\"@id\":\"https:\/\/oliver-twist.dk\/en\/#organization\"},\"potentialAction\":[{\"@type\":\"SearchAction\",\"target\":{\"@type\":\"EntryPoint\",\"urlTemplate\":\"https:\/\/oliver-twist.dk\/en\/?s={search_term_string}\"},\"query-input\":{\"@type\":\"PropertyValueSpecification\",\"valueRequired\":true,\"valueName\":\"search_term_string\"}}],\"inLanguage\":\"sv-SE\"},{\"@type\":\"Organization\",\"@id\":\"https:\/\/oliver-twist.dk\/en\/#organization\",\"name\":\"House of Oliver Twist\",\"url\":\"https:\/\/oliver-twist.dk\/en\/\",\"logo\":{\"@type\":\"ImageObject\",\"inLanguage\":\"sv-SE\",\"@id\":\"https:\/\/oliver-twist.dk\/en\/#\/schema\/logo\/image\/\",\"url\":\"https:\/\/oliver-twist.dk\/wp-content\/uploads\/2020\/09\/Oliver-Twist_Sort-PNG-1.png\",\"contentUrl\":\"https:\/\/oliver-twist.dk\/wp-content\/uploads\/2020\/09\/Oliver-Twist_Sort-PNG-1.png\",\"width\":774,\"height\":236,\"caption\":\"House of Oliver Twist\"},\"image\":{\"@id\":\"https:\/\/oliver-twist.dk\/en\/#\/schema\/logo\/image\/\"},\"sameAs\":[\"https:\/\/www.facebook.com\/HouseofOliverTwist\/\",\"https:\/\/www.linkedin.com\/company\/house-of-oliver-twist\/\",\"https:\/\/www.youtube.com\/channel\/UCnHIfJXeHCZHCcWjKW_fVCg\"]}]}<\/script>\n<!-- \/ Yoast SEO Premium plugin. -->","yoast_head_json":{"title":"Konsumentpanel | Oliver Twist","description":"Hj\u00e4lp oss att bli b\u00e4ttre, genom att delta i framtida Oliver Twist produkttester och analyser. Se login-kod p\u00e5 insidan av locket p\u00e5 din Oliver Twist-ask.","robots":{"index":"index","follow":"follow","max-snippet":"max-snippet:-1","max-image-preview":"max-image-preview:large","max-video-preview":"max-video-preview:-1"},"canonical":"https:\/\/oliver-twist.dk\/sv\/konsumentpanel\/","og_locale":"sv_SE","og_type":"article","og_title":"Konsumentpanel","og_description":"Hj\u00e4lp oss att bli b\u00e4ttre, genom att delta i framtida Oliver Twist produkttester och analyser. Se login-kod p\u00e5 insidan av locket p\u00e5 din Oliver Twist-ask.","og_url":"https:\/\/oliver-twist.dk\/sv\/konsumentpanel\/","og_site_name":"Oliver Twist","article_publisher":"https:\/\/www.facebook.com\/HouseofOliverTwist\/","article_modified_time":"2023-03-10T10:09:13+00:00","og_image":[{"width":1181,"height":877,"url":"https:\/\/oliver-twist.dk\/wp-content\/uploads\/2017\/12\/product.jpg","type":"image\/jpeg"}],"twitter_card":"summary_large_image","twitter_misc":{"Ber\u00e4knad l\u00e4stid":"1 minut"},"schema":{"@context":"https:\/\/schema.org","@graph":[{"@type":"WebPage","@id":"https:\/\/oliver-twist.dk\/sv\/konsumentpanel\/","url":"https:\/\/oliver-twist.dk\/sv\/konsumentpanel\/","name":"Konsumentpanel | Oliver Twist","isPartOf":{"@id":"https:\/\/oliver-twist.dk\/en\/#website"},"primaryImageOfPage":{"@id":"https:\/\/oliver-twist.dk\/sv\/konsumentpanel\/#primaryimage"},"image":{"@id":"https:\/\/oliver-twist.dk\/sv\/konsumentpanel\/#primaryimage"},"thumbnailUrl":"https:\/\/oliver-twist.dk\/wp-content\/uploads\/2017\/12\/product.jpg","datePublished":"2017-12-19T09:18:25+00:00","dateModified":"2023-03-10T10:09:13+00:00","description":"Hj\u00e4lp oss att bli b\u00e4ttre, genom att delta i framtida Oliver Twist produkttester och analyser. Se login-kod p\u00e5 insidan av locket p\u00e5 din Oliver Twist-ask.","breadcrumb":{"@id":"https:\/\/oliver-twist.dk\/sv\/konsumentpanel\/#breadcrumb"},"inLanguage":"sv-SE","potentialAction":[{"@type":"ReadAction","target":["https:\/\/oliver-twist.dk\/sv\/konsumentpanel\/"]}]},{"@type":"ImageObject","inLanguage":"sv-SE","@id":"https:\/\/oliver-twist.dk\/sv\/konsumentpanel\/#primaryimage","url":"https:\/\/oliver-twist.dk\/wp-content\/uploads\/2017\/12\/product.jpg","contentUrl":"https:\/\/oliver-twist.dk\/wp-content\/uploads\/2017\/12\/product.jpg","width":1181,"height":877,"caption":"Oliver Twist skr\u00e5tobak"},{"@type":"BreadcrumbList","@id":"https:\/\/oliver-twist.dk\/sv\/konsumentpanel\/#breadcrumb","itemListElement":[{"@type":"ListItem","position":1,"name":"Startseite","item":"https:\/\/oliver-twist.dk\/sv\/"},{"@type":"ListItem","position":2,"name":"Konsumentpanel"}]},{"@type":"WebSite","@id":"https:\/\/oliver-twist.dk\/en\/#website","url":"https:\/\/oliver-twist.dk\/en\/","name":"Oliver Twist","description":"Sm\u00e5 diskrete tobakspastiller med naturligt nikotin indhold","publisher":{"@id":"https:\/\/oliver-twist.dk\/en\/#organization"},"potentialAction":[{"@type":"SearchAction","target":{"@type":"EntryPoint","urlTemplate":"https:\/\/oliver-twist.dk\/en\/?s={search_term_string}"},"query-input":{"@type":"PropertyValueSpecification","valueRequired":true,"valueName":"search_term_string"}}],"inLanguage":"sv-SE"},{"@type":"Organization","@id":"https:\/\/oliver-twist.dk\/en\/#organization","name":"House of Oliver Twist","url":"https:\/\/oliver-twist.dk\/en\/","logo":{"@type":"ImageObject","inLanguage":"sv-SE","@id":"https:\/\/oliver-twist.dk\/en\/#\/schema\/logo\/image\/","url":"https:\/\/oliver-twist.dk\/wp-content\/uploads\/2020\/09\/Oliver-Twist_Sort-PNG-1.png","contentUrl":"https:\/\/oliver-twist.dk\/wp-content\/uploads\/2020\/09\/Oliver-Twist_Sort-PNG-1.png","width":774,"height":236,"caption":"House of Oliver Twist"},"image":{"@id":"https:\/\/oliver-twist.dk\/en\/#\/schema\/logo\/image\/"},"sameAs":["https:\/\/www.facebook.com\/HouseofOliverTwist\/","https:\/\/www.linkedin.com\/company\/house-of-oliver-twist\/","https:\/\/www.youtube.com\/channel\/UCnHIfJXeHCZHCcWjKW_fVCg"]}]}},"_links":{"self":[{"href":"https:\/\/oliver-twist.dk\/sv\/wp-json\/wp\/v2\/pages\/1343","targetHints":{"allow":["GET"]}}],"collection":[{"href":"https:\/\/oliver-twist.dk\/sv\/wp-json\/wp\/v2\/pages"}],"about":[{"href":"https:\/\/oliver-twist.dk\/sv\/wp-json\/wp\/v2\/types\/page"}],"author":[{"embeddable":true,"href":"https:\/\/oliver-twist.dk\/sv\/wp-json\/wp\/v2\/users\/5"}],"replies":[{"embeddable":true,"href":"https:\/\/oliver-twist.dk\/sv\/wp-json\/wp\/v2\/comments?post=1343"}],"version-history":[{"count":6,"href":"https:\/\/oliver-twist.dk\/sv\/wp-json\/wp\/v2\/pages\/1343\/revisions"}],"predecessor-version":[{"id":15465,"href":"https:\/\/oliver-twist.dk\/sv\/wp-json\/wp\/v2\/pages\/1343\/revisions\/15465"}],"wp:featuredmedia":[{"embeddable":true,"href":"https:\/\/oliver-twist.dk\/sv\/wp-json\/wp\/v2\/media\/724"}],"wp:attachment":[{"href":"https:\/\/oliver-twist.dk\/sv\/wp-json\/wp\/v2\/media?parent=1343"}],"curies":[{"name":"wp","href":"https:\/\/api.w.org\/{rel}","templated":true}]}}