{"id":849,"date":"2017-12-15T14:04:07","date_gmt":"2017-12-15T13:04:07","guid":{"rendered":"http:\/\/oliver-twist.dk\/?page_id=849"},"modified":"2023-01-24T14:51:33","modified_gmt":"2023-01-24T13:51:33","slug":"herstellung","status":"publish","type":"page","link":"https:\/\/oliver-twist.dk\/de\/herstellung\/","title":{"rendered":"Herstellung"},"content":{"rendered":"<p>Eine Oliver Twist Tabakpastille beginnt als mikroskopischer Samen. Der Tabak wird in Beeten angebaut und von Hand ausgepflanzt. Die Tabakernte beginnt unmittelbar bevor der Tabak voll ausgereift ist. Der Tabak wird zum Trocknen aufgeh\u00e4ngt. Die Luft verwandelt die Farbe der Bl\u00e4tter von Gr\u00fcn in Hellbraun. Die getrockneten Bl\u00e4tter werden nach Gr\u00f6\u00dfe und Qualit\u00e4t sortiert und geb\u00fcndelt. Der Tabak wird danach auf Auktionen verkauft.<\/p>\n<p><strong>Die Herstellung von Oliver Twist Kautabak<br \/>\n<\/strong>Wir verwenden ausschlie\u00dflich ausgew\u00e4hlten, amerikanischen Tabak. Nach einer gr\u00fcndlichen Eingangskontrolle in unserem Werk beginnt die Verarbeitung. Zuerst entfernen wir die Mittelrippe aus jedem einzelnen Tabakblatt im sogenannten Deckermachersaal. Die Blatth\u00e4lften werden anschlie\u00dfend von Hand zu langen Tabakstr\u00e4ngen gesponnen, eine Arbeit, die von den sogenannten \u201eTabakspinnern\u201c im Spinnsaal ausgef\u00fchrt wird.<\/p>\n<p><strong>Bei uns findet man Tabakspinner und So\u00dfenmeister<br \/>\n<\/strong>Nach der weiteren Verarbeitung wird der Tabakstrang in 1 cm lange mundgerechte St\u00fccke geschnitten. In der So\u00dfenkocherei wird anschlie\u00dfend der Geschmack den Tabakpastillen zugef\u00fcgt. Casing ist der Fachausdruck f\u00fcr die So\u00dfe, die den Tabakpastillen ihren Geschmack verleiht. Verschiedene Geschmacksstoffe und u.a. englische Lakritze tragen dazu bei, den verschiedenen Varianten ihren besonderen Geschmack zu verleihen. So\u00dfenmeister ist bei uns eine Vertrauensstellung. Seine Aufgabe ist es, das gr\u00f6\u00dfte aller unserer Gesch\u00e4ftsgeheimnisse zu h\u00fcten &#8211; die So\u00dfen-Rezeptur.<\/p>\n<p>Jede Tabakpastille besteht aus wenigen Quadratzentimetern eines einzelnen Tabakblattes. Wenn man eine fertige Tabakpastille auseinander rollt, sieht man, dass sie aus einem einzigen St\u00fcck Tabak besteht.<\/p>\n<p>Die fertigen Oliver Twist Tabakpastillen werden in Beuteln mit je 30 St\u00fcck und einem Gewicht von 7 g <a href=\"https:\/\/oliver-twist.dk\/de\/das-produkt\/\">vakuumverpackt<\/a> und in eine kleine Dose gelegt.<\/p>\n","protected":false},"excerpt":{"rendered":"<p>Eine Oliver Twist Tabakpastille beginnt als mikroskopischer Samen. Der Tabak wird in Beeten angebaut und von Hand ausgepflanzt. Die Tabakernte beginnt unmittelbar bevor der Tabak voll ausgereift ist. Der Tabak wird zum Trocknen aufgeh\u00e4ngt. Die Luft verwandelt die Farbe der Bl\u00e4tter von Gr\u00fcn in Hellbraun. Die getrockneten Bl\u00e4tter werden nach Gr\u00f6\u00dfe und Qualit\u00e4t sortiert und [&hellip;]<\/p>\n","protected":false},"author":5,"featured_media":0,"parent":0,"menu_order":82,"comment_status":"closed","ping_status":"closed","template":"templates\/fremstilling.php","meta":{"_acf_changed":false,"footnotes":""},"class_list":["post-849","page","type-page","status-publish","hentry"],"acf":[],"yoast_head":"<!-- This site is optimized with the Yoast SEO Premium plugin v27.0 (Yoast SEO v27.0) - https:\/\/yoast.com\/product\/yoast-seo-premium-wordpress\/ -->\n<title>Herstellung | Oliver Twist<\/title>\n<meta name=\"description\" content=\"In der Herstellung von Oliver Twist Kautabak wird nur ausgew\u00e4hlter Tabak verwendet. Oliver Twist wird von Hand in D\u00e4nemark seit 1805 gefertigt.\" \/>\n<meta name=\"robots\" content=\"index, follow, max-snippet:-1, max-image-preview:large, max-video-preview:-1\" \/>\n<link rel=\"canonical\" href=\"https:\/\/oliver-twist.dk\/de\/herstellung\/\" \/>\n<meta property=\"og:locale\" content=\"de_DE\" \/>\n<meta property=\"og:type\" content=\"article\" \/>\n<meta property=\"og:title\" content=\"Herstellung\" \/>\n<meta property=\"og:description\" content=\"In der Herstellung von Oliver Twist Kautabak wird nur ausgew\u00e4hlter Tabak verwendet. Oliver Twist wird von Hand in D\u00e4nemark seit 1805 gefertigt.\" \/>\n<meta property=\"og:url\" content=\"https:\/\/oliver-twist.dk\/de\/herstellung\/\" \/>\n<meta property=\"og:site_name\" content=\"Oliver Twist\" \/>\n<meta property=\"article:publisher\" content=\"https:\/\/www.facebook.com\/HouseofOliverTwist\/\" \/>\n<meta property=\"article:modified_time\" content=\"2023-01-24T13:51:33+00:00\" \/>\n<meta name=\"twitter:card\" content=\"summary_large_image\" \/>\n<meta name=\"twitter:label1\" content=\"Gesch\u00e4tzte Lesezeit\" \/>\n\t<meta name=\"twitter:data1\" content=\"2\u00a0Minuten\" \/>\n<script type=\"application\/ld+json\" class=\"yoast-schema-graph\">{\"@context\":\"https:\/\/schema.org\",\"@graph\":[{\"@type\":\"WebPage\",\"@id\":\"https:\/\/oliver-twist.dk\/de\/herstellung\/\",\"url\":\"https:\/\/oliver-twist.dk\/de\/herstellung\/\",\"name\":\"Herstellung | Oliver Twist\",\"isPartOf\":{\"@id\":\"https:\/\/oliver-twist.dk\/en\/#website\"},\"datePublished\":\"2017-12-15T13:04:07+00:00\",\"dateModified\":\"2023-01-24T13:51:33+00:00\",\"description\":\"In der Herstellung von Oliver Twist Kautabak wird nur ausgew\u00e4hlter Tabak verwendet. Oliver Twist wird von Hand in D\u00e4nemark seit 1805 gefertigt.\",\"breadcrumb\":{\"@id\":\"https:\/\/oliver-twist.dk\/de\/herstellung\/#breadcrumb\"},\"inLanguage\":\"de\",\"potentialAction\":[{\"@type\":\"ReadAction\",\"target\":[\"https:\/\/oliver-twist.dk\/de\/herstellung\/\"]}]},{\"@type\":\"BreadcrumbList\",\"@id\":\"https:\/\/oliver-twist.dk\/de\/herstellung\/#breadcrumb\",\"itemListElement\":[{\"@type\":\"ListItem\",\"position\":1,\"name\":\"Startseite\",\"item\":\"https:\/\/oliver-twist.dk\/de\/\"},{\"@type\":\"ListItem\",\"position\":2,\"name\":\"Herstellung\"}]},{\"@type\":\"WebSite\",\"@id\":\"https:\/\/oliver-twist.dk\/en\/#website\",\"url\":\"https:\/\/oliver-twist.dk\/en\/\",\"name\":\"Oliver Twist\",\"description\":\"Sm\u00e5 diskrete tobakspastiller med naturligt nikotin indhold\",\"publisher\":{\"@id\":\"https:\/\/oliver-twist.dk\/en\/#organization\"},\"potentialAction\":[{\"@type\":\"SearchAction\",\"target\":{\"@type\":\"EntryPoint\",\"urlTemplate\":\"https:\/\/oliver-twist.dk\/en\/?s={search_term_string}\"},\"query-input\":{\"@type\":\"PropertyValueSpecification\",\"valueRequired\":true,\"valueName\":\"search_term_string\"}}],\"inLanguage\":\"de\"},{\"@type\":\"Organization\",\"@id\":\"https:\/\/oliver-twist.dk\/en\/#organization\",\"name\":\"House of Oliver Twist\",\"url\":\"https:\/\/oliver-twist.dk\/en\/\",\"logo\":{\"@type\":\"ImageObject\",\"inLanguage\":\"de\",\"@id\":\"https:\/\/oliver-twist.dk\/en\/#\/schema\/logo\/image\/\",\"url\":\"https:\/\/oliver-twist.dk\/wp-content\/uploads\/2020\/09\/Oliver-Twist_Sort-PNG-1.png\",\"contentUrl\":\"https:\/\/oliver-twist.dk\/wp-content\/uploads\/2020\/09\/Oliver-Twist_Sort-PNG-1.png\",\"width\":774,\"height\":236,\"caption\":\"House of Oliver Twist\"},\"image\":{\"@id\":\"https:\/\/oliver-twist.dk\/en\/#\/schema\/logo\/image\/\"},\"sameAs\":[\"https:\/\/www.facebook.com\/HouseofOliverTwist\/\",\"https:\/\/www.linkedin.com\/company\/house-of-oliver-twist\/\",\"https:\/\/www.youtube.com\/channel\/UCnHIfJXeHCZHCcWjKW_fVCg\"]}]}<\/script>\n<!-- \/ Yoast SEO Premium plugin. -->","yoast_head_json":{"title":"Herstellung | Oliver Twist","description":"In der Herstellung von Oliver Twist Kautabak wird nur ausgew\u00e4hlter Tabak verwendet. Oliver Twist wird von Hand in D\u00e4nemark seit 1805 gefertigt.","robots":{"index":"index","follow":"follow","max-snippet":"max-snippet:-1","max-image-preview":"max-image-preview:large","max-video-preview":"max-video-preview:-1"},"canonical":"https:\/\/oliver-twist.dk\/de\/herstellung\/","og_locale":"de_DE","og_type":"article","og_title":"Herstellung","og_description":"In der Herstellung von Oliver Twist Kautabak wird nur ausgew\u00e4hlter Tabak verwendet. Oliver Twist wird von Hand in D\u00e4nemark seit 1805 gefertigt.","og_url":"https:\/\/oliver-twist.dk\/de\/herstellung\/","og_site_name":"Oliver Twist","article_publisher":"https:\/\/www.facebook.com\/HouseofOliverTwist\/","article_modified_time":"2023-01-24T13:51:33+00:00","twitter_card":"summary_large_image","twitter_misc":{"Gesch\u00e4tzte Lesezeit":"2\u00a0Minuten"},"schema":{"@context":"https:\/\/schema.org","@graph":[{"@type":"WebPage","@id":"https:\/\/oliver-twist.dk\/de\/herstellung\/","url":"https:\/\/oliver-twist.dk\/de\/herstellung\/","name":"Herstellung | Oliver Twist","isPartOf":{"@id":"https:\/\/oliver-twist.dk\/en\/#website"},"datePublished":"2017-12-15T13:04:07+00:00","dateModified":"2023-01-24T13:51:33+00:00","description":"In der Herstellung von Oliver Twist Kautabak wird nur ausgew\u00e4hlter Tabak verwendet. Oliver Twist wird von Hand in D\u00e4nemark seit 1805 gefertigt.","breadcrumb":{"@id":"https:\/\/oliver-twist.dk\/de\/herstellung\/#breadcrumb"},"inLanguage":"de","potentialAction":[{"@type":"ReadAction","target":["https:\/\/oliver-twist.dk\/de\/herstellung\/"]}]},{"@type":"BreadcrumbList","@id":"https:\/\/oliver-twist.dk\/de\/herstellung\/#breadcrumb","itemListElement":[{"@type":"ListItem","position":1,"name":"Startseite","item":"https:\/\/oliver-twist.dk\/de\/"},{"@type":"ListItem","position":2,"name":"Herstellung"}]},{"@type":"WebSite","@id":"https:\/\/oliver-twist.dk\/en\/#website","url":"https:\/\/oliver-twist.dk\/en\/","name":"Oliver Twist","description":"Sm\u00e5 diskrete tobakspastiller med naturligt nikotin indhold","publisher":{"@id":"https:\/\/oliver-twist.dk\/en\/#organization"},"potentialAction":[{"@type":"SearchAction","target":{"@type":"EntryPoint","urlTemplate":"https:\/\/oliver-twist.dk\/en\/?s={search_term_string}"},"query-input":{"@type":"PropertyValueSpecification","valueRequired":true,"valueName":"search_term_string"}}],"inLanguage":"de"},{"@type":"Organization","@id":"https:\/\/oliver-twist.dk\/en\/#organization","name":"House of Oliver Twist","url":"https:\/\/oliver-twist.dk\/en\/","logo":{"@type":"ImageObject","inLanguage":"de","@id":"https:\/\/oliver-twist.dk\/en\/#\/schema\/logo\/image\/","url":"https:\/\/oliver-twist.dk\/wp-content\/uploads\/2020\/09\/Oliver-Twist_Sort-PNG-1.png","contentUrl":"https:\/\/oliver-twist.dk\/wp-content\/uploads\/2020\/09\/Oliver-Twist_Sort-PNG-1.png","width":774,"height":236,"caption":"House of Oliver Twist"},"image":{"@id":"https:\/\/oliver-twist.dk\/en\/#\/schema\/logo\/image\/"},"sameAs":["https:\/\/www.facebook.com\/HouseofOliverTwist\/","https:\/\/www.linkedin.com\/company\/house-of-oliver-twist\/","https:\/\/www.youtube.com\/channel\/UCnHIfJXeHCZHCcWjKW_fVCg"]}]}},"_links":{"self":[{"href":"https:\/\/oliver-twist.dk\/de\/wp-json\/wp\/v2\/pages\/849","targetHints":{"allow":["GET"]}}],"collection":[{"href":"https:\/\/oliver-twist.dk\/de\/wp-json\/wp\/v2\/pages"}],"about":[{"href":"https:\/\/oliver-twist.dk\/de\/wp-json\/wp\/v2\/types\/page"}],"author":[{"embeddable":true,"href":"https:\/\/oliver-twist.dk\/de\/wp-json\/wp\/v2\/users\/5"}],"replies":[{"embeddable":true,"href":"https:\/\/oliver-twist.dk\/de\/wp-json\/wp\/v2\/comments?post=849"}],"version-history":[{"count":19,"href":"https:\/\/oliver-twist.dk\/de\/wp-json\/wp\/v2\/pages\/849\/revisions"}],"predecessor-version":[{"id":15160,"href":"https:\/\/oliver-twist.dk\/de\/wp-json\/wp\/v2\/pages\/849\/revisions\/15160"}],"wp:attachment":[{"href":"https:\/\/oliver-twist.dk\/de\/wp-json\/wp\/v2\/media?parent=849"}],"curies":[{"name":"wp","href":"https:\/\/api.w.org\/{rel}","templated":true}]}}