{"id":634,"date":"2017-12-15T13:32:30","date_gmt":"2017-12-15T12:32:30","guid":{"rendered":"http:\/\/oliver-twist.dk\/?page_id=634"},"modified":"2026-01-16T11:30:31","modified_gmt":"2026-01-16T10:30:31","slug":"ueber-uns","status":"publish","type":"page","link":"https:\/\/oliver-twist.dk\/de\/ueber-uns\/","title":{"rendered":"\u00dcber uns"},"content":{"rendered":"\n<p>House of Oliver Twist A\/S ist D\u00e4nemarks \u00e4lteste Tabakmanufaktur und zugleich der weltweit gr\u00f6\u00dfte Exporteur von gesponnenen <a href=\"https:\/\/oliver-twist.dk\/de\/das-produkt\/\">Tabakpastillen \u2013 einer traditionellen Form von Kautabak<\/a>. Seit unserer Gr\u00fcndung im Jahr 1805 verfolgen wir ein klares Ziel: die Perfektionierung eines einzigen Produkts \u2013 hochwertige, rauchfreie Tabakpastillen, bekannt unter dem Namen Oliver Twist\u00ae.<\/p>\n\n\n\n<h3 class=\"wp-block-heading\" id=\"h-vom-internationalen-konzernverbund-zuruck-in-private-hand\">Vom internationalen Konzernverbund zur\u00fcck in private Hand<\/h3>\n\n\n\n<p>Zwischen 1974 und 2018 befand sich das Unternehmen bereits in Familienbesitz. Im Jahr 2018 wurde House of Oliver Twist von Swedish Match \u00fcbernommen, das 2022 Teil des globalen Konzerns Philip Morris International wurde.<\/p>\n\n\n\n<p>Zum 1. Januar 2026 ist House of Oliver Twist A\/S wieder zu einem eigenst\u00e4ndigen, privat gef\u00fchrten Unternehmen geworden \u2013 mit starken Wurzeln in Assens auf der d\u00e4nischen Insel F\u00fcnen. Die neue Eigent\u00fcmerstruktur liegt in den H\u00e4nden der <a href=\"https:\/\/gundersenfo.dk\/\">Familie Gundersen<\/a>, die auf eine mehr als 150-j\u00e4hrige Erfahrung in der Tabakbranche zur\u00fcckblickt.<\/p>\n\n\n\n<p>Was 1805 begann, f\u00fchren wir heute mit derselben Sorgfalt fort: echtes Handwerk, tiefes Fachwissen und den Anspruch, uns Tag f\u00fcr Tag weiterzuentwickeln.<\/p>\n\n\n\n\n\n<p><\/p>\n","protected":false},"excerpt":{"rendered":"<p>House of Oliver Twist A\/S ist D\u00e4nemarks \u00e4lteste Tabakmanufaktur und zugleich der weltweit gr\u00f6\u00dfte Exporteur von gesponnenen Tabakpastillen \u2013 einer traditionellen Form von Kautabak. Seit unserer Gr\u00fcndung im Jahr 1805 verfolgen wir ein klares Ziel: die Perfektionierung eines einzigen Produkts \u2013 hochwertige, rauchfreie Tabakpastillen, bekannt unter dem Namen Oliver Twist\u00ae. Vom internationalen Konzernverbund zur\u00fcck in [&hellip;]<\/p>\n","protected":false},"author":5,"featured_media":709,"parent":0,"menu_order":81,"comment_status":"closed","ping_status":"closed","template":"templates\/omos.php","meta":{"_acf_changed":false,"footnotes":""},"class_list":["post-634","page","type-page","status-publish","has-post-thumbnail","hentry"],"acf":[],"yoast_head":"<!-- This site is optimized with the Yoast SEO Premium plugin v27.0 (Yoast SEO v27.0) - https:\/\/yoast.com\/product\/yoast-seo-premium-wordpress\/ -->\n<title>\u00dcber uns | House of Oliver Twist<\/title>\n<meta name=\"description\" content=\"House of Oliver Twist ist die \u00e4lteste Tabakfabrik D\u00e4nemarks und gleichzeitig der weltgr\u00f6\u00dfte Exporteur von Tabakpastillen (Kautabak).\" \/>\n<meta name=\"robots\" content=\"index, follow, max-snippet:-1, max-image-preview:large, max-video-preview:-1\" \/>\n<link rel=\"canonical\" href=\"https:\/\/oliver-twist.dk\/de\/ueber-uns\/\" \/>\n<meta property=\"og:locale\" content=\"de_DE\" \/>\n<meta property=\"og:type\" content=\"article\" \/>\n<meta property=\"og:title\" content=\"\u00dcber uns\" \/>\n<meta property=\"og:description\" content=\"House of Oliver Twist ist die \u00e4lteste Tabakfabrik D\u00e4nemarks und gleichzeitig der weltgr\u00f6\u00dfte Exporteur von Tabakpastillen (Kautabak).\" \/>\n<meta property=\"og:url\" content=\"https:\/\/oliver-twist.dk\/de\/ueber-uns\/\" \/>\n<meta property=\"og:site_name\" content=\"Oliver Twist\" \/>\n<meta property=\"article:publisher\" content=\"https:\/\/www.facebook.com\/HouseofOliverTwist\/\" \/>\n<meta property=\"article:modified_time\" content=\"2026-01-16T10:30:31+00:00\" \/>\n<meta property=\"og:image\" content=\"https:\/\/oliver-twist.dk\/wp-content\/uploads\/2017\/12\/frontpage-hero.jpg\" \/>\n\t<meta property=\"og:image:width\" content=\"1600\" \/>\n\t<meta property=\"og:image:height\" content=\"823\" \/>\n\t<meta property=\"og:image:type\" content=\"image\/jpeg\" \/>\n<meta name=\"twitter:card\" content=\"summary_large_image\" \/>\n<meta name=\"twitter:label1\" content=\"Gesch\u00e4tzte Lesezeit\" \/>\n\t<meta name=\"twitter:data1\" content=\"3\u00a0Minuten\" \/>\n<script type=\"application\/ld+json\" class=\"yoast-schema-graph\">{\"@context\":\"https:\/\/schema.org\",\"@graph\":[{\"@type\":[\"WebPage\",\"AboutPage\"],\"@id\":\"https:\/\/oliver-twist.dk\/de\/ueber-uns\/\",\"url\":\"https:\/\/oliver-twist.dk\/de\/ueber-uns\/\",\"name\":\"\u00dcber uns | House of Oliver Twist\",\"isPartOf\":{\"@id\":\"https:\/\/oliver-twist.dk\/en\/#website\"},\"primaryImageOfPage\":{\"@id\":\"https:\/\/oliver-twist.dk\/de\/ueber-uns\/#primaryimage\"},\"image\":{\"@id\":\"https:\/\/oliver-twist.dk\/de\/ueber-uns\/#primaryimage\"},\"thumbnailUrl\":\"https:\/\/oliver-twist.dk\/wp-content\/uploads\/2017\/12\/frontpage-hero.jpg\",\"datePublished\":\"2017-12-15T12:32:30+00:00\",\"dateModified\":\"2026-01-16T10:30:31+00:00\",\"description\":\"House of Oliver Twist ist die \u00e4lteste Tabakfabrik D\u00e4nemarks und gleichzeitig der weltgr\u00f6\u00dfte Exporteur von Tabakpastillen (Kautabak).\",\"breadcrumb\":{\"@id\":\"https:\/\/oliver-twist.dk\/de\/ueber-uns\/#breadcrumb\"},\"inLanguage\":\"de\",\"potentialAction\":[{\"@type\":\"ReadAction\",\"target\":[\"https:\/\/oliver-twist.dk\/de\/ueber-uns\/\"]}]},{\"@type\":\"ImageObject\",\"inLanguage\":\"de\",\"@id\":\"https:\/\/oliver-twist.dk\/de\/ueber-uns\/#primaryimage\",\"url\":\"https:\/\/oliver-twist.dk\/wp-content\/uploads\/2017\/12\/frontpage-hero.jpg\",\"contentUrl\":\"https:\/\/oliver-twist.dk\/wp-content\/uploads\/2017\/12\/frontpage-hero.jpg\",\"width\":1600,\"height\":823,\"caption\":\"tobacco field\"},{\"@type\":\"BreadcrumbList\",\"@id\":\"https:\/\/oliver-twist.dk\/de\/ueber-uns\/#breadcrumb\",\"itemListElement\":[{\"@type\":\"ListItem\",\"position\":1,\"name\":\"Startseite\",\"item\":\"https:\/\/oliver-twist.dk\/de\/\"},{\"@type\":\"ListItem\",\"position\":2,\"name\":\"\u00dcber uns\"}]},{\"@type\":\"WebSite\",\"@id\":\"https:\/\/oliver-twist.dk\/en\/#website\",\"url\":\"https:\/\/oliver-twist.dk\/en\/\",\"name\":\"Oliver Twist\",\"description\":\"Sm\u00e5 diskrete tobakspastiller med naturligt nikotin indhold\",\"publisher\":{\"@id\":\"https:\/\/oliver-twist.dk\/en\/#organization\"},\"potentialAction\":[{\"@type\":\"SearchAction\",\"target\":{\"@type\":\"EntryPoint\",\"urlTemplate\":\"https:\/\/oliver-twist.dk\/en\/?s={search_term_string}\"},\"query-input\":{\"@type\":\"PropertyValueSpecification\",\"valueRequired\":true,\"valueName\":\"search_term_string\"}}],\"inLanguage\":\"de\"},{\"@type\":\"Organization\",\"@id\":\"https:\/\/oliver-twist.dk\/en\/#organization\",\"name\":\"House of Oliver Twist\",\"url\":\"https:\/\/oliver-twist.dk\/en\/\",\"logo\":{\"@type\":\"ImageObject\",\"inLanguage\":\"de\",\"@id\":\"https:\/\/oliver-twist.dk\/en\/#\/schema\/logo\/image\/\",\"url\":\"https:\/\/oliver-twist.dk\/wp-content\/uploads\/2020\/09\/Oliver-Twist_Sort-PNG-1.png\",\"contentUrl\":\"https:\/\/oliver-twist.dk\/wp-content\/uploads\/2020\/09\/Oliver-Twist_Sort-PNG-1.png\",\"width\":774,\"height\":236,\"caption\":\"House of Oliver Twist\"},\"image\":{\"@id\":\"https:\/\/oliver-twist.dk\/en\/#\/schema\/logo\/image\/\"},\"sameAs\":[\"https:\/\/www.facebook.com\/HouseofOliverTwist\/\",\"https:\/\/www.linkedin.com\/company\/house-of-oliver-twist\/\",\"https:\/\/www.youtube.com\/channel\/UCnHIfJXeHCZHCcWjKW_fVCg\"]}]}<\/script>\n<!-- \/ Yoast SEO Premium plugin. -->","yoast_head_json":{"title":"\u00dcber uns | House of Oliver Twist","description":"House of Oliver Twist ist die \u00e4lteste Tabakfabrik D\u00e4nemarks und gleichzeitig der weltgr\u00f6\u00dfte Exporteur von Tabakpastillen (Kautabak).","robots":{"index":"index","follow":"follow","max-snippet":"max-snippet:-1","max-image-preview":"max-image-preview:large","max-video-preview":"max-video-preview:-1"},"canonical":"https:\/\/oliver-twist.dk\/de\/ueber-uns\/","og_locale":"de_DE","og_type":"article","og_title":"\u00dcber uns","og_description":"House of Oliver Twist ist die \u00e4lteste Tabakfabrik D\u00e4nemarks und gleichzeitig der weltgr\u00f6\u00dfte Exporteur von Tabakpastillen (Kautabak).","og_url":"https:\/\/oliver-twist.dk\/de\/ueber-uns\/","og_site_name":"Oliver Twist","article_publisher":"https:\/\/www.facebook.com\/HouseofOliverTwist\/","article_modified_time":"2026-01-16T10:30:31+00:00","og_image":[{"width":1600,"height":823,"url":"https:\/\/oliver-twist.dk\/wp-content\/uploads\/2017\/12\/frontpage-hero.jpg","type":"image\/jpeg"}],"twitter_card":"summary_large_image","twitter_misc":{"Gesch\u00e4tzte Lesezeit":"3\u00a0Minuten"},"schema":{"@context":"https:\/\/schema.org","@graph":[{"@type":["WebPage","AboutPage"],"@id":"https:\/\/oliver-twist.dk\/de\/ueber-uns\/","url":"https:\/\/oliver-twist.dk\/de\/ueber-uns\/","name":"\u00dcber uns | House of Oliver Twist","isPartOf":{"@id":"https:\/\/oliver-twist.dk\/en\/#website"},"primaryImageOfPage":{"@id":"https:\/\/oliver-twist.dk\/de\/ueber-uns\/#primaryimage"},"image":{"@id":"https:\/\/oliver-twist.dk\/de\/ueber-uns\/#primaryimage"},"thumbnailUrl":"https:\/\/oliver-twist.dk\/wp-content\/uploads\/2017\/12\/frontpage-hero.jpg","datePublished":"2017-12-15T12:32:30+00:00","dateModified":"2026-01-16T10:30:31+00:00","description":"House of Oliver Twist ist die \u00e4lteste Tabakfabrik D\u00e4nemarks und gleichzeitig der weltgr\u00f6\u00dfte Exporteur von Tabakpastillen (Kautabak).","breadcrumb":{"@id":"https:\/\/oliver-twist.dk\/de\/ueber-uns\/#breadcrumb"},"inLanguage":"de","potentialAction":[{"@type":"ReadAction","target":["https:\/\/oliver-twist.dk\/de\/ueber-uns\/"]}]},{"@type":"ImageObject","inLanguage":"de","@id":"https:\/\/oliver-twist.dk\/de\/ueber-uns\/#primaryimage","url":"https:\/\/oliver-twist.dk\/wp-content\/uploads\/2017\/12\/frontpage-hero.jpg","contentUrl":"https:\/\/oliver-twist.dk\/wp-content\/uploads\/2017\/12\/frontpage-hero.jpg","width":1600,"height":823,"caption":"tobacco field"},{"@type":"BreadcrumbList","@id":"https:\/\/oliver-twist.dk\/de\/ueber-uns\/#breadcrumb","itemListElement":[{"@type":"ListItem","position":1,"name":"Startseite","item":"https:\/\/oliver-twist.dk\/de\/"},{"@type":"ListItem","position":2,"name":"\u00dcber uns"}]},{"@type":"WebSite","@id":"https:\/\/oliver-twist.dk\/en\/#website","url":"https:\/\/oliver-twist.dk\/en\/","name":"Oliver Twist","description":"Sm\u00e5 diskrete tobakspastiller med naturligt nikotin indhold","publisher":{"@id":"https:\/\/oliver-twist.dk\/en\/#organization"},"potentialAction":[{"@type":"SearchAction","target":{"@type":"EntryPoint","urlTemplate":"https:\/\/oliver-twist.dk\/en\/?s={search_term_string}"},"query-input":{"@type":"PropertyValueSpecification","valueRequired":true,"valueName":"search_term_string"}}],"inLanguage":"de"},{"@type":"Organization","@id":"https:\/\/oliver-twist.dk\/en\/#organization","name":"House of Oliver Twist","url":"https:\/\/oliver-twist.dk\/en\/","logo":{"@type":"ImageObject","inLanguage":"de","@id":"https:\/\/oliver-twist.dk\/en\/#\/schema\/logo\/image\/","url":"https:\/\/oliver-twist.dk\/wp-content\/uploads\/2020\/09\/Oliver-Twist_Sort-PNG-1.png","contentUrl":"https:\/\/oliver-twist.dk\/wp-content\/uploads\/2020\/09\/Oliver-Twist_Sort-PNG-1.png","width":774,"height":236,"caption":"House of Oliver Twist"},"image":{"@id":"https:\/\/oliver-twist.dk\/en\/#\/schema\/logo\/image\/"},"sameAs":["https:\/\/www.facebook.com\/HouseofOliverTwist\/","https:\/\/www.linkedin.com\/company\/house-of-oliver-twist\/","https:\/\/www.youtube.com\/channel\/UCnHIfJXeHCZHCcWjKW_fVCg"]}]}},"_links":{"self":[{"href":"https:\/\/oliver-twist.dk\/de\/wp-json\/wp\/v2\/pages\/634","targetHints":{"allow":["GET"]}}],"collection":[{"href":"https:\/\/oliver-twist.dk\/de\/wp-json\/wp\/v2\/pages"}],"about":[{"href":"https:\/\/oliver-twist.dk\/de\/wp-json\/wp\/v2\/types\/page"}],"author":[{"embeddable":true,"href":"https:\/\/oliver-twist.dk\/de\/wp-json\/wp\/v2\/users\/5"}],"replies":[{"embeddable":true,"href":"https:\/\/oliver-twist.dk\/de\/wp-json\/wp\/v2\/comments?post=634"}],"version-history":[{"count":10,"href":"https:\/\/oliver-twist.dk\/de\/wp-json\/wp\/v2\/pages\/634\/revisions"}],"predecessor-version":[{"id":16818,"href":"https:\/\/oliver-twist.dk\/de\/wp-json\/wp\/v2\/pages\/634\/revisions\/16818"}],"wp:featuredmedia":[{"embeddable":true,"href":"https:\/\/oliver-twist.dk\/de\/wp-json\/wp\/v2\/media\/709"}],"wp:attachment":[{"href":"https:\/\/oliver-twist.dk\/de\/wp-json\/wp\/v2\/media?parent=634"}],"curies":[{"name":"wp","href":"https:\/\/api.w.org\/{rel}","templated":true}]}}