{"id":4501,"date":"2019-02-18T15:07:46","date_gmt":"2019-02-18T14:07:46","guid":{"rendered":"https:\/\/oliver-twist.dk\/?page_id=4501"},"modified":"2019-02-20T15:07:54","modified_gmt":"2019-02-20T14:07:54","slug":"verbraucherpanel","status":"publish","type":"page","link":"https:\/\/oliver-twist.dk\/de\/datenschutz\/verbraucherpanel\/","title":{"rendered":"Verbraucherpanel"},"content":{"rendered":"<h3>Welche pers\u00f6nlichen Daten werden verarbeitet und warum?<\/h3>\n<p>Aufgrund Ihrer Anmeldung zu unserem Verbraucherpanel k\u00f6nnen wir die folgenden Daten von Ihnen verarbeiten:<\/p>\n<ul>\n<li>Name und E-Mail-Adresse<\/li>\n<li>Adresse<\/li>\n<li>Informationen, die Sie in unserer Zufriedenheitsumfrage angeben, bspw. Geburtsjahr, Geschlecht, Ihre Kaufhistorie, Ihre Interessen, Vorlieben, Konsummuster, Gewohnheiten u.\u00a0\u00e4.<\/li>\n<\/ul>\n<p>Der<strong> Zweck<\/strong>, f\u00fcr den wir Ihren Namen und Ihre E-Mail-Adresse, die Sie bei Ihrer Anmeldung beim Verbraucherpanel angegeben haben, verarbeiten, besteht darin, Ihnen E-Mail-Mitteilungen mit Informationen \u00fcber neue Produkte und \u00fcber Oliver Twists T\u00e4tigkeit im Allgemeinen schicken sowie Sie fragen zu k\u00f6nnen, ob Sie Produkttests erhalten und an unseren Zufriedenheitsumfragen teilnehmen m\u00f6chten. Wenn Sie Ihren Namen und Ihre E-Mail-Adresse nicht angeben, k\u00f6nnen wir Ihnen diese Informationen nicht zusenden.<\/p>\n<p>Wir ben\u00f6tigen Ihre Adresse dazu, Ihnen Produkttests zuschicken zu k\u00f6nnen. Wenn Sie Ihre Adresse nicht angeben, k\u00f6nnen wir Ihnen die Produkttests nicht zuschicken, die zu erhalten Sie zugestimmt haben.<\/p>\n<p>Der Zweck der Verarbeitung Ihrer pers\u00f6nlichen Daten, die Sie in unseren Zufriedenheitsumfragen zur Verf\u00fcgung stellen, besteht darin, Umfragen durchf\u00fchren zu k\u00f6nnen und damit Statistiken \u00fcber die Nutzung unserer Produkte erstellen sowie unsere Produkte bewerten und verbessern zu k\u00f6nnen.<\/p>\n<p>Die <strong>Rechtsgrundlage der Verarbeitung <\/strong>ist unser berechtigtes Interesse daran, den Versand von E-Mail-Mitteilungen des oben genannten Inhalts und der Produkttests f\u00fcr Sie verwalten zu k\u00f6nnen. Die Rechtsgrundlage f\u00fcr die Verarbeitung von Informationen, die aus Zufriedenheitsumfragen stammen, ist unser berechtigtes Interesse an der Durchf\u00fchrung solcher Umfragen und damit an der F\u00fchrung einer Statistik \u00fcber die Nutzung unserer Produkte sowie unser Interesse an der Bewertung und Verbesserung unserer Produkte.<\/p>\n<h3><strong>Recht auf Abmeldung von unserem Verbraucherpanel<\/strong><\/h3>\n<p>Ihre Teilnahme am Verbraucherpanel ist absolut freiwillig und Sie k\u00f6nnen sich jederzeit vom Verbraucherpanel abmelden. Um sich abzumelden, setzen Sie sich bitte mit uns in Verbindung, indem Sie eine E-Mail an <a href=\"mailto:info@oliver-twist.dk\">info@oliver-twist.dk<\/a> schicken oder benutzen Sie den Abmeldelink ganz unten in jeder unserer E-Mails.<\/p>\n<h3>Wie lange speichern wir Ihre Daten?<\/h3>\n<p>Ihre Kontaktdaten wie Name, Adresse und E-Mail-Adresse werden gel\u00f6scht, sobald Sie sich von unserem Verbraucherpanel abgemeldet haben.\u00a0 Informationen, die Sie von sich aus in unseren Zufriedenheitsumfragen nennen, werden anonymisiert, sobald wir Ihre Antwort erhalten haben, sodass sie nicht auf Sie zur\u00fcckgef\u00fchrt werden k\u00f6nnen.<\/p>\n<h3>Mit wem teilen wir Ihre pers\u00f6nlichen Daten?<\/h3>\n<p>Wir k\u00f6nnen Ihre pers\u00f6nlichen Daten mit anderen Unternehmen teilen, die zur selben Gruppe wie Oliver Twist geh\u00f6ren, sowie auch mit Kooperationspartnern, bspw. in Verbindung mit IT-Dienstleistungen. Diese Empf\u00e4nger verarbeiten Ihre pers\u00f6nlichen Daten ausschlie\u00dflich in unserem Auftrag und gem\u00e4\u00df unseren Anweisungen. Wir unternehmen alle geeigneten rechtlichen, technischen und organisatorischen Ma\u00dfnahmen, um sicherzustellen, dass Ihre pers\u00f6nlichen Daten sicher verarbeitet sowie sicher an solche ausgew\u00e4hlten Empf\u00e4nger \u00fcbertragen oder mit diesen geteilt werden.<\/p>\n<p>Dar\u00fcber hinaus kann Oliver Twist Ihre pers\u00f6nlichen Daten mit anderen Unternehmen teilen, die diese unabh\u00e4ngig und damit au\u00dferhalb unserer Kontrolle verarbeiten. Wir teilen Ihre Daten allein zu dem Zweck mit anderen Unternehmen, um unsere Verpflichtungen Ihnen gegen\u00fcber erf\u00fcllen zu k\u00f6nnen. Wenn Ihre pers\u00f6nlichen Daten mit anderen Unternehmen geteilt werden, bei denen es sich um unabh\u00e4ngige Datenverantwortliche handelt, geschieht die Verarbeitung Ihrer Daten in \u00dcbereinstimmung mit den im jeweiligen Unternehmen geltenden Datenschutzbestimmungen.<\/p>\n<p>Gegebenenfalls teilen wir Ihre pers\u00f6nlichen Daten mit Regierungsbeh\u00f6rden, falls wir gesetzlich dazu verpflichtet sind oder der Verdacht auf kriminelle Aktivit\u00e4ten besteht.<\/p>\n<h3>Wo werden Ihre pers\u00f6nlichen Daten verarbeitet?<\/h3>\n<p>Ihre pers\u00f6nlichen Daten werden in erster Linie innerhalb von EU\/EWR verarbeitet, jedoch werden sie m\u00f6glicherweise in ein Land au\u00dferhalb von EU\/EWR wie die USA \u00fcbertragen, bspw. falls wir Informationen mit anderen Unternehmen innerhalb derselben Gruppe teilen, zu der auch Oliver Twist geh\u00f6rt.<\/p>\n<p>Die \u00dcbermittlung Ihrer pers\u00f6nlichen Daten in ein Land au\u00dferhalb von EU\/EWR erfolgt ausschlie\u00dflich, falls hierf\u00fcr eine rechtliche Grundlage besteht und ausreichend sichergestellt ist, dass Ihre Daten in gesetzeskonformer Weise verarbeitet werden. In solchen F\u00e4llen unternehmen wir alle geeigneten rechtlichen, technischen und organisatorischen Ma\u00dfnahmen, um sicherzustellen, dass Ihre pers\u00f6nlichen Daten mit einem ausreichenden Ma\u00df an Sicherheit, vergleichbar dem Sicherheitsniveau innerhalb von EU\/EWR, verarbeitet werden.<\/p>\n<h3>Wie besch\u00fctzen wir Ihre pers\u00f6nlichen Daten?<\/h3>\n<p>Wir ergreifen s\u00e4mtliche Sicherheitsma\u00dfnahmen, die zum Schutz Ihrer pers\u00f6nlichen Daten vonn\u00f6ten sind.<\/p>\n<h3>Welche Rechte haben Sie?<\/h3>\n<p><a href=\"https:\/\/oliver-twist.dk\/de\/datenschutz\/rechte\/\">Informieren Sie sich hier \u00fcber Ihre Rechte.<\/a><\/p>\n<h3>Kontakt, Fragen und Beschwerden<\/h3>\n<p><a href=\"https:\/\/oliver-twist.dk\/de\/datenschutz\/kontakt-und-beschwerden\/\">Informieren Sie sich u. a. dar\u00fcber, wie Sie uns kontaktieren k\u00f6nnen.<\/a><\/p>\n","protected":false},"excerpt":{"rendered":"<p>Welche pers\u00f6nlichen Daten werden verarbeitet und warum? Aufgrund Ihrer Anmeldung zu unserem Verbraucherpanel k\u00f6nnen wir die folgenden Daten von Ihnen verarbeiten: Name und E-Mail-Adresse Adresse Informationen, die Sie in unserer Zufriedenheitsumfrage angeben, bspw. Geburtsjahr, Geschlecht, Ihre Kaufhistorie, Ihre Interessen, Vorlieben, Konsummuster, Gewohnheiten u.\u00a0\u00e4. Der Zweck, f\u00fcr den wir Ihren Namen und Ihre E-Mail-Adresse, die Sie [&hellip;]<\/p>\n","protected":false},"author":5,"featured_media":0,"parent":4340,"menu_order":86,"comment_status":"closed","ping_status":"closed","template":"templates\/tekst-undermenu.php","meta":{"_acf_changed":false,"footnotes":""},"class_list":["post-4501","page","type-page","status-publish","hentry"],"acf":[],"yoast_head":"<!-- This site is optimized with the Yoast SEO Premium plugin v27.0 (Yoast SEO v27.0) - https:\/\/yoast.com\/product\/yoast-seo-premium-wordpress\/ -->\n<title>Verbraucherpanel | Oliver Twist<\/title>\n<meta name=\"robots\" content=\"index, follow, max-snippet:-1, max-image-preview:large, max-video-preview:-1\" \/>\n<link rel=\"canonical\" href=\"https:\/\/oliver-twist.dk\/de\/datenschutz\/verbraucherpanel\/\" \/>\n<meta property=\"og:locale\" content=\"de_DE\" \/>\n<meta property=\"og:type\" content=\"article\" \/>\n<meta property=\"og:title\" content=\"Verbraucherpanel\" \/>\n<meta property=\"og:description\" content=\"Welche pers\u00f6nlichen Daten werden verarbeitet und warum? Aufgrund Ihrer Anmeldung zu unserem Verbraucherpanel k\u00f6nnen wir die folgenden Daten von Ihnen verarbeiten: Name und E-Mail-Adresse Adresse Informationen, die Sie in unserer Zufriedenheitsumfrage angeben, bspw. Geburtsjahr, Geschlecht, Ihre Kaufhistorie, Ihre Interessen, Vorlieben, Konsummuster, Gewohnheiten u.\u00a0\u00e4. Der Zweck, f\u00fcr den wir Ihren Namen und Ihre E-Mail-Adresse, die Sie [&hellip;]\" \/>\n<meta property=\"og:url\" content=\"https:\/\/oliver-twist.dk\/de\/datenschutz\/verbraucherpanel\/\" \/>\n<meta property=\"og:site_name\" content=\"Oliver Twist\" \/>\n<meta property=\"article:publisher\" content=\"https:\/\/www.facebook.com\/HouseofOliverTwist\/\" \/>\n<meta property=\"article:modified_time\" content=\"2019-02-20T14:07:54+00:00\" \/>\n<meta name=\"twitter:card\" content=\"summary_large_image\" \/>\n<meta name=\"twitter:label1\" content=\"Gesch\u00e4tzte Lesezeit\" \/>\n\t<meta name=\"twitter:data1\" content=\"4\u00a0Minuten\" \/>\n<script type=\"application\/ld+json\" class=\"yoast-schema-graph\">{\"@context\":\"https:\/\/schema.org\",\"@graph\":[{\"@type\":\"WebPage\",\"@id\":\"https:\/\/oliver-twist.dk\/de\/datenschutz\/verbraucherpanel\/\",\"url\":\"https:\/\/oliver-twist.dk\/de\/datenschutz\/verbraucherpanel\/\",\"name\":\"Verbraucherpanel | Oliver Twist\",\"isPartOf\":{\"@id\":\"https:\/\/oliver-twist.dk\/en\/#website\"},\"datePublished\":\"2019-02-18T14:07:46+00:00\",\"dateModified\":\"2019-02-20T14:07:54+00:00\",\"breadcrumb\":{\"@id\":\"https:\/\/oliver-twist.dk\/de\/datenschutz\/verbraucherpanel\/#breadcrumb\"},\"inLanguage\":\"de\",\"potentialAction\":[{\"@type\":\"ReadAction\",\"target\":[\"https:\/\/oliver-twist.dk\/de\/datenschutz\/verbraucherpanel\/\"]}]},{\"@type\":\"BreadcrumbList\",\"@id\":\"https:\/\/oliver-twist.dk\/de\/datenschutz\/verbraucherpanel\/#breadcrumb\",\"itemListElement\":[{\"@type\":\"ListItem\",\"position\":1,\"name\":\"Startseite\",\"item\":\"https:\/\/oliver-twist.dk\/de\/\"},{\"@type\":\"ListItem\",\"position\":2,\"name\":\"DATENSCHUTZ\",\"item\":\"https:\/\/oliver-twist.dk\/de\/datenschutz\/\"},{\"@type\":\"ListItem\",\"position\":3,\"name\":\"Verbraucherpanel\"}]},{\"@type\":\"WebSite\",\"@id\":\"https:\/\/oliver-twist.dk\/en\/#website\",\"url\":\"https:\/\/oliver-twist.dk\/en\/\",\"name\":\"Oliver Twist\",\"description\":\"Sm\u00e5 diskrete tobakspastiller med naturligt nikotin indhold\",\"publisher\":{\"@id\":\"https:\/\/oliver-twist.dk\/en\/#organization\"},\"potentialAction\":[{\"@type\":\"SearchAction\",\"target\":{\"@type\":\"EntryPoint\",\"urlTemplate\":\"https:\/\/oliver-twist.dk\/en\/?s={search_term_string}\"},\"query-input\":{\"@type\":\"PropertyValueSpecification\",\"valueRequired\":true,\"valueName\":\"search_term_string\"}}],\"inLanguage\":\"de\"},{\"@type\":\"Organization\",\"@id\":\"https:\/\/oliver-twist.dk\/en\/#organization\",\"name\":\"House of Oliver Twist\",\"url\":\"https:\/\/oliver-twist.dk\/en\/\",\"logo\":{\"@type\":\"ImageObject\",\"inLanguage\":\"de\",\"@id\":\"https:\/\/oliver-twist.dk\/en\/#\/schema\/logo\/image\/\",\"url\":\"https:\/\/oliver-twist.dk\/wp-content\/uploads\/2020\/09\/Oliver-Twist_Sort-PNG-1.png\",\"contentUrl\":\"https:\/\/oliver-twist.dk\/wp-content\/uploads\/2020\/09\/Oliver-Twist_Sort-PNG-1.png\",\"width\":774,\"height\":236,\"caption\":\"House of Oliver Twist\"},\"image\":{\"@id\":\"https:\/\/oliver-twist.dk\/en\/#\/schema\/logo\/image\/\"},\"sameAs\":[\"https:\/\/www.facebook.com\/HouseofOliverTwist\/\",\"https:\/\/www.linkedin.com\/company\/house-of-oliver-twist\/\",\"https:\/\/www.youtube.com\/channel\/UCnHIfJXeHCZHCcWjKW_fVCg\"]}]}<\/script>\n<!-- \/ Yoast SEO Premium plugin. -->","yoast_head_json":{"title":"Verbraucherpanel | Oliver Twist","robots":{"index":"index","follow":"follow","max-snippet":"max-snippet:-1","max-image-preview":"max-image-preview:large","max-video-preview":"max-video-preview:-1"},"canonical":"https:\/\/oliver-twist.dk\/de\/datenschutz\/verbraucherpanel\/","og_locale":"de_DE","og_type":"article","og_title":"Verbraucherpanel","og_description":"Welche pers\u00f6nlichen Daten werden verarbeitet und warum? Aufgrund Ihrer Anmeldung zu unserem Verbraucherpanel k\u00f6nnen wir die folgenden Daten von Ihnen verarbeiten: Name und E-Mail-Adresse Adresse Informationen, die Sie in unserer Zufriedenheitsumfrage angeben, bspw. Geburtsjahr, Geschlecht, Ihre Kaufhistorie, Ihre Interessen, Vorlieben, Konsummuster, Gewohnheiten u.\u00a0\u00e4. Der Zweck, f\u00fcr den wir Ihren Namen und Ihre E-Mail-Adresse, die Sie [&hellip;]","og_url":"https:\/\/oliver-twist.dk\/de\/datenschutz\/verbraucherpanel\/","og_site_name":"Oliver Twist","article_publisher":"https:\/\/www.facebook.com\/HouseofOliverTwist\/","article_modified_time":"2019-02-20T14:07:54+00:00","twitter_card":"summary_large_image","twitter_misc":{"Gesch\u00e4tzte Lesezeit":"4\u00a0Minuten"},"schema":{"@context":"https:\/\/schema.org","@graph":[{"@type":"WebPage","@id":"https:\/\/oliver-twist.dk\/de\/datenschutz\/verbraucherpanel\/","url":"https:\/\/oliver-twist.dk\/de\/datenschutz\/verbraucherpanel\/","name":"Verbraucherpanel | Oliver Twist","isPartOf":{"@id":"https:\/\/oliver-twist.dk\/en\/#website"},"datePublished":"2019-02-18T14:07:46+00:00","dateModified":"2019-02-20T14:07:54+00:00","breadcrumb":{"@id":"https:\/\/oliver-twist.dk\/de\/datenschutz\/verbraucherpanel\/#breadcrumb"},"inLanguage":"de","potentialAction":[{"@type":"ReadAction","target":["https:\/\/oliver-twist.dk\/de\/datenschutz\/verbraucherpanel\/"]}]},{"@type":"BreadcrumbList","@id":"https:\/\/oliver-twist.dk\/de\/datenschutz\/verbraucherpanel\/#breadcrumb","itemListElement":[{"@type":"ListItem","position":1,"name":"Startseite","item":"https:\/\/oliver-twist.dk\/de\/"},{"@type":"ListItem","position":2,"name":"DATENSCHUTZ","item":"https:\/\/oliver-twist.dk\/de\/datenschutz\/"},{"@type":"ListItem","position":3,"name":"Verbraucherpanel"}]},{"@type":"WebSite","@id":"https:\/\/oliver-twist.dk\/en\/#website","url":"https:\/\/oliver-twist.dk\/en\/","name":"Oliver Twist","description":"Sm\u00e5 diskrete tobakspastiller med naturligt nikotin indhold","publisher":{"@id":"https:\/\/oliver-twist.dk\/en\/#organization"},"potentialAction":[{"@type":"SearchAction","target":{"@type":"EntryPoint","urlTemplate":"https:\/\/oliver-twist.dk\/en\/?s={search_term_string}"},"query-input":{"@type":"PropertyValueSpecification","valueRequired":true,"valueName":"search_term_string"}}],"inLanguage":"de"},{"@type":"Organization","@id":"https:\/\/oliver-twist.dk\/en\/#organization","name":"House of Oliver Twist","url":"https:\/\/oliver-twist.dk\/en\/","logo":{"@type":"ImageObject","inLanguage":"de","@id":"https:\/\/oliver-twist.dk\/en\/#\/schema\/logo\/image\/","url":"https:\/\/oliver-twist.dk\/wp-content\/uploads\/2020\/09\/Oliver-Twist_Sort-PNG-1.png","contentUrl":"https:\/\/oliver-twist.dk\/wp-content\/uploads\/2020\/09\/Oliver-Twist_Sort-PNG-1.png","width":774,"height":236,"caption":"House of Oliver Twist"},"image":{"@id":"https:\/\/oliver-twist.dk\/en\/#\/schema\/logo\/image\/"},"sameAs":["https:\/\/www.facebook.com\/HouseofOliverTwist\/","https:\/\/www.linkedin.com\/company\/house-of-oliver-twist\/","https:\/\/www.youtube.com\/channel\/UCnHIfJXeHCZHCcWjKW_fVCg"]}]}},"_links":{"self":[{"href":"https:\/\/oliver-twist.dk\/de\/wp-json\/wp\/v2\/pages\/4501","targetHints":{"allow":["GET"]}}],"collection":[{"href":"https:\/\/oliver-twist.dk\/de\/wp-json\/wp\/v2\/pages"}],"about":[{"href":"https:\/\/oliver-twist.dk\/de\/wp-json\/wp\/v2\/types\/page"}],"author":[{"embeddable":true,"href":"https:\/\/oliver-twist.dk\/de\/wp-json\/wp\/v2\/users\/5"}],"replies":[{"embeddable":true,"href":"https:\/\/oliver-twist.dk\/de\/wp-json\/wp\/v2\/comments?post=4501"}],"version-history":[{"count":1,"href":"https:\/\/oliver-twist.dk\/de\/wp-json\/wp\/v2\/pages\/4501\/revisions"}],"predecessor-version":[{"id":4502,"href":"https:\/\/oliver-twist.dk\/de\/wp-json\/wp\/v2\/pages\/4501\/revisions\/4502"}],"up":[{"embeddable":true,"href":"https:\/\/oliver-twist.dk\/de\/wp-json\/wp\/v2\/pages\/4340"}],"wp:attachment":[{"href":"https:\/\/oliver-twist.dk\/de\/wp-json\/wp\/v2\/media?parent=4501"}],"curies":[{"name":"wp","href":"https:\/\/api.w.org\/{rel}","templated":true}]}}