{"id":4368,"date":"2019-02-07T13:33:05","date_gmt":"2019-02-07T12:33:05","guid":{"rendered":"https:\/\/oliver-twist.dk\/?page_id=4368"},"modified":"2019-02-20T15:08:43","modified_gmt":"2019-02-20T14:08:43","slug":"kontakt-und-beschwerden","status":"publish","type":"page","link":"https:\/\/oliver-twist.dk\/de\/datenschutz\/kontakt-und-beschwerden\/","title":{"rendered":"Kontakt und Beschwerden"},"content":{"rendered":"<h3>Kontakt und Fragen<\/h3>\n<p>Wenn Sie Fragen zu unserer Verarbeitung Ihrer pers\u00f6nlichen Daten haben, eine Anfrage bez\u00fcglich eines Registerauszugs, Daten\u00fcbertragbarkeit, Berichtigung oder L\u00f6schung an uns richten m\u00f6chten, einen Einspruch erheben oder eine Einschr\u00e4nkung melden m\u00f6chten, kontaktieren Sie uns unter <a href=\"mailto:info@oliver-twist.dk\">info@oliver-twist.dk<\/a> oder Tel: +45 66 15 71 17.<\/p>\n<h3>Beschwerden<\/h3>\n<p>Wenn Sie eine Beschwerde in Bezug auf unsere Verarbeitung Ihrer pers\u00f6nlichen Daten haben, haben Sie das Recht, sich damit an eine Datenschutzbeh\u00f6rde zu wenden (zum Beispiel Datatilsynet in D\u00e4nemark oder jedwede andere Datenschutzbeh\u00f6rde innerhalb der EU). Weitere Informationen zu den Datenschutzbeh\u00f6rden finden Sie hier: <a href=\"https:\/\/ec.europa.eu\/justice\/article-29\/structure\/data-protection-authorities\/index_en.htm\">https:\/\/ec.europa.eu\/justice\/article-29\/structure\/data-protection-authorities\/index_en.htm<\/a>.<\/p>\n<p>&nbsp;<\/p>\n","protected":false},"excerpt":{"rendered":"<p>Kontakt und Fragen Wenn Sie Fragen zu unserer Verarbeitung Ihrer pers\u00f6nlichen Daten haben, eine Anfrage bez\u00fcglich eines Registerauszugs, Daten\u00fcbertragbarkeit, Berichtigung oder L\u00f6schung an uns richten m\u00f6chten, einen Einspruch erheben oder eine Einschr\u00e4nkung melden m\u00f6chten, kontaktieren Sie uns unter info@oliver-twist.dk oder Tel: +45 66 15 71 17. Beschwerden Wenn Sie eine Beschwerde in Bezug auf unsere [&hellip;]<\/p>\n","protected":false},"author":5,"featured_media":0,"parent":4340,"menu_order":116,"comment_status":"closed","ping_status":"closed","template":"templates\/tekst-undermenu.php","meta":{"_acf_changed":false,"footnotes":""},"class_list":["post-4368","page","type-page","status-publish","hentry"],"acf":[],"yoast_head":"<!-- This site is optimized with the Yoast SEO Premium plugin v27.0 (Yoast SEO v27.0) - https:\/\/yoast.com\/product\/yoast-seo-premium-wordpress\/ -->\n<title>Kontakt und Beschwerden | Oliver Twist<\/title>\n<meta name=\"robots\" content=\"index, follow, max-snippet:-1, max-image-preview:large, max-video-preview:-1\" \/>\n<link rel=\"canonical\" href=\"https:\/\/oliver-twist.dk\/de\/datenschutz\/kontakt-und-beschwerden\/\" \/>\n<meta property=\"og:locale\" content=\"de_DE\" \/>\n<meta property=\"og:type\" content=\"article\" \/>\n<meta property=\"og:title\" content=\"Kontakt und Beschwerden\" \/>\n<meta property=\"og:description\" content=\"Kontakt und Fragen Wenn Sie Fragen zu unserer Verarbeitung Ihrer pers\u00f6nlichen Daten haben, eine Anfrage bez\u00fcglich eines Registerauszugs, Daten\u00fcbertragbarkeit, Berichtigung oder L\u00f6schung an uns richten m\u00f6chten, einen Einspruch erheben oder eine Einschr\u00e4nkung melden m\u00f6chten, kontaktieren Sie uns unter info@oliver-twist.dk oder Tel: +45 66 15 71 17. Beschwerden Wenn Sie eine Beschwerde in Bezug auf unsere [&hellip;]\" \/>\n<meta property=\"og:url\" content=\"https:\/\/oliver-twist.dk\/de\/datenschutz\/kontakt-und-beschwerden\/\" \/>\n<meta property=\"og:site_name\" content=\"Oliver Twist\" \/>\n<meta property=\"article:publisher\" content=\"https:\/\/www.facebook.com\/HouseofOliverTwist\/\" \/>\n<meta property=\"article:modified_time\" content=\"2019-02-20T14:08:43+00:00\" \/>\n<meta name=\"twitter:card\" content=\"summary_large_image\" \/>\n<meta name=\"twitter:label1\" content=\"Gesch\u00e4tzte Lesezeit\" \/>\n\t<meta name=\"twitter:data1\" content=\"1\u00a0Minute\" \/>\n<script type=\"application\/ld+json\" class=\"yoast-schema-graph\">{\"@context\":\"https:\/\/schema.org\",\"@graph\":[{\"@type\":\"WebPage\",\"@id\":\"https:\/\/oliver-twist.dk\/de\/datenschutz\/kontakt-und-beschwerden\/\",\"url\":\"https:\/\/oliver-twist.dk\/de\/datenschutz\/kontakt-und-beschwerden\/\",\"name\":\"Kontakt und Beschwerden | Oliver Twist\",\"isPartOf\":{\"@id\":\"https:\/\/oliver-twist.dk\/en\/#website\"},\"datePublished\":\"2019-02-07T12:33:05+00:00\",\"dateModified\":\"2019-02-20T14:08:43+00:00\",\"breadcrumb\":{\"@id\":\"https:\/\/oliver-twist.dk\/de\/datenschutz\/kontakt-und-beschwerden\/#breadcrumb\"},\"inLanguage\":\"de\",\"potentialAction\":[{\"@type\":\"ReadAction\",\"target\":[\"https:\/\/oliver-twist.dk\/de\/datenschutz\/kontakt-und-beschwerden\/\"]}]},{\"@type\":\"BreadcrumbList\",\"@id\":\"https:\/\/oliver-twist.dk\/de\/datenschutz\/kontakt-und-beschwerden\/#breadcrumb\",\"itemListElement\":[{\"@type\":\"ListItem\",\"position\":1,\"name\":\"Startseite\",\"item\":\"https:\/\/oliver-twist.dk\/de\/\"},{\"@type\":\"ListItem\",\"position\":2,\"name\":\"DATENSCHUTZ\",\"item\":\"https:\/\/oliver-twist.dk\/de\/datenschutz\/\"},{\"@type\":\"ListItem\",\"position\":3,\"name\":\"Kontakt und Beschwerden\"}]},{\"@type\":\"WebSite\",\"@id\":\"https:\/\/oliver-twist.dk\/en\/#website\",\"url\":\"https:\/\/oliver-twist.dk\/en\/\",\"name\":\"Oliver Twist\",\"description\":\"Sm\u00e5 diskrete tobakspastiller med naturligt nikotin indhold\",\"publisher\":{\"@id\":\"https:\/\/oliver-twist.dk\/en\/#organization\"},\"potentialAction\":[{\"@type\":\"SearchAction\",\"target\":{\"@type\":\"EntryPoint\",\"urlTemplate\":\"https:\/\/oliver-twist.dk\/en\/?s={search_term_string}\"},\"query-input\":{\"@type\":\"PropertyValueSpecification\",\"valueRequired\":true,\"valueName\":\"search_term_string\"}}],\"inLanguage\":\"de\"},{\"@type\":\"Organization\",\"@id\":\"https:\/\/oliver-twist.dk\/en\/#organization\",\"name\":\"House of Oliver Twist\",\"url\":\"https:\/\/oliver-twist.dk\/en\/\",\"logo\":{\"@type\":\"ImageObject\",\"inLanguage\":\"de\",\"@id\":\"https:\/\/oliver-twist.dk\/en\/#\/schema\/logo\/image\/\",\"url\":\"https:\/\/oliver-twist.dk\/wp-content\/uploads\/2020\/09\/Oliver-Twist_Sort-PNG-1.png\",\"contentUrl\":\"https:\/\/oliver-twist.dk\/wp-content\/uploads\/2020\/09\/Oliver-Twist_Sort-PNG-1.png\",\"width\":774,\"height\":236,\"caption\":\"House of Oliver Twist\"},\"image\":{\"@id\":\"https:\/\/oliver-twist.dk\/en\/#\/schema\/logo\/image\/\"},\"sameAs\":[\"https:\/\/www.facebook.com\/HouseofOliverTwist\/\",\"https:\/\/www.linkedin.com\/company\/house-of-oliver-twist\/\",\"https:\/\/www.youtube.com\/channel\/UCnHIfJXeHCZHCcWjKW_fVCg\"]}]}<\/script>\n<!-- \/ Yoast SEO Premium plugin. -->","yoast_head_json":{"title":"Kontakt und Beschwerden | Oliver Twist","robots":{"index":"index","follow":"follow","max-snippet":"max-snippet:-1","max-image-preview":"max-image-preview:large","max-video-preview":"max-video-preview:-1"},"canonical":"https:\/\/oliver-twist.dk\/de\/datenschutz\/kontakt-und-beschwerden\/","og_locale":"de_DE","og_type":"article","og_title":"Kontakt und Beschwerden","og_description":"Kontakt und Fragen Wenn Sie Fragen zu unserer Verarbeitung Ihrer pers\u00f6nlichen Daten haben, eine Anfrage bez\u00fcglich eines Registerauszugs, Daten\u00fcbertragbarkeit, Berichtigung oder L\u00f6schung an uns richten m\u00f6chten, einen Einspruch erheben oder eine Einschr\u00e4nkung melden m\u00f6chten, kontaktieren Sie uns unter info@oliver-twist.dk oder Tel: +45 66 15 71 17. Beschwerden Wenn Sie eine Beschwerde in Bezug auf unsere [&hellip;]","og_url":"https:\/\/oliver-twist.dk\/de\/datenschutz\/kontakt-und-beschwerden\/","og_site_name":"Oliver Twist","article_publisher":"https:\/\/www.facebook.com\/HouseofOliverTwist\/","article_modified_time":"2019-02-20T14:08:43+00:00","twitter_card":"summary_large_image","twitter_misc":{"Gesch\u00e4tzte Lesezeit":"1\u00a0Minute"},"schema":{"@context":"https:\/\/schema.org","@graph":[{"@type":"WebPage","@id":"https:\/\/oliver-twist.dk\/de\/datenschutz\/kontakt-und-beschwerden\/","url":"https:\/\/oliver-twist.dk\/de\/datenschutz\/kontakt-und-beschwerden\/","name":"Kontakt und Beschwerden | Oliver Twist","isPartOf":{"@id":"https:\/\/oliver-twist.dk\/en\/#website"},"datePublished":"2019-02-07T12:33:05+00:00","dateModified":"2019-02-20T14:08:43+00:00","breadcrumb":{"@id":"https:\/\/oliver-twist.dk\/de\/datenschutz\/kontakt-und-beschwerden\/#breadcrumb"},"inLanguage":"de","potentialAction":[{"@type":"ReadAction","target":["https:\/\/oliver-twist.dk\/de\/datenschutz\/kontakt-und-beschwerden\/"]}]},{"@type":"BreadcrumbList","@id":"https:\/\/oliver-twist.dk\/de\/datenschutz\/kontakt-und-beschwerden\/#breadcrumb","itemListElement":[{"@type":"ListItem","position":1,"name":"Startseite","item":"https:\/\/oliver-twist.dk\/de\/"},{"@type":"ListItem","position":2,"name":"DATENSCHUTZ","item":"https:\/\/oliver-twist.dk\/de\/datenschutz\/"},{"@type":"ListItem","position":3,"name":"Kontakt und Beschwerden"}]},{"@type":"WebSite","@id":"https:\/\/oliver-twist.dk\/en\/#website","url":"https:\/\/oliver-twist.dk\/en\/","name":"Oliver Twist","description":"Sm\u00e5 diskrete tobakspastiller med naturligt nikotin indhold","publisher":{"@id":"https:\/\/oliver-twist.dk\/en\/#organization"},"potentialAction":[{"@type":"SearchAction","target":{"@type":"EntryPoint","urlTemplate":"https:\/\/oliver-twist.dk\/en\/?s={search_term_string}"},"query-input":{"@type":"PropertyValueSpecification","valueRequired":true,"valueName":"search_term_string"}}],"inLanguage":"de"},{"@type":"Organization","@id":"https:\/\/oliver-twist.dk\/en\/#organization","name":"House of Oliver Twist","url":"https:\/\/oliver-twist.dk\/en\/","logo":{"@type":"ImageObject","inLanguage":"de","@id":"https:\/\/oliver-twist.dk\/en\/#\/schema\/logo\/image\/","url":"https:\/\/oliver-twist.dk\/wp-content\/uploads\/2020\/09\/Oliver-Twist_Sort-PNG-1.png","contentUrl":"https:\/\/oliver-twist.dk\/wp-content\/uploads\/2020\/09\/Oliver-Twist_Sort-PNG-1.png","width":774,"height":236,"caption":"House of Oliver Twist"},"image":{"@id":"https:\/\/oliver-twist.dk\/en\/#\/schema\/logo\/image\/"},"sameAs":["https:\/\/www.facebook.com\/HouseofOliverTwist\/","https:\/\/www.linkedin.com\/company\/house-of-oliver-twist\/","https:\/\/www.youtube.com\/channel\/UCnHIfJXeHCZHCcWjKW_fVCg"]}]}},"_links":{"self":[{"href":"https:\/\/oliver-twist.dk\/de\/wp-json\/wp\/v2\/pages\/4368","targetHints":{"allow":["GET"]}}],"collection":[{"href":"https:\/\/oliver-twist.dk\/de\/wp-json\/wp\/v2\/pages"}],"about":[{"href":"https:\/\/oliver-twist.dk\/de\/wp-json\/wp\/v2\/types\/page"}],"author":[{"embeddable":true,"href":"https:\/\/oliver-twist.dk\/de\/wp-json\/wp\/v2\/users\/5"}],"replies":[{"embeddable":true,"href":"https:\/\/oliver-twist.dk\/de\/wp-json\/wp\/v2\/comments?post=4368"}],"version-history":[{"count":1,"href":"https:\/\/oliver-twist.dk\/de\/wp-json\/wp\/v2\/pages\/4368\/revisions"}],"predecessor-version":[{"id":4369,"href":"https:\/\/oliver-twist.dk\/de\/wp-json\/wp\/v2\/pages\/4368\/revisions\/4369"}],"up":[{"embeddable":true,"href":"https:\/\/oliver-twist.dk\/de\/wp-json\/wp\/v2\/pages\/4340"}],"wp:attachment":[{"href":"https:\/\/oliver-twist.dk\/de\/wp-json\/wp\/v2\/media?parent=4368"}],"curies":[{"name":"wp","href":"https:\/\/api.w.org\/{rel}","templated":true}]}}