{"id":4365,"date":"2019-02-07T12:20:48","date_gmt":"2019-02-07T11:20:48","guid":{"rendered":"https:\/\/oliver-twist.dk\/?page_id=4365"},"modified":"2019-02-20T15:08:31","modified_gmt":"2019-02-20T14:08:31","slug":"rechte","status":"publish","type":"page","link":"https:\/\/oliver-twist.dk\/de\/datenschutz\/rechte\/","title":{"rendered":"Ihre Rechte"},"content":{"rendered":"<p>Sie haben bestimmte Rechte, die Sie gegen uns geltend machen k\u00f6nnen. Im Folgenden finden Sie eine Zusammenfassung dieser Rechte.<\/p>\n<h3><strong>Recht auf Zugang\/Ausz\u00fcge aus dem Register<\/strong><\/h3>\n<p>Sie haben das Recht zu erfahren, welche Ihrer pers\u00f6nlichen Daten wir verarbeiten. Auf Ihre Anfrage hin stellen wir Ihnen die Informationen bez\u00fcglich der Verarbeitung Ihrer Daten kostenlos in schriftlicher Form zur Verf\u00fcgung.<\/p>\n<h3><strong>Recht auf Daten\u00fcbertragbarkeit<\/strong><\/h3>\n<p>Sie haben das Recht, eine Kopie Ihrer uns bereitgestellten pers\u00f6nlichen Daten in einem strukturierten, g\u00e4ngigen und maschinenlesbaren Format zu erhalten. Vorausgesetzt, dies ist technisch machbar &#8211; was unserer Beurteilung obliegt &#8211; haben Sie au\u00dferdem das Recht zu verlangen, dass wir diese Daten an einen anderen Datenverantwortlichen \u00fcbermitteln. Das Recht auf Daten\u00fcbertragbarkeit gilt f\u00fcr pers\u00f6nliche Daten, deren Verarbeitung mithilfe automatisierter Verfahren erfolgt, und gr\u00fcndet auf einem Vertrag mit Ihnen oder auf Ihrer Einwilligung.<\/p>\n<h3><strong>Korrektur fehlerhafter Daten<\/strong><\/h3>\n<p>Sie haben das Recht zu verlangen, dass wir Sie betreffende fehlerhafte oder unvollst\u00e4ndige Informationen korrigieren.<\/p>\n<h3><strong>L\u00f6schung bestimmter Daten<\/strong><\/h3>\n<p>Unter bestimmten Voraussetzungen haben Sie das Recht zu verlangen, dass wir Ihre pers\u00f6nlichen Daten l\u00f6schen, bspw. wenn diese nicht l\u00e4nger f\u00fcr den Zweck erforderlich sind, zu dem sie erhoben wurden, wenn sich die Verarbeitung auf Ihre Einwilligung st\u00fctzte und Sie diese widerrufen haben, wenn Sie den von uns genannten berechtigten Interessen widersprechen und wir diese nicht ausreichend st\u00fctzen k\u00f6nnen, wenn Ihre personenbezogenen Daten in unrechtm\u00e4\u00dfiger Weise verarbeitet wurden oder wenn die L\u00f6schung der personenbezogenen Daten zur Erf\u00fcllung einer rechtlichen Verpflichtung erforderlich ist.<\/p>\n<p>In bestimmten F\u00e4llen m\u00fcssen wir Ihre pers\u00f6nlichen Daten trotz Ihres Widerspruchs verarbeiten, bspw. aufgrund von gesetzlichen Bestimmungen hinsichtlich Buchhaltung und Steuerrecht oder zwecks Geltendmachung, Aus\u00fcbung oder Verteidigung von Rechtsanspr\u00fcchen.<\/p>\n<h3><strong>Recht auf Einschr\u00e4nkung der Verarbeitung Ihrer pers\u00f6nlichen Daten<\/strong><\/h3>\n<p>Unter bestimmten Voraussetzungen haben Sie das Recht, die Einschr\u00e4nkung der Verarbeitung Ihrer pers\u00f6nlichen Daten zu verlangen. Falls Sie die Richtigkeit Ihrer pers\u00f6nlichen Daten bestreiten, k\u00f6nnen Sie eine Einschr\u00e4nkung der Verarbeitung verlangen, und zwar f\u00fcr eine Dauer, die es uns erm\u00f6glicht, die Richtigkeit der pers\u00f6nlichen Daten zu \u00fcberpr\u00fcfen.<\/p>\n<h3><strong>Widerspruchsrecht<\/strong><\/h3>\n<p>Unter bestimmten Umst\u00e4nden haben Sie das Recht, der Verarbeitung Ihrer pers\u00f6nlichen Daten zu widersprechen.<\/p>\n<p>Sie haben das Recht, der Verarbeitung zu widersprechen, die auf der rechtlichen Grundlage unserer berechtigten Interessen gr\u00fcndet. Jedoch k\u00f6nnen wir Ihre Daten trotz Ihres Widerspruchs weiterhin verarbeiten, falls wir zwingende berechtigte Gr\u00fcnde f\u00fcr die Verarbeitung haben, die Ihre Interessen, Rechte und Freiheiten \u00fcberwiegen.<\/p>\n","protected":false},"excerpt":{"rendered":"<p>Sie haben bestimmte Rechte, die Sie gegen uns geltend machen k\u00f6nnen. Im Folgenden finden Sie eine Zusammenfassung dieser Rechte. Recht auf Zugang\/Ausz\u00fcge aus dem Register Sie haben das Recht zu erfahren, welche Ihrer pers\u00f6nlichen Daten wir verarbeiten. Auf Ihre Anfrage hin stellen wir Ihnen die Informationen bez\u00fcglich der Verarbeitung Ihrer Daten kostenlos in schriftlicher Form [&hellip;]<\/p>\n","protected":false},"author":5,"featured_media":0,"parent":4340,"menu_order":112,"comment_status":"closed","ping_status":"closed","template":"templates\/tekst-undermenu.php","meta":{"_acf_changed":false,"footnotes":""},"class_list":["post-4365","page","type-page","status-publish","hentry"],"acf":[],"yoast_head":"<!-- This site is optimized with the Yoast SEO Premium plugin v27.0 (Yoast SEO v27.0) - https:\/\/yoast.com\/product\/yoast-seo-premium-wordpress\/ -->\n<title>Ihre Rechte | Oliver Twist<\/title>\n<meta name=\"robots\" content=\"index, follow, max-snippet:-1, max-image-preview:large, max-video-preview:-1\" \/>\n<link rel=\"canonical\" href=\"https:\/\/oliver-twist.dk\/de\/datenschutz\/rechte\/\" \/>\n<meta property=\"og:locale\" content=\"de_DE\" \/>\n<meta property=\"og:type\" content=\"article\" \/>\n<meta property=\"og:title\" content=\"Ihre Rechte\" \/>\n<meta property=\"og:description\" content=\"Sie haben bestimmte Rechte, die Sie gegen uns geltend machen k\u00f6nnen. Im Folgenden finden Sie eine Zusammenfassung dieser Rechte. Recht auf Zugang\/Ausz\u00fcge aus dem Register Sie haben das Recht zu erfahren, welche Ihrer pers\u00f6nlichen Daten wir verarbeiten. Auf Ihre Anfrage hin stellen wir Ihnen die Informationen bez\u00fcglich der Verarbeitung Ihrer Daten kostenlos in schriftlicher Form [&hellip;]\" \/>\n<meta property=\"og:url\" content=\"https:\/\/oliver-twist.dk\/de\/datenschutz\/rechte\/\" \/>\n<meta property=\"og:site_name\" content=\"Oliver Twist\" \/>\n<meta property=\"article:publisher\" content=\"https:\/\/www.facebook.com\/HouseofOliverTwist\/\" \/>\n<meta property=\"article:modified_time\" content=\"2019-02-20T14:08:31+00:00\" \/>\n<meta name=\"twitter:card\" content=\"summary_large_image\" \/>\n<meta name=\"twitter:label1\" content=\"Gesch\u00e4tzte Lesezeit\" \/>\n\t<meta name=\"twitter:data1\" content=\"2\u00a0Minuten\" \/>\n<script type=\"application\/ld+json\" class=\"yoast-schema-graph\">{\"@context\":\"https:\/\/schema.org\",\"@graph\":[{\"@type\":\"WebPage\",\"@id\":\"https:\/\/oliver-twist.dk\/de\/datenschutz\/rechte\/\",\"url\":\"https:\/\/oliver-twist.dk\/de\/datenschutz\/rechte\/\",\"name\":\"Ihre Rechte | Oliver Twist\",\"isPartOf\":{\"@id\":\"https:\/\/oliver-twist.dk\/en\/#website\"},\"datePublished\":\"2019-02-07T11:20:48+00:00\",\"dateModified\":\"2019-02-20T14:08:31+00:00\",\"breadcrumb\":{\"@id\":\"https:\/\/oliver-twist.dk\/de\/datenschutz\/rechte\/#breadcrumb\"},\"inLanguage\":\"de\",\"potentialAction\":[{\"@type\":\"ReadAction\",\"target\":[\"https:\/\/oliver-twist.dk\/de\/datenschutz\/rechte\/\"]}]},{\"@type\":\"BreadcrumbList\",\"@id\":\"https:\/\/oliver-twist.dk\/de\/datenschutz\/rechte\/#breadcrumb\",\"itemListElement\":[{\"@type\":\"ListItem\",\"position\":1,\"name\":\"Startseite\",\"item\":\"https:\/\/oliver-twist.dk\/de\/\"},{\"@type\":\"ListItem\",\"position\":2,\"name\":\"DATENSCHUTZ\",\"item\":\"https:\/\/oliver-twist.dk\/de\/datenschutz\/\"},{\"@type\":\"ListItem\",\"position\":3,\"name\":\"Ihre Rechte\"}]},{\"@type\":\"WebSite\",\"@id\":\"https:\/\/oliver-twist.dk\/en\/#website\",\"url\":\"https:\/\/oliver-twist.dk\/en\/\",\"name\":\"Oliver Twist\",\"description\":\"Sm\u00e5 diskrete tobakspastiller med naturligt nikotin indhold\",\"publisher\":{\"@id\":\"https:\/\/oliver-twist.dk\/en\/#organization\"},\"potentialAction\":[{\"@type\":\"SearchAction\",\"target\":{\"@type\":\"EntryPoint\",\"urlTemplate\":\"https:\/\/oliver-twist.dk\/en\/?s={search_term_string}\"},\"query-input\":{\"@type\":\"PropertyValueSpecification\",\"valueRequired\":true,\"valueName\":\"search_term_string\"}}],\"inLanguage\":\"de\"},{\"@type\":\"Organization\",\"@id\":\"https:\/\/oliver-twist.dk\/en\/#organization\",\"name\":\"House of Oliver Twist\",\"url\":\"https:\/\/oliver-twist.dk\/en\/\",\"logo\":{\"@type\":\"ImageObject\",\"inLanguage\":\"de\",\"@id\":\"https:\/\/oliver-twist.dk\/en\/#\/schema\/logo\/image\/\",\"url\":\"https:\/\/oliver-twist.dk\/wp-content\/uploads\/2020\/09\/Oliver-Twist_Sort-PNG-1.png\",\"contentUrl\":\"https:\/\/oliver-twist.dk\/wp-content\/uploads\/2020\/09\/Oliver-Twist_Sort-PNG-1.png\",\"width\":774,\"height\":236,\"caption\":\"House of Oliver Twist\"},\"image\":{\"@id\":\"https:\/\/oliver-twist.dk\/en\/#\/schema\/logo\/image\/\"},\"sameAs\":[\"https:\/\/www.facebook.com\/HouseofOliverTwist\/\",\"https:\/\/www.linkedin.com\/company\/house-of-oliver-twist\/\",\"https:\/\/www.youtube.com\/channel\/UCnHIfJXeHCZHCcWjKW_fVCg\"]}]}<\/script>\n<!-- \/ Yoast SEO Premium plugin. -->","yoast_head_json":{"title":"Ihre Rechte | Oliver Twist","robots":{"index":"index","follow":"follow","max-snippet":"max-snippet:-1","max-image-preview":"max-image-preview:large","max-video-preview":"max-video-preview:-1"},"canonical":"https:\/\/oliver-twist.dk\/de\/datenschutz\/rechte\/","og_locale":"de_DE","og_type":"article","og_title":"Ihre Rechte","og_description":"Sie haben bestimmte Rechte, die Sie gegen uns geltend machen k\u00f6nnen. Im Folgenden finden Sie eine Zusammenfassung dieser Rechte. Recht auf Zugang\/Ausz\u00fcge aus dem Register Sie haben das Recht zu erfahren, welche Ihrer pers\u00f6nlichen Daten wir verarbeiten. Auf Ihre Anfrage hin stellen wir Ihnen die Informationen bez\u00fcglich der Verarbeitung Ihrer Daten kostenlos in schriftlicher Form [&hellip;]","og_url":"https:\/\/oliver-twist.dk\/de\/datenschutz\/rechte\/","og_site_name":"Oliver Twist","article_publisher":"https:\/\/www.facebook.com\/HouseofOliverTwist\/","article_modified_time":"2019-02-20T14:08:31+00:00","twitter_card":"summary_large_image","twitter_misc":{"Gesch\u00e4tzte Lesezeit":"2\u00a0Minuten"},"schema":{"@context":"https:\/\/schema.org","@graph":[{"@type":"WebPage","@id":"https:\/\/oliver-twist.dk\/de\/datenschutz\/rechte\/","url":"https:\/\/oliver-twist.dk\/de\/datenschutz\/rechte\/","name":"Ihre Rechte | Oliver Twist","isPartOf":{"@id":"https:\/\/oliver-twist.dk\/en\/#website"},"datePublished":"2019-02-07T11:20:48+00:00","dateModified":"2019-02-20T14:08:31+00:00","breadcrumb":{"@id":"https:\/\/oliver-twist.dk\/de\/datenschutz\/rechte\/#breadcrumb"},"inLanguage":"de","potentialAction":[{"@type":"ReadAction","target":["https:\/\/oliver-twist.dk\/de\/datenschutz\/rechte\/"]}]},{"@type":"BreadcrumbList","@id":"https:\/\/oliver-twist.dk\/de\/datenschutz\/rechte\/#breadcrumb","itemListElement":[{"@type":"ListItem","position":1,"name":"Startseite","item":"https:\/\/oliver-twist.dk\/de\/"},{"@type":"ListItem","position":2,"name":"DATENSCHUTZ","item":"https:\/\/oliver-twist.dk\/de\/datenschutz\/"},{"@type":"ListItem","position":3,"name":"Ihre Rechte"}]},{"@type":"WebSite","@id":"https:\/\/oliver-twist.dk\/en\/#website","url":"https:\/\/oliver-twist.dk\/en\/","name":"Oliver Twist","description":"Sm\u00e5 diskrete tobakspastiller med naturligt nikotin indhold","publisher":{"@id":"https:\/\/oliver-twist.dk\/en\/#organization"},"potentialAction":[{"@type":"SearchAction","target":{"@type":"EntryPoint","urlTemplate":"https:\/\/oliver-twist.dk\/en\/?s={search_term_string}"},"query-input":{"@type":"PropertyValueSpecification","valueRequired":true,"valueName":"search_term_string"}}],"inLanguage":"de"},{"@type":"Organization","@id":"https:\/\/oliver-twist.dk\/en\/#organization","name":"House of Oliver Twist","url":"https:\/\/oliver-twist.dk\/en\/","logo":{"@type":"ImageObject","inLanguage":"de","@id":"https:\/\/oliver-twist.dk\/en\/#\/schema\/logo\/image\/","url":"https:\/\/oliver-twist.dk\/wp-content\/uploads\/2020\/09\/Oliver-Twist_Sort-PNG-1.png","contentUrl":"https:\/\/oliver-twist.dk\/wp-content\/uploads\/2020\/09\/Oliver-Twist_Sort-PNG-1.png","width":774,"height":236,"caption":"House of Oliver Twist"},"image":{"@id":"https:\/\/oliver-twist.dk\/en\/#\/schema\/logo\/image\/"},"sameAs":["https:\/\/www.facebook.com\/HouseofOliverTwist\/","https:\/\/www.linkedin.com\/company\/house-of-oliver-twist\/","https:\/\/www.youtube.com\/channel\/UCnHIfJXeHCZHCcWjKW_fVCg"]}]}},"_links":{"self":[{"href":"https:\/\/oliver-twist.dk\/de\/wp-json\/wp\/v2\/pages\/4365","targetHints":{"allow":["GET"]}}],"collection":[{"href":"https:\/\/oliver-twist.dk\/de\/wp-json\/wp\/v2\/pages"}],"about":[{"href":"https:\/\/oliver-twist.dk\/de\/wp-json\/wp\/v2\/types\/page"}],"author":[{"embeddable":true,"href":"https:\/\/oliver-twist.dk\/de\/wp-json\/wp\/v2\/users\/5"}],"replies":[{"embeddable":true,"href":"https:\/\/oliver-twist.dk\/de\/wp-json\/wp\/v2\/comments?post=4365"}],"version-history":[{"count":2,"href":"https:\/\/oliver-twist.dk\/de\/wp-json\/wp\/v2\/pages\/4365\/revisions"}],"predecessor-version":[{"id":4367,"href":"https:\/\/oliver-twist.dk\/de\/wp-json\/wp\/v2\/pages\/4365\/revisions\/4367"}],"up":[{"embeddable":true,"href":"https:\/\/oliver-twist.dk\/de\/wp-json\/wp\/v2\/pages\/4340"}],"wp:attachment":[{"href":"https:\/\/oliver-twist.dk\/de\/wp-json\/wp\/v2\/media?parent=4365"}],"curies":[{"name":"wp","href":"https:\/\/api.w.org\/{rel}","templated":true}]}}