{"id":4361,"date":"2019-02-07T12:14:27","date_gmt":"2019-02-07T11:14:27","guid":{"rendered":"https:\/\/oliver-twist.dk\/?page_id=4361"},"modified":"2019-02-20T15:08:06","modified_gmt":"2019-02-20T14:08:06","slug":"bewerber","status":"publish","type":"page","link":"https:\/\/oliver-twist.dk\/de\/datenschutz\/bewerber\/","title":{"rendered":"Bewerber"},"content":{"rendered":"<h3>Welche pers\u00f6nlichen Daten und zu welchen Zwecken?<\/h3>\n<p>Wenn Sie sich f\u00fcr eine Stelle oder ein Praktikum bei Oliver Twist bewerben, verarbeiten wir die Daten, die Sie in Ihrer Bewerbung und w\u00e4hrend des Einstellungsprozesses mit uns teilen. Diese Daten umfassen Namen, Adresse, pers\u00f6nliche Identit\u00e4tsnummer, Kontaktinformationen (E-Mail-Adresse und Telefonnummer), Noten, Referenzen, Zeugnisse und andere Informationen, die Sie uns in Ihrer Bewerbung (bspw. in Lebenslauf und Motivationsschreiben) zur Verf\u00fcgung stellen.<\/p>\n<p>Diese von uns verarbeiteten pers\u00f6nlichen Daten erhalten wir direkt von Ihnen, wenn Sie Oliver Twist pers\u00f6nlich oder per E-Mail kontaktieren. Die Daten k\u00f6nnen auch \u00fcber eines der Unternehmen gesammelt werden, mit denen Oliver Twist im Zuge des Rekrutierungsverfahrens zusammenarbeitet.<\/p>\n<p>Falls Sie im Einstellungsverfahren weiterr\u00fccken, f\u00fchren wir m\u00f6glicherweise in Kooperation mit einem externen Unternehmen einen Background-Check durch. Vor der Durchf\u00fchrung eines solchen Background-Checks wird das Unternehmen Sie kontaktieren und Ihre Einwilligung einholen sowie Sie \u00fcber die weitere Verarbeitung Ihrer Daten zu informieren.<\/p>\n<p><strong>Unsere Rechtsgrundlage<\/strong> f\u00fcr die Verarbeitung pers\u00f6nlicher Daten in Zusammenhang mit Ihnen als einem unserer Bewerber ist unser berechtigtes Interesse am Empfang Ihrer Bewerbung und der Durchf\u00fchrung des Einstellungsverfahrens f\u00fcr die entsprechende Position, Ihre Einwilligung (sofern relevant) sowie die Erf\u00fcllung unserer Verpflichtungen und die Wahrnehmung unserer und\/oder Ihrer Rechte gem\u00e4\u00df Arbeitsrecht, beispielsweise f\u00fcr den Fall, dass arbeitsrechtliche Anspr\u00fcche geltend gemacht werden.<\/p>\n<p><em>\u00a0Auf der Grundlage unserer berechtigten Interessen werden Ihre pers\u00f6nlichen Daten zu folgenden Zwecken verarbeitet:<\/em><\/p>\n<ul>\n<li>\u00dcberpr\u00fcfung Ihrer Bewerbungsunterlagen (mit Lebenslauf, Bewerbungsschreiben, Zeugnissen und Noten)<\/li>\n<li>Beurteilung Ihrer Bewerbung hinsichtlich der ausgeschriebenen Stelle sowie im Vergleich mit den Bewerbungen anderer Kandidaten auf Grundlage der Kompetenzen, Leistungen, Erfahrungen und Studienresultate<\/li>\n<li>Verwaltung des Einstellungsverfahrens, zum Beispiel Sie zum Vorstellungsgespr\u00e4ch einzuladen, Ihnen eine Stelle anzubieten oder Sie dar\u00fcber zu informieren, dass Sie leider nicht als Kandidat in Betracht kommen.<\/li>\n<\/ul>\n<p>Im Falle Ihrer Zustimmung werden Ihre pers\u00f6nlichen Daten f\u00fcr eventuelle zuk\u00fcnftige Einstellungsverfahren, bei denen Sie als Kandidat infrage kommen, gespeichert. Bitte beachten Sie, dass Sie Ihre diesbez\u00fcgliche Einwilligung jederzeit widerrufen k\u00f6nnen.<\/p>\n<h3>\u00a0Wie lange speichern wir Ihre Daten?<\/h3>\n<p>Wir speichern Ihre pers\u00f6nlichen Daten so lange wie f\u00fcr oben beschriebene Zwecke vonn\u00f6ten. In Bezug auf den Teil der Verarbeitung Ihrer pers\u00f6nlichen Daten, der auf unseren berechtigten Interessen basiert, bewahren wir Ihre pers\u00f6nlichen Daten nach Ende des Einstellungsprozesses in der Regel nicht weiter auf. Um unsere Rechte gem\u00e4\u00df geltendem Arbeitsrecht geltend machen zu k\u00f6nnen, m\u00fcssen wir Ihre Bewerbungsunterlagen m\u00f6glicherweise nach Ende des Einstellungsverfahrens f\u00fcr den gesetzlich zugelassenen Zeitraum aufbewahren. Falls wir mit Ihnen vereinbaren, Ihre pers\u00f6nlichen Daten f\u00fcr eventuelle zuk\u00fcnftige Einstellungsverfahren zu speichern, werden wir diese so lange aufbewahren, wie Sie einverstanden sind oder bis wir nicht l\u00e4nger Anlass dazu sehen.<\/p>\n<p>Auch speichern wir Ihre Daten f\u00fcr einen l\u00e4ngeren Zeitraum, falls dies zur Geltendmachung, Aus\u00fcbung oder Verteidigung von Rechtsanspr\u00fcchen vonn\u00f6ten ist.<\/p>\n<h3>Mit wem teilen wir Ihre pers\u00f6nlichen Daten?<\/h3>\n<p>Wir k\u00f6nnen Ihre pers\u00f6nlichen Daten mit anderen Unternehmen teilen, die zur selben Gruppe wie Oliver Twist geh\u00f6ren, sowie auch mit Kooperationspartnern, bspw. in Verbindung mit IT-Dienstleistungen. Diese Empf\u00e4nger verarbeiten Ihre pers\u00f6nlichen Daten ausschlie\u00dflich in unserem Auftrag und gem\u00e4\u00df unseren Anweisungen. Wir unternehmen alle geeigneten rechtlichen, technischen und organisatorischen Ma\u00dfnahmen, um sicherzustellen, dass Ihre pers\u00f6nlichen Daten sicher verarbeitet sowie sicher an solche ausgew\u00e4hlten Empf\u00e4nger \u00fcbertragen oder mit diesen geteilt werden.<\/p>\n<p>Dar\u00fcber hinaus kann Oliver Twist Ihre pers\u00f6nlichen Daten mit anderen Unternehmen teilen, die diese unabh\u00e4ngig und damit au\u00dferhalb unserer Kontrolle verarbeiten. Wir teilen Ihre Daten allein zu dem Zweck mit anderen Unternehmen, um unsere Verpflichtungen Ihnen gegen\u00fcber erf\u00fcllen zu k\u00f6nnen. Wenn Ihre pers\u00f6nlichen Daten mit anderen Unternehmen geteilt werden, bei denen es sich um unabh\u00e4ngige Datenverantwortliche handelt, geschieht die Verarbeitung Ihrer Daten in \u00dcbereinstimmung mit den im jeweiligen Unternehmen geltenden Datenschutzbestimmungen.<\/p>\n<p>Gegebenenfalls teilen wir Ihre pers\u00f6nlichen Daten mit Regierungsbeh\u00f6rden, falls wir gesetzlich dazu verpflichtet sind oder der Verdacht auf kriminelle Aktivit\u00e4ten besteht.<\/p>\n<h3>Wo werden Ihre pers\u00f6nlichen Daten verarbeitet?<\/h3>\n<p>Ihre pers\u00f6nlichen Daten werden in erster Linie innerhalb von EU\/EWR verarbeitet, jedoch werden sie m\u00f6glicherweise in ein Land au\u00dferhalb von EU\/EWR wie die USA \u00fcbertragen, bspw. falls wir Informationen mit anderen Unternehmen innerhalb derselben Gruppe teilen, zu der auch Oliver Twist geh\u00f6rt.<\/p>\n<p>Die \u00dcbermittlung Ihrer pers\u00f6nlichen Daten in ein Land au\u00dferhalb von EU\/EWR erfolgt ausschlie\u00dflich, falls hierf\u00fcr eine rechtliche Grundlage besteht und ausreichend sichergestellt ist, dass Ihre Daten in gesetzeskonformer Weise verarbeitet werden. In solchen F\u00e4llen unternehmen wir alle geeigneten rechtlichen, technischen und organisatorischen Ma\u00dfnahmen, um sicherzustellen, dass Ihre pers\u00f6nlichen Daten mit einem ausreichenden Ma\u00df an Sicherheit, vergleichbar dem Sicherheitsniveau innerhalb von EU\/EWR, verarbeitet werden.<\/p>\n<h3>Wie besch\u00fctzen wir Ihre pers\u00f6nlichen Daten?<\/h3>\n<p>Wir ergreifen s\u00e4mtliche Sicherheitsma\u00dfnahmen, die zum Schutz Ihrer pers\u00f6nlichen Daten vonn\u00f6ten sind.<\/p>\n<h3>Welche Rechte haben Sie?<\/h3>\n<p><a href=\"https:\/\/oliver-twist.dk\/de\/datenschutz\/rechte\/\">Informieren Sie sich hier \u00fcber Ihre Rechte.<\/a><\/p>\n<h3>Kontakt, Fragen und Beschwerden<\/h3>\n<p><a href=\"https:\/\/oliver-twist.dk\/de\/datenschutz\/kontakt-und-beschwerden\/\">Informieren Sie sich u. a. dar\u00fcber, wie Sie uns kontaktieren k\u00f6nnen.<\/a><\/p>\n<p>&nbsp;<\/p>\n<p>&nbsp;<\/p>\n","protected":false},"excerpt":{"rendered":"<p>Welche pers\u00f6nlichen Daten und zu welchen Zwecken? Wenn Sie sich f\u00fcr eine Stelle oder ein Praktikum bei Oliver Twist bewerben, verarbeiten wir die Daten, die Sie in Ihrer Bewerbung und w\u00e4hrend des Einstellungsprozesses mit uns teilen. Diese Daten umfassen Namen, Adresse, pers\u00f6nliche Identit\u00e4tsnummer, Kontaktinformationen (E-Mail-Adresse und Telefonnummer), Noten, Referenzen, Zeugnisse und andere Informationen, die Sie [&hellip;]<\/p>\n","protected":false},"author":5,"featured_media":0,"parent":4340,"menu_order":103,"comment_status":"closed","ping_status":"closed","template":"templates\/tekst-undermenu.php","meta":{"_acf_changed":false,"footnotes":""},"class_list":["post-4361","page","type-page","status-publish","hentry"],"acf":[],"yoast_head":"<!-- This site is optimized with the Yoast SEO Premium plugin v27.0 (Yoast SEO v27.0) - https:\/\/yoast.com\/product\/yoast-seo-premium-wordpress\/ -->\n<title>Bewerber | Oliver Twist<\/title>\n<meta name=\"robots\" content=\"index, follow, max-snippet:-1, max-image-preview:large, max-video-preview:-1\" \/>\n<link rel=\"canonical\" href=\"https:\/\/oliver-twist.dk\/de\/datenschutz\/bewerber\/\" \/>\n<meta property=\"og:locale\" content=\"de_DE\" \/>\n<meta property=\"og:type\" content=\"article\" \/>\n<meta property=\"og:title\" content=\"Bewerber\" \/>\n<meta property=\"og:description\" content=\"Welche pers\u00f6nlichen Daten und zu welchen Zwecken? Wenn Sie sich f\u00fcr eine Stelle oder ein Praktikum bei Oliver Twist bewerben, verarbeiten wir die Daten, die Sie in Ihrer Bewerbung und w\u00e4hrend des Einstellungsprozesses mit uns teilen. Diese Daten umfassen Namen, Adresse, pers\u00f6nliche Identit\u00e4tsnummer, Kontaktinformationen (E-Mail-Adresse und Telefonnummer), Noten, Referenzen, Zeugnisse und andere Informationen, die Sie [&hellip;]\" \/>\n<meta property=\"og:url\" content=\"https:\/\/oliver-twist.dk\/de\/datenschutz\/bewerber\/\" \/>\n<meta property=\"og:site_name\" content=\"Oliver Twist\" \/>\n<meta property=\"article:publisher\" content=\"https:\/\/www.facebook.com\/HouseofOliverTwist\/\" \/>\n<meta property=\"article:modified_time\" content=\"2019-02-20T14:08:06+00:00\" \/>\n<meta name=\"twitter:card\" content=\"summary_large_image\" \/>\n<meta name=\"twitter:label1\" content=\"Gesch\u00e4tzte Lesezeit\" \/>\n\t<meta name=\"twitter:data1\" content=\"4\u00a0Minuten\" \/>\n<script type=\"application\/ld+json\" class=\"yoast-schema-graph\">{\"@context\":\"https:\/\/schema.org\",\"@graph\":[{\"@type\":\"WebPage\",\"@id\":\"https:\/\/oliver-twist.dk\/de\/datenschutz\/bewerber\/\",\"url\":\"https:\/\/oliver-twist.dk\/de\/datenschutz\/bewerber\/\",\"name\":\"Bewerber | Oliver Twist\",\"isPartOf\":{\"@id\":\"https:\/\/oliver-twist.dk\/en\/#website\"},\"datePublished\":\"2019-02-07T11:14:27+00:00\",\"dateModified\":\"2019-02-20T14:08:06+00:00\",\"breadcrumb\":{\"@id\":\"https:\/\/oliver-twist.dk\/de\/datenschutz\/bewerber\/#breadcrumb\"},\"inLanguage\":\"de\",\"potentialAction\":[{\"@type\":\"ReadAction\",\"target\":[\"https:\/\/oliver-twist.dk\/de\/datenschutz\/bewerber\/\"]}]},{\"@type\":\"BreadcrumbList\",\"@id\":\"https:\/\/oliver-twist.dk\/de\/datenschutz\/bewerber\/#breadcrumb\",\"itemListElement\":[{\"@type\":\"ListItem\",\"position\":1,\"name\":\"Startseite\",\"item\":\"https:\/\/oliver-twist.dk\/de\/\"},{\"@type\":\"ListItem\",\"position\":2,\"name\":\"DATENSCHUTZ\",\"item\":\"https:\/\/oliver-twist.dk\/de\/datenschutz\/\"},{\"@type\":\"ListItem\",\"position\":3,\"name\":\"Bewerber\"}]},{\"@type\":\"WebSite\",\"@id\":\"https:\/\/oliver-twist.dk\/en\/#website\",\"url\":\"https:\/\/oliver-twist.dk\/en\/\",\"name\":\"Oliver Twist\",\"description\":\"Sm\u00e5 diskrete tobakspastiller med naturligt nikotin indhold\",\"publisher\":{\"@id\":\"https:\/\/oliver-twist.dk\/en\/#organization\"},\"potentialAction\":[{\"@type\":\"SearchAction\",\"target\":{\"@type\":\"EntryPoint\",\"urlTemplate\":\"https:\/\/oliver-twist.dk\/en\/?s={search_term_string}\"},\"query-input\":{\"@type\":\"PropertyValueSpecification\",\"valueRequired\":true,\"valueName\":\"search_term_string\"}}],\"inLanguage\":\"de\"},{\"@type\":\"Organization\",\"@id\":\"https:\/\/oliver-twist.dk\/en\/#organization\",\"name\":\"House of Oliver Twist\",\"url\":\"https:\/\/oliver-twist.dk\/en\/\",\"logo\":{\"@type\":\"ImageObject\",\"inLanguage\":\"de\",\"@id\":\"https:\/\/oliver-twist.dk\/en\/#\/schema\/logo\/image\/\",\"url\":\"https:\/\/oliver-twist.dk\/wp-content\/uploads\/2020\/09\/Oliver-Twist_Sort-PNG-1.png\",\"contentUrl\":\"https:\/\/oliver-twist.dk\/wp-content\/uploads\/2020\/09\/Oliver-Twist_Sort-PNG-1.png\",\"width\":774,\"height\":236,\"caption\":\"House of Oliver Twist\"},\"image\":{\"@id\":\"https:\/\/oliver-twist.dk\/en\/#\/schema\/logo\/image\/\"},\"sameAs\":[\"https:\/\/www.facebook.com\/HouseofOliverTwist\/\",\"https:\/\/www.linkedin.com\/company\/house-of-oliver-twist\/\",\"https:\/\/www.youtube.com\/channel\/UCnHIfJXeHCZHCcWjKW_fVCg\"]}]}<\/script>\n<!-- \/ Yoast SEO Premium plugin. -->","yoast_head_json":{"title":"Bewerber | Oliver Twist","robots":{"index":"index","follow":"follow","max-snippet":"max-snippet:-1","max-image-preview":"max-image-preview:large","max-video-preview":"max-video-preview:-1"},"canonical":"https:\/\/oliver-twist.dk\/de\/datenschutz\/bewerber\/","og_locale":"de_DE","og_type":"article","og_title":"Bewerber","og_description":"Welche pers\u00f6nlichen Daten und zu welchen Zwecken? Wenn Sie sich f\u00fcr eine Stelle oder ein Praktikum bei Oliver Twist bewerben, verarbeiten wir die Daten, die Sie in Ihrer Bewerbung und w\u00e4hrend des Einstellungsprozesses mit uns teilen. Diese Daten umfassen Namen, Adresse, pers\u00f6nliche Identit\u00e4tsnummer, Kontaktinformationen (E-Mail-Adresse und Telefonnummer), Noten, Referenzen, Zeugnisse und andere Informationen, die Sie [&hellip;]","og_url":"https:\/\/oliver-twist.dk\/de\/datenschutz\/bewerber\/","og_site_name":"Oliver Twist","article_publisher":"https:\/\/www.facebook.com\/HouseofOliverTwist\/","article_modified_time":"2019-02-20T14:08:06+00:00","twitter_card":"summary_large_image","twitter_misc":{"Gesch\u00e4tzte Lesezeit":"4\u00a0Minuten"},"schema":{"@context":"https:\/\/schema.org","@graph":[{"@type":"WebPage","@id":"https:\/\/oliver-twist.dk\/de\/datenschutz\/bewerber\/","url":"https:\/\/oliver-twist.dk\/de\/datenschutz\/bewerber\/","name":"Bewerber | Oliver Twist","isPartOf":{"@id":"https:\/\/oliver-twist.dk\/en\/#website"},"datePublished":"2019-02-07T11:14:27+00:00","dateModified":"2019-02-20T14:08:06+00:00","breadcrumb":{"@id":"https:\/\/oliver-twist.dk\/de\/datenschutz\/bewerber\/#breadcrumb"},"inLanguage":"de","potentialAction":[{"@type":"ReadAction","target":["https:\/\/oliver-twist.dk\/de\/datenschutz\/bewerber\/"]}]},{"@type":"BreadcrumbList","@id":"https:\/\/oliver-twist.dk\/de\/datenschutz\/bewerber\/#breadcrumb","itemListElement":[{"@type":"ListItem","position":1,"name":"Startseite","item":"https:\/\/oliver-twist.dk\/de\/"},{"@type":"ListItem","position":2,"name":"DATENSCHUTZ","item":"https:\/\/oliver-twist.dk\/de\/datenschutz\/"},{"@type":"ListItem","position":3,"name":"Bewerber"}]},{"@type":"WebSite","@id":"https:\/\/oliver-twist.dk\/en\/#website","url":"https:\/\/oliver-twist.dk\/en\/","name":"Oliver Twist","description":"Sm\u00e5 diskrete tobakspastiller med naturligt nikotin indhold","publisher":{"@id":"https:\/\/oliver-twist.dk\/en\/#organization"},"potentialAction":[{"@type":"SearchAction","target":{"@type":"EntryPoint","urlTemplate":"https:\/\/oliver-twist.dk\/en\/?s={search_term_string}"},"query-input":{"@type":"PropertyValueSpecification","valueRequired":true,"valueName":"search_term_string"}}],"inLanguage":"de"},{"@type":"Organization","@id":"https:\/\/oliver-twist.dk\/en\/#organization","name":"House of Oliver Twist","url":"https:\/\/oliver-twist.dk\/en\/","logo":{"@type":"ImageObject","inLanguage":"de","@id":"https:\/\/oliver-twist.dk\/en\/#\/schema\/logo\/image\/","url":"https:\/\/oliver-twist.dk\/wp-content\/uploads\/2020\/09\/Oliver-Twist_Sort-PNG-1.png","contentUrl":"https:\/\/oliver-twist.dk\/wp-content\/uploads\/2020\/09\/Oliver-Twist_Sort-PNG-1.png","width":774,"height":236,"caption":"House of Oliver Twist"},"image":{"@id":"https:\/\/oliver-twist.dk\/en\/#\/schema\/logo\/image\/"},"sameAs":["https:\/\/www.facebook.com\/HouseofOliverTwist\/","https:\/\/www.linkedin.com\/company\/house-of-oliver-twist\/","https:\/\/www.youtube.com\/channel\/UCnHIfJXeHCZHCcWjKW_fVCg"]}]}},"_links":{"self":[{"href":"https:\/\/oliver-twist.dk\/de\/wp-json\/wp\/v2\/pages\/4361","targetHints":{"allow":["GET"]}}],"collection":[{"href":"https:\/\/oliver-twist.dk\/de\/wp-json\/wp\/v2\/pages"}],"about":[{"href":"https:\/\/oliver-twist.dk\/de\/wp-json\/wp\/v2\/types\/page"}],"author":[{"embeddable":true,"href":"https:\/\/oliver-twist.dk\/de\/wp-json\/wp\/v2\/users\/5"}],"replies":[{"embeddable":true,"href":"https:\/\/oliver-twist.dk\/de\/wp-json\/wp\/v2\/comments?post=4361"}],"version-history":[{"count":2,"href":"https:\/\/oliver-twist.dk\/de\/wp-json\/wp\/v2\/pages\/4361\/revisions"}],"predecessor-version":[{"id":4372,"href":"https:\/\/oliver-twist.dk\/de\/wp-json\/wp\/v2\/pages\/4361\/revisions\/4372"}],"up":[{"embeddable":true,"href":"https:\/\/oliver-twist.dk\/de\/wp-json\/wp\/v2\/pages\/4340"}],"wp:attachment":[{"href":"https:\/\/oliver-twist.dk\/de\/wp-json\/wp\/v2\/media?parent=4361"}],"curies":[{"name":"wp","href":"https:\/\/api.w.org\/{rel}","templated":true}]}}