{"id":4359,"date":"2019-02-07T12:09:54","date_gmt":"2019-02-07T11:09:54","guid":{"rendered":"https:\/\/oliver-twist.dk\/?page_id=4359"},"modified":"2019-02-20T15:08:21","modified_gmt":"2019-02-20T14:08:21","slug":"kooperationen","status":"publish","type":"page","link":"https:\/\/oliver-twist.dk\/de\/datenschutz\/kooperationen\/","title":{"rendered":"Kooperationen"},"content":{"rendered":"<h3>Welche pers\u00f6nlichen Daten und zu welchen Zwecken?<\/h3>\n<p>Im Rahmen unserer Gesch\u00e4ftst\u00e4tigkeit verarbeiten wir m\u00f6glicherweise Sie betreffende pers\u00f6nliche Daten.<\/p>\n<p><strong>Diese Daten haben wir m\u00f6glicherweise von Ihrem Arbeitgeber<\/strong> erhalten, falls wir einen Vertrag oder eine anderweitige Gesch\u00e4ftsbeziehung mit diesem haben, bspw. wenn Sie als Repr\u00e4sentant des Unternehmens auftreten oder als Kontaktperson bez\u00fcglich eines bestimmten Vertrags oder einer bestimmten Angelegenheit angegeben werden. Unter Umst\u00e4nden haben wir die Daten auch von Ihnen direkt erhalten, falls Sie uns telefonisch oder per E-Mail kontaktiert oder einem der Repr\u00e4sentanten von Oliver Twist Ihre Visitenkarte (oder andere Kontaktdaten) gegeben haben. Diese Art Daten werden auch erfasst, wenn wir von unserer Seite aus Informationen sammeln, indem wir Kontaktpersonen bei Unternehmen suchen, mit denen eine Gesch\u00e4ftsbeziehung besteht oder aufgebaut werden soll.<\/p>\n<p><strong>Bei den Daten, die wir von Ihnen verarbeiten,<\/strong> handelt es sich in der Regel um Ihre E-Mail-Adresse, Ihren Namen, Ihre Telefonnummer, Ihren Arbeitsplatz und Ihren Titel. Wenn Ihr Unternehmen eine Kundenbeziehung zu Oliver Twist unterh\u00e4lt, verarbeiten wir au\u00dferdem auf den jeweiligen Kundenfall bezogene Daten wie Kundennummer, Passwort f\u00fcr den Kunden-Account, Aufzeichnungen von Aktivit\u00e4ten bez\u00fcglich des Falls, Pr\u00e4ferenzen und Auftragshistorie, Transaktionsdaten, Abrechnungsdaten, Zahlungsinformationen sowie Daten bez\u00fcglich der Vertragsunterzeichnung und Bonit\u00e4tspr\u00fcfungen (sofern relevant).<\/p>\n<p>Wenn Sie als Einzelunternehmer eine Gesch\u00e4ftsbeziehung mit uns haben, werden zus\u00e4tzlich zu den oben genannten Daten m\u00f6glicherweise auch Ihre pers\u00f6nliche Identifikationsnummer, Kontonummer und Wohnadresse\/Rechnungsanschrift verarbeitet, wenn dies f\u00fcr uns erforderlich ist, um Sie als Kunde identifizieren und die nachfolgend aufgef\u00fchrten Zwecke erf\u00fcllen zu k\u00f6nnen.<\/p>\n<p><strong>Der Zweck<\/strong> der Verarbeitung Ihrer Daten liegt darin begr\u00fcndet, dass wir in der Lage sein m\u00fcssen, mit Ihnen kommunizieren zu k\u00f6nnen, um eine Gesch\u00e4ftsbeziehung mit Ihnen und\/oder dem von Ihnen repr\u00e4sentierten Unternehmen zu begr\u00fcnden oder aufrechtzuerhalten sowie, falls n\u00f6tig, das Vertragsverh\u00e4ltnis mit Ihrem Arbeitgeber zu handhaben, K\u00e4ufe, Lieferungen, Rechnungsstellungen und Zahlungen zu verwalten und im Rahmen des Vertragsverh\u00e4ltnisses mit Ihnen zu kommunizieren. In gewissen F\u00e4llen m\u00fcssen wir Ihre Daten zudem verarbeiten, um gesetzlichen Verpflichtungen, bspw. in Bezug auf Buchhaltung, Produktsicherheit und Produkthaftungsgesetz, nachzukommen.<\/p>\n<p><strong>Unsere Rechtsgrundlage <\/strong>f\u00fcr die Verarbeitung ist unser Vertrag mit Ihnen oder der Organisation, die Sie vertreten (falls relevant), und\/oder unsere berechtigten Interessen, in Ihrer beruflichen Funktion mit Ihnen zu kommunizieren. Die Kommunikation kann Informationen bez\u00fcglich Ihrer Gesch\u00e4ftsbeziehung mit Oliver Twist umfassen sowie Neuigkeiten und Veranstaltungen, von denen wir glauben, dass sie f\u00fcr Sie relevant sein k\u00f6nnten, und entspringt stets unserem Bem\u00fchen, eine gelungene Gesch\u00e4ftsbeziehung mit Ihnen zu begr\u00fcnden und aufrechtzuerhalten.<\/p>\n<p>Die Verarbeitung der Daten, die wir f\u00fcr unsere Buchhaltung oder zur Verwaltung von Rechtsanspr\u00fcchen ben\u00f6tigen, st\u00fctzt sich in relevanten F\u00e4llen auch auf unsere gesetzlichen Verpflichtungen gem\u00e4\u00df den rechtlichen Rahmenbedingungen, was Buchhaltung, Produktsicherheit und Produkthaftungsgesetz beinhaltet.<\/p>\n<p>In Verbindung mit dem Eingehen eines neuen Vertrags oder sonstigen gesch\u00e4ftlichen Partnerschaften m\u00fcssen wir m\u00f6glicherweise gewisse Daten bez\u00fcglich Ihrer Person erfassen und verarbeiten, falls wir in \u00dcbereinstimmung mit besonderen Vorschriften in Bezug auf Wirtschaftssanktionen, Exportkontrollen, Geldw\u00e4sche, der Finanzierung von Terrorismus und Marktmissbrauch dazu verpflichtet sind. Die Daten werden mithilfe der Compliance-Systeme unserer Zulieferer gesammelt und enthalten m\u00f6glicherweise Daten hinsichtlich der Ver\u00f6ffentlichung in Medien (inklusive Fotos), Straftaten, Personen in politisch exponierten Positionen sowie weitere besondere Kategorien pers\u00f6nlicher Daten, die f\u00fcr uns relevant sind, um Kenntnis des jeweiligen Kontextes zu erhalten. Daten, die wir in Bezug auf Straftaten verarbeiten, umfassen Informationen \u00fcber jedwede Art von Gewerbeverbot, Geldw\u00e4sche oder andere kriminelle Handlungen. Daten von Personen in politisch exponierten Positionen beinhalten Informationen dar\u00fcber, inwiefern Sie, eine Ihnen nahestehende Person oder einer Ihrer Mitarbeiter sich in einer sogenannten politisch exponierten Position befindet wie auch, falls relevant, den Namen, die pers\u00f6nliche Identit\u00e4tsnummer sowie T\u00e4tigkeit\/Position einer solchen politisch exponierten Person. Unsere Rechtsgrundlage f\u00fcr die Verarbeitung dieser pers\u00f6nlichen Daten besteht darin, dass wir in den entsprechenden F\u00e4llen in der Lage sein m\u00fcssen, die speziellen Richtlinien in Bezug auf Wirtschaftssanktionen, Exportkontrollen, Geldw\u00e4sche, der Finanzierung von Terrorismus sowie Marktmissbrauch einzuhalten sowie uns gegen Rechtsanspr\u00fcche zu verteidigen.<\/p>\n<h3>Wie lange speichern wir Ihre Daten?<\/h3>\n<p>Wenn wir Ihre Daten mit dem Ziel verarbeiten, den Vertrag mit dem Unternehmen, das Sie repr\u00e4sentieren, zu erf\u00fcllen, werden wir diese solange aufbewahren, wie es f\u00fcr uns vonn\u00f6ten ist, um unsere Vertragsbeziehung zu verwalten und unsere Rechte und Pflichten in Verbindung mit unserem Vertragspartner geltend zu machen und zu erf\u00fcllen. Jedoch k\u00f6nnen wir einige Ihrer pers\u00f6nlichen Daten im Anschluss auch f\u00fcr einen l\u00e4ngeren Zeitraum aufbewahren, falls wir rechtlich dazu verpflichtet sind (bspw. zu Zwecken der Buchhaltung) oder der Auffassung sind, dass wir aufgrund berechtigter Interessen dazu berechtigt sind.<\/p>\n<p>Auch speichern wir Ihre Daten f\u00fcr einen l\u00e4ngeren Zeitraum, falls dies zur Geltendmachung, Aus\u00fcbung oder Verteidigung von Rechtsanspr\u00fcchen vonn\u00f6ten ist.<\/p>\n<h3>Mit wem teilen wir Ihre pers\u00f6nlichen Daten?<\/h3>\n<p>Wir k\u00f6nnen Ihre pers\u00f6nlichen Daten mit anderen Unternehmen teilen, die zur selben Gruppe wie Oliver Twist geh\u00f6ren, sowie auch mit Kooperationspartnern, bspw. in Verbindung mit IT-Dienstleistungen. Diese Empf\u00e4nger verarbeiten Ihre pers\u00f6nlichen Daten ausschlie\u00dflich in unserem Auftrag und gem\u00e4\u00df unseren Anweisungen. Wir unternehmen alle geeigneten rechtlichen, technischen und organisatorischen Ma\u00dfnahmen, um sicherzustellen, dass Ihre pers\u00f6nlichen Daten sicher verarbeitet sowie sicher an solche ausgew\u00e4hlten Empf\u00e4nger \u00fcbertragen oder mit diesen geteilt werden.<\/p>\n<p>Dar\u00fcber hinaus kann Oliver Twist Ihre pers\u00f6nlichen Daten mit anderen Unternehmen teilen, die diese unabh\u00e4ngig und damit au\u00dferhalb unserer Kontrolle verarbeiten. Wir teilen Ihre Daten allein zu dem Zweck mit anderen Unternehmen, um unsere Verpflichtungen Ihnen gegen\u00fcber erf\u00fcllen zu k\u00f6nnen. Wenn Ihre pers\u00f6nlichen Daten mit anderen Unternehmen geteilt werden, bei denen es sich um unabh\u00e4ngige Datenverantwortliche handelt, geschieht die Verarbeitung Ihrer Daten in \u00dcbereinstimmung mit den im jeweiligen Unternehmen geltenden Datenschutzbestimmungen.<\/p>\n<p>Gegebenenfalls teilen wir Ihre pers\u00f6nlichen Daten mit Regierungsbeh\u00f6rden, falls wir gesetzlich dazu verpflichtet sind oder der Verdacht auf kriminelle Aktivit\u00e4ten besteht.<\/p>\n<h3>Wo werden Ihre pers\u00f6nlichen Daten verarbeitet?<\/h3>\n<p>Ihre pers\u00f6nlichen Daten werden in erster Linie innerhalb von EU\/EWR verarbeitet, jedoch werden sie m\u00f6glicherweise in ein Land au\u00dferhalb von EU\/EWR wie die USA \u00fcbertragen, bspw. falls wir Informationen mit anderen Unternehmen innerhalb derselben Gruppe teilen, zu der auch Oliver Twist geh\u00f6rt.<\/p>\n<p>Die \u00dcbermittlung Ihrer pers\u00f6nlichen Daten in ein Land au\u00dferhalb von EU\/EWR erfolgt ausschlie\u00dflich, falls hierf\u00fcr eine rechtliche Grundlage besteht und ausreichend sichergestellt ist, dass Ihre Daten in gesetzeskonformer Weise verarbeitet werden. In solchen F\u00e4llen unternehmen wir alle geeigneten rechtlichen, technischen und organisatorischen Ma\u00dfnahmen, um sicherzustellen, dass Ihre pers\u00f6nlichen Daten mit einem ausreichenden Ma\u00df an Sicherheit, vergleichbar dem Sicherheitsniveau innerhalb von EU\/EWR, verarbeitet werden.<\/p>\n<h3>Wie besch\u00fctzen wir Ihre pers\u00f6nlichen Daten?<\/h3>\n<p>Wir ergreifen s\u00e4mtliche Sicherheitsma\u00dfnahmen, die zum Schutz Ihrer pers\u00f6nlichen Daten vonn\u00f6ten sind.<\/p>\n<h3>Welche Rechte haben Sie?<\/h3>\n<p><a href=\"https:\/\/oliver-twist.dk\/de\/datenschutz\/rechte\/\">Informieren Sie sich hier \u00fcber Ihre Rechte.<\/a><\/p>\n<h3>Kontakt, Fragen und Beschwerden<\/h3>\n<p><a href=\"https:\/\/oliver-twist.dk\/de\/datenschutz\/kontakt-und-beschwerden\/\">Informieren Sie sich u. a. dar\u00fcber, wie Sie uns kontaktieren k\u00f6nnen.<\/a><\/p>\n","protected":false},"excerpt":{"rendered":"<p>Welche pers\u00f6nlichen Daten und zu welchen Zwecken? Im Rahmen unserer Gesch\u00e4ftst\u00e4tigkeit verarbeiten wir m\u00f6glicherweise Sie betreffende pers\u00f6nliche Daten. Diese Daten haben wir m\u00f6glicherweise von Ihrem Arbeitgeber erhalten, falls wir einen Vertrag oder eine anderweitige Gesch\u00e4ftsbeziehung mit diesem haben, bspw. wenn Sie als Repr\u00e4sentant des Unternehmens auftreten oder als Kontaktperson bez\u00fcglich eines bestimmten Vertrags oder einer [&hellip;]<\/p>\n","protected":false},"author":5,"featured_media":0,"parent":4340,"menu_order":107,"comment_status":"closed","ping_status":"closed","template":"templates\/tekst-undermenu.php","meta":{"_acf_changed":false,"footnotes":""},"class_list":["post-4359","page","type-page","status-publish","hentry"],"acf":[],"yoast_head":"<!-- This site is optimized with the Yoast SEO Premium plugin v27.0 (Yoast SEO v27.0) - https:\/\/yoast.com\/product\/yoast-seo-premium-wordpress\/ -->\n<title>Kooperationen | Oliver Twist<\/title>\n<meta name=\"robots\" content=\"index, follow, max-snippet:-1, max-image-preview:large, max-video-preview:-1\" \/>\n<link rel=\"canonical\" href=\"https:\/\/oliver-twist.dk\/de\/datenschutz\/kooperationen\/\" \/>\n<meta property=\"og:locale\" content=\"de_DE\" \/>\n<meta property=\"og:type\" content=\"article\" \/>\n<meta property=\"og:title\" content=\"Kooperationen\" \/>\n<meta property=\"og:description\" content=\"Welche pers\u00f6nlichen Daten und zu welchen Zwecken? Im Rahmen unserer Gesch\u00e4ftst\u00e4tigkeit verarbeiten wir m\u00f6glicherweise Sie betreffende pers\u00f6nliche Daten. Diese Daten haben wir m\u00f6glicherweise von Ihrem Arbeitgeber erhalten, falls wir einen Vertrag oder eine anderweitige Gesch\u00e4ftsbeziehung mit diesem haben, bspw. wenn Sie als Repr\u00e4sentant des Unternehmens auftreten oder als Kontaktperson bez\u00fcglich eines bestimmten Vertrags oder einer [&hellip;]\" \/>\n<meta property=\"og:url\" content=\"https:\/\/oliver-twist.dk\/de\/datenschutz\/kooperationen\/\" \/>\n<meta property=\"og:site_name\" content=\"Oliver Twist\" \/>\n<meta property=\"article:publisher\" content=\"https:\/\/www.facebook.com\/HouseofOliverTwist\/\" \/>\n<meta property=\"article:modified_time\" content=\"2019-02-20T14:08:21+00:00\" \/>\n<meta name=\"twitter:card\" content=\"summary_large_image\" \/>\n<meta name=\"twitter:label1\" content=\"Gesch\u00e4tzte Lesezeit\" \/>\n\t<meta name=\"twitter:data1\" content=\"6\u00a0Minuten\" \/>\n<script type=\"application\/ld+json\" class=\"yoast-schema-graph\">{\"@context\":\"https:\/\/schema.org\",\"@graph\":[{\"@type\":\"WebPage\",\"@id\":\"https:\/\/oliver-twist.dk\/de\/datenschutz\/kooperationen\/\",\"url\":\"https:\/\/oliver-twist.dk\/de\/datenschutz\/kooperationen\/\",\"name\":\"Kooperationen | Oliver Twist\",\"isPartOf\":{\"@id\":\"https:\/\/oliver-twist.dk\/en\/#website\"},\"datePublished\":\"2019-02-07T11:09:54+00:00\",\"dateModified\":\"2019-02-20T14:08:21+00:00\",\"breadcrumb\":{\"@id\":\"https:\/\/oliver-twist.dk\/de\/datenschutz\/kooperationen\/#breadcrumb\"},\"inLanguage\":\"de\",\"potentialAction\":[{\"@type\":\"ReadAction\",\"target\":[\"https:\/\/oliver-twist.dk\/de\/datenschutz\/kooperationen\/\"]}]},{\"@type\":\"BreadcrumbList\",\"@id\":\"https:\/\/oliver-twist.dk\/de\/datenschutz\/kooperationen\/#breadcrumb\",\"itemListElement\":[{\"@type\":\"ListItem\",\"position\":1,\"name\":\"Startseite\",\"item\":\"https:\/\/oliver-twist.dk\/de\/\"},{\"@type\":\"ListItem\",\"position\":2,\"name\":\"DATENSCHUTZ\",\"item\":\"https:\/\/oliver-twist.dk\/de\/datenschutz\/\"},{\"@type\":\"ListItem\",\"position\":3,\"name\":\"Kooperationen\"}]},{\"@type\":\"WebSite\",\"@id\":\"https:\/\/oliver-twist.dk\/en\/#website\",\"url\":\"https:\/\/oliver-twist.dk\/en\/\",\"name\":\"Oliver Twist\",\"description\":\"Sm\u00e5 diskrete tobakspastiller med naturligt nikotin indhold\",\"publisher\":{\"@id\":\"https:\/\/oliver-twist.dk\/en\/#organization\"},\"potentialAction\":[{\"@type\":\"SearchAction\",\"target\":{\"@type\":\"EntryPoint\",\"urlTemplate\":\"https:\/\/oliver-twist.dk\/en\/?s={search_term_string}\"},\"query-input\":{\"@type\":\"PropertyValueSpecification\",\"valueRequired\":true,\"valueName\":\"search_term_string\"}}],\"inLanguage\":\"de\"},{\"@type\":\"Organization\",\"@id\":\"https:\/\/oliver-twist.dk\/en\/#organization\",\"name\":\"House of Oliver Twist\",\"url\":\"https:\/\/oliver-twist.dk\/en\/\",\"logo\":{\"@type\":\"ImageObject\",\"inLanguage\":\"de\",\"@id\":\"https:\/\/oliver-twist.dk\/en\/#\/schema\/logo\/image\/\",\"url\":\"https:\/\/oliver-twist.dk\/wp-content\/uploads\/2020\/09\/Oliver-Twist_Sort-PNG-1.png\",\"contentUrl\":\"https:\/\/oliver-twist.dk\/wp-content\/uploads\/2020\/09\/Oliver-Twist_Sort-PNG-1.png\",\"width\":774,\"height\":236,\"caption\":\"House of Oliver Twist\"},\"image\":{\"@id\":\"https:\/\/oliver-twist.dk\/en\/#\/schema\/logo\/image\/\"},\"sameAs\":[\"https:\/\/www.facebook.com\/HouseofOliverTwist\/\",\"https:\/\/www.linkedin.com\/company\/house-of-oliver-twist\/\",\"https:\/\/www.youtube.com\/channel\/UCnHIfJXeHCZHCcWjKW_fVCg\"]}]}<\/script>\n<!-- \/ Yoast SEO Premium plugin. -->","yoast_head_json":{"title":"Kooperationen | Oliver Twist","robots":{"index":"index","follow":"follow","max-snippet":"max-snippet:-1","max-image-preview":"max-image-preview:large","max-video-preview":"max-video-preview:-1"},"canonical":"https:\/\/oliver-twist.dk\/de\/datenschutz\/kooperationen\/","og_locale":"de_DE","og_type":"article","og_title":"Kooperationen","og_description":"Welche pers\u00f6nlichen Daten und zu welchen Zwecken? Im Rahmen unserer Gesch\u00e4ftst\u00e4tigkeit verarbeiten wir m\u00f6glicherweise Sie betreffende pers\u00f6nliche Daten. Diese Daten haben wir m\u00f6glicherweise von Ihrem Arbeitgeber erhalten, falls wir einen Vertrag oder eine anderweitige Gesch\u00e4ftsbeziehung mit diesem haben, bspw. wenn Sie als Repr\u00e4sentant des Unternehmens auftreten oder als Kontaktperson bez\u00fcglich eines bestimmten Vertrags oder einer [&hellip;]","og_url":"https:\/\/oliver-twist.dk\/de\/datenschutz\/kooperationen\/","og_site_name":"Oliver Twist","article_publisher":"https:\/\/www.facebook.com\/HouseofOliverTwist\/","article_modified_time":"2019-02-20T14:08:21+00:00","twitter_card":"summary_large_image","twitter_misc":{"Gesch\u00e4tzte Lesezeit":"6\u00a0Minuten"},"schema":{"@context":"https:\/\/schema.org","@graph":[{"@type":"WebPage","@id":"https:\/\/oliver-twist.dk\/de\/datenschutz\/kooperationen\/","url":"https:\/\/oliver-twist.dk\/de\/datenschutz\/kooperationen\/","name":"Kooperationen | Oliver Twist","isPartOf":{"@id":"https:\/\/oliver-twist.dk\/en\/#website"},"datePublished":"2019-02-07T11:09:54+00:00","dateModified":"2019-02-20T14:08:21+00:00","breadcrumb":{"@id":"https:\/\/oliver-twist.dk\/de\/datenschutz\/kooperationen\/#breadcrumb"},"inLanguage":"de","potentialAction":[{"@type":"ReadAction","target":["https:\/\/oliver-twist.dk\/de\/datenschutz\/kooperationen\/"]}]},{"@type":"BreadcrumbList","@id":"https:\/\/oliver-twist.dk\/de\/datenschutz\/kooperationen\/#breadcrumb","itemListElement":[{"@type":"ListItem","position":1,"name":"Startseite","item":"https:\/\/oliver-twist.dk\/de\/"},{"@type":"ListItem","position":2,"name":"DATENSCHUTZ","item":"https:\/\/oliver-twist.dk\/de\/datenschutz\/"},{"@type":"ListItem","position":3,"name":"Kooperationen"}]},{"@type":"WebSite","@id":"https:\/\/oliver-twist.dk\/en\/#website","url":"https:\/\/oliver-twist.dk\/en\/","name":"Oliver Twist","description":"Sm\u00e5 diskrete tobakspastiller med naturligt nikotin indhold","publisher":{"@id":"https:\/\/oliver-twist.dk\/en\/#organization"},"potentialAction":[{"@type":"SearchAction","target":{"@type":"EntryPoint","urlTemplate":"https:\/\/oliver-twist.dk\/en\/?s={search_term_string}"},"query-input":{"@type":"PropertyValueSpecification","valueRequired":true,"valueName":"search_term_string"}}],"inLanguage":"de"},{"@type":"Organization","@id":"https:\/\/oliver-twist.dk\/en\/#organization","name":"House of Oliver Twist","url":"https:\/\/oliver-twist.dk\/en\/","logo":{"@type":"ImageObject","inLanguage":"de","@id":"https:\/\/oliver-twist.dk\/en\/#\/schema\/logo\/image\/","url":"https:\/\/oliver-twist.dk\/wp-content\/uploads\/2020\/09\/Oliver-Twist_Sort-PNG-1.png","contentUrl":"https:\/\/oliver-twist.dk\/wp-content\/uploads\/2020\/09\/Oliver-Twist_Sort-PNG-1.png","width":774,"height":236,"caption":"House of Oliver Twist"},"image":{"@id":"https:\/\/oliver-twist.dk\/en\/#\/schema\/logo\/image\/"},"sameAs":["https:\/\/www.facebook.com\/HouseofOliverTwist\/","https:\/\/www.linkedin.com\/company\/house-of-oliver-twist\/","https:\/\/www.youtube.com\/channel\/UCnHIfJXeHCZHCcWjKW_fVCg"]}]}},"_links":{"self":[{"href":"https:\/\/oliver-twist.dk\/de\/wp-json\/wp\/v2\/pages\/4359","targetHints":{"allow":["GET"]}}],"collection":[{"href":"https:\/\/oliver-twist.dk\/de\/wp-json\/wp\/v2\/pages"}],"about":[{"href":"https:\/\/oliver-twist.dk\/de\/wp-json\/wp\/v2\/types\/page"}],"author":[{"embeddable":true,"href":"https:\/\/oliver-twist.dk\/de\/wp-json\/wp\/v2\/users\/5"}],"replies":[{"embeddable":true,"href":"https:\/\/oliver-twist.dk\/de\/wp-json\/wp\/v2\/comments?post=4359"}],"version-history":[{"count":2,"href":"https:\/\/oliver-twist.dk\/de\/wp-json\/wp\/v2\/pages\/4359\/revisions"}],"predecessor-version":[{"id":4373,"href":"https:\/\/oliver-twist.dk\/de\/wp-json\/wp\/v2\/pages\/4359\/revisions\/4373"}],"up":[{"embeddable":true,"href":"https:\/\/oliver-twist.dk\/de\/wp-json\/wp\/v2\/pages\/4340"}],"wp:attachment":[{"href":"https:\/\/oliver-twist.dk\/de\/wp-json\/wp\/v2\/media?parent=4359"}],"curies":[{"name":"wp","href":"https:\/\/api.w.org\/{rel}","templated":true}]}}