{"id":4356,"date":"2019-02-07T12:05:53","date_gmt":"2019-02-07T11:05:53","guid":{"rendered":"https:\/\/oliver-twist.dk\/?page_id=4356"},"modified":"2019-02-20T15:07:18","modified_gmt":"2019-02-20T14:07:18","slug":"websitebesucher","status":"publish","type":"page","link":"https:\/\/oliver-twist.dk\/de\/datenschutz\/websitebesucher\/","title":{"rendered":"Websitebesucher"},"content":{"rendered":"<h3>Welche pers\u00f6nlichen Daten und zu welchen Zwecken?<\/h3>\n<p>Wenn Sie <a href=\"https:\/\/oliver-twist.de\">https:\/\/oliver-twist.de\/<\/a> (die (\u201e<strong>Website<\/strong>\u201c) besuchen, sammelt Oliver Twist Daten zu Ihrer IP-Adresse. Bitte beachten Sie, dass bestimmte andere Unternehmen neben Oliver Twist in Verbindung mit Cookies von Drittanbietern ebenfalls Ihre IP-Adresse speichern, wenn Sie die Website besuchen. Wie dies geschieht und wie Sie Cookies in Ihrem Web-Browser einschr\u00e4nken oder deaktivieren k\u00f6nnen, ist in unseren <u><a href=\"https:\/\/oliver-twist.dk\/de\/datenschutzbestimmungen\/\">Informationen \u00fcber Cookies<\/a><\/u> beschrieben.<\/p>\n<p><strong>Der Zweck <\/strong>der Verarbeitung Ihrer IP-Adresse liegt darin, Verst\u00f6\u00dfen, St\u00f6rungen oder anderweitigem Missbrauch unserer Serviceleistungen auf der Website vorzubeugen, Daten zur Frequentierung unserer Website zu erheben, L\u00e4nder- und Spracheinstellungen vorzunehmen sowie unsere Website zu aktualisieren und zu verbessern.<\/p>\n<p><strong>Unsere Rechtsgrundlage<\/strong> f\u00fcr die Verarbeitung ist unser berechtigtes Interesse an der Verhinderung von Missbrauch und dem Erhalt einer gut funktionierenden Website.<\/p>\n<p>Oliver Twist behandelt auch Ihre pers\u00f6nlichen Daten, um Ihnen Zufriedenheitsumfragen zu schicken.<\/p>\n<p>Die Rechtsgrundlage f\u00fcr die Verarbeitung Ihrer personenbezogenen Daten zum Zweck der Versendung von Zufriedenheitsumfragen ist unser berechtigtes Interesse, solche Studien durchzuf\u00fchren, um Statistiken \u00fcber die Verwendung unserer Produkte zu erstellen sowie unsere Produkte zu verbessern.<\/p>\n<h3>Wie lange speichern wir Ihre Daten?<\/h3>\n<p>Wir speichern Ihre IP-Adresse so lange wie f\u00fcr die oben genannten Zwecke vonn\u00f6ten.<\/p>\n<p>Auch k\u00f6nnen wir Ihre pers\u00f6nlichen Daten f\u00fcr einen l\u00e4ngeren Zeitraum speichern, falls dies notwendig ist, um einer gesetzlichen Verpflichtung nachzukommen, die eine Verarbeitung nach Ma\u00dfgabe anwendbaren Rechts erfordert, oder falls dies zur Geltendmachung, Aus\u00fcbung oder Verteidigung von Rechtsanspr\u00fcchen vonn\u00f6ten ist.<\/p>\n<p>Die Informationen, die Sie in unseren Umfragen angeben, werden anonymisiert, sobald Ihre Antwort vorliegt, sodass die Informationen nicht Ihnen zugeordnet werden k\u00f6nnen.<\/p>\n<h3>Mit wem teilen wir Ihre pers\u00f6nlichen Daten?<\/h3>\n<p>Wir k\u00f6nnen Ihre pers\u00f6nlichen Daten mit anderen Unternehmen teilen, die zur selben Gruppe wie Oliver Twist geh\u00f6ren, sowie auch mit Kooperationspartnern, bspw. in Verbindung mit IT-Dienstleistungen. Diese Empf\u00e4nger verarbeiten Ihre pers\u00f6nlichen Daten ausschlie\u00dflich in unserem Auftrag und gem\u00e4\u00df unseren Anweisungen. Wir unternehmen alle geeigneten rechtlichen, technischen und organisatorischen Ma\u00dfnahmen, um sicherzustellen, dass Ihre pers\u00f6nlichen Daten sicher verarbeitet sowie sicher an solche ausgew\u00e4hlten Empf\u00e4nger \u00fcbertragen oder mit diesen geteilt werden.<\/p>\n<p>Dar\u00fcber hinaus kann Oliver Twist Ihre pers\u00f6nlichen Daten mit anderen Unternehmen teilen, die diese unabh\u00e4ngig und damit au\u00dferhalb unserer Kontrolle verarbeiten. Wir teilen Ihre Daten allein zu dem Zweck mit anderen Unternehmen, um unsere Verpflichtungen Ihnen gegen\u00fcber erf\u00fcllen zu k\u00f6nnen. Wenn Ihre pers\u00f6nlichen Daten mit anderen Unternehmen geteilt werden, bei denen es sich um unabh\u00e4ngige Datenverantwortliche handelt, geschieht die Verarbeitung Ihrer Daten in \u00dcbereinstimmung mit den im jeweiligen Unternehmen geltenden Datenschutzbestimmungen.<\/p>\n<p>Gegebenenfalls teilen wir Ihre pers\u00f6nlichen Daten mit Regierungsbeh\u00f6rden, falls wir gesetzlich dazu verpflichtet sind oder der Verdacht auf kriminelle Aktivit\u00e4ten besteht.<\/p>\n<h3>Wo werden Ihre pers\u00f6nlichen Daten verarbeitet?<\/h3>\n<p>Ihre pers\u00f6nlichen Daten werden in erster Linie innerhalb von EU\/EWR verarbeitet, jedoch werden sie m\u00f6glicherweise in ein Land au\u00dferhalb von EU\/EWR wie die USA \u00fcbertragen, bspw. falls wir Informationen mit anderen Unternehmen innerhalb derselben Gruppe teilen, zu der auch Oliver Twist geh\u00f6rt.<\/p>\n<p>Die \u00dcbermittlung Ihrer pers\u00f6nlichen Daten in ein Land au\u00dferhalb von EU\/EWR erfolgt ausschlie\u00dflich, falls hierf\u00fcr eine rechtliche Grundlage besteht und ausreichend sichergestellt ist, dass Ihre Daten in gesetzeskonformer Weise verarbeitet werden. In solchen F\u00e4llen unternehmen wir alle geeigneten rechtlichen, technischen und organisatorischen Ma\u00dfnahmen, um sicherzustellen, dass Ihre pers\u00f6nlichen Daten mit einem ausreichenden Ma\u00df an Sicherheit, vergleichbar dem Sicherheitsniveau innerhalb von EU\/EWR, verarbeitet werden.<\/p>\n<h3>Wie besch\u00fctzen wir Ihre pers\u00f6nlichen Daten?<\/h3>\n<p>Wir ergreifen s\u00e4mtliche Sicherheitsma\u00dfnahmen, die zum Schutz Ihrer pers\u00f6nlichen Daten vonn\u00f6ten sind.<\/p>\n<h3>Welche Rechte haben Sie?<\/h3>\n<p><a href=\"https:\/\/oliver-twist.dk\/de\/datenschutz\/rechte\/\">Informieren Sie sich hier \u00fcber Ihre Rechte.<\/a><\/p>\n<h3>Kontakt, Fragen und Beschwerden<\/h3>\n<p><a href=\"https:\/\/oliver-twist.dk\/de\/datenschutz\/kontakt-und-beschwerden\/\">Informieren Sie sich u. a. dar\u00fcber, wie Sie uns kontaktieren k\u00f6nnen.<\/a><\/p>\n","protected":false},"excerpt":{"rendered":"<p>Welche pers\u00f6nlichen Daten und zu welchen Zwecken? Wenn Sie https:\/\/oliver-twist.de\/ (die (\u201eWebsite\u201c) besuchen, sammelt Oliver Twist Daten zu Ihrer IP-Adresse. Bitte beachten Sie, dass bestimmte andere Unternehmen neben Oliver Twist in Verbindung mit Cookies von Drittanbietern ebenfalls Ihre IP-Adresse speichern, wenn Sie die Website besuchen. Wie dies geschieht und wie Sie Cookies in Ihrem Web-Browser [&hellip;]<\/p>\n","protected":false},"author":5,"featured_media":0,"parent":4340,"menu_order":89,"comment_status":"closed","ping_status":"closed","template":"templates\/tekst-undermenu.php","meta":{"_acf_changed":false,"footnotes":""},"class_list":["post-4356","page","type-page","status-publish","hentry"],"acf":[],"yoast_head":"<!-- This site is optimized with the Yoast SEO Premium plugin v27.0 (Yoast SEO v27.0) - https:\/\/yoast.com\/product\/yoast-seo-premium-wordpress\/ -->\n<title>Websitebesucher | Oliver Twist<\/title>\n<meta name=\"robots\" content=\"index, follow, max-snippet:-1, max-image-preview:large, max-video-preview:-1\" \/>\n<link rel=\"canonical\" href=\"https:\/\/oliver-twist.dk\/de\/datenschutz\/websitebesucher\/\" \/>\n<meta property=\"og:locale\" content=\"de_DE\" \/>\n<meta property=\"og:type\" content=\"article\" \/>\n<meta property=\"og:title\" content=\"Websitebesucher\" \/>\n<meta property=\"og:description\" content=\"Welche pers\u00f6nlichen Daten und zu welchen Zwecken? Wenn Sie https:\/\/oliver-twist.de\/ (die (\u201eWebsite\u201c) besuchen, sammelt Oliver Twist Daten zu Ihrer IP-Adresse. Bitte beachten Sie, dass bestimmte andere Unternehmen neben Oliver Twist in Verbindung mit Cookies von Drittanbietern ebenfalls Ihre IP-Adresse speichern, wenn Sie die Website besuchen. Wie dies geschieht und wie Sie Cookies in Ihrem Web-Browser [&hellip;]\" \/>\n<meta property=\"og:url\" content=\"https:\/\/oliver-twist.dk\/de\/datenschutz\/websitebesucher\/\" \/>\n<meta property=\"og:site_name\" content=\"Oliver Twist\" \/>\n<meta property=\"article:publisher\" content=\"https:\/\/www.facebook.com\/HouseofOliverTwist\/\" \/>\n<meta property=\"article:modified_time\" content=\"2019-02-20T14:07:18+00:00\" \/>\n<meta name=\"twitter:card\" content=\"summary_large_image\" \/>\n<meta name=\"twitter:label1\" content=\"Gesch\u00e4tzte Lesezeit\" \/>\n\t<meta name=\"twitter:data1\" content=\"3\u00a0Minuten\" \/>\n<script type=\"application\/ld+json\" class=\"yoast-schema-graph\">{\"@context\":\"https:\/\/schema.org\",\"@graph\":[{\"@type\":\"WebPage\",\"@id\":\"https:\/\/oliver-twist.dk\/de\/datenschutz\/websitebesucher\/\",\"url\":\"https:\/\/oliver-twist.dk\/de\/datenschutz\/websitebesucher\/\",\"name\":\"Websitebesucher | Oliver Twist\",\"isPartOf\":{\"@id\":\"https:\/\/oliver-twist.dk\/en\/#website\"},\"datePublished\":\"2019-02-07T11:05:53+00:00\",\"dateModified\":\"2019-02-20T14:07:18+00:00\",\"breadcrumb\":{\"@id\":\"https:\/\/oliver-twist.dk\/de\/datenschutz\/websitebesucher\/#breadcrumb\"},\"inLanguage\":\"de\",\"potentialAction\":[{\"@type\":\"ReadAction\",\"target\":[\"https:\/\/oliver-twist.dk\/de\/datenschutz\/websitebesucher\/\"]}]},{\"@type\":\"BreadcrumbList\",\"@id\":\"https:\/\/oliver-twist.dk\/de\/datenschutz\/websitebesucher\/#breadcrumb\",\"itemListElement\":[{\"@type\":\"ListItem\",\"position\":1,\"name\":\"Startseite\",\"item\":\"https:\/\/oliver-twist.dk\/de\/\"},{\"@type\":\"ListItem\",\"position\":2,\"name\":\"DATENSCHUTZ\",\"item\":\"https:\/\/oliver-twist.dk\/de\/datenschutz\/\"},{\"@type\":\"ListItem\",\"position\":3,\"name\":\"Websitebesucher\"}]},{\"@type\":\"WebSite\",\"@id\":\"https:\/\/oliver-twist.dk\/en\/#website\",\"url\":\"https:\/\/oliver-twist.dk\/en\/\",\"name\":\"Oliver Twist\",\"description\":\"Sm\u00e5 diskrete tobakspastiller med naturligt nikotin indhold\",\"publisher\":{\"@id\":\"https:\/\/oliver-twist.dk\/en\/#organization\"},\"potentialAction\":[{\"@type\":\"SearchAction\",\"target\":{\"@type\":\"EntryPoint\",\"urlTemplate\":\"https:\/\/oliver-twist.dk\/en\/?s={search_term_string}\"},\"query-input\":{\"@type\":\"PropertyValueSpecification\",\"valueRequired\":true,\"valueName\":\"search_term_string\"}}],\"inLanguage\":\"de\"},{\"@type\":\"Organization\",\"@id\":\"https:\/\/oliver-twist.dk\/en\/#organization\",\"name\":\"House of Oliver Twist\",\"url\":\"https:\/\/oliver-twist.dk\/en\/\",\"logo\":{\"@type\":\"ImageObject\",\"inLanguage\":\"de\",\"@id\":\"https:\/\/oliver-twist.dk\/en\/#\/schema\/logo\/image\/\",\"url\":\"https:\/\/oliver-twist.dk\/wp-content\/uploads\/2020\/09\/Oliver-Twist_Sort-PNG-1.png\",\"contentUrl\":\"https:\/\/oliver-twist.dk\/wp-content\/uploads\/2020\/09\/Oliver-Twist_Sort-PNG-1.png\",\"width\":774,\"height\":236,\"caption\":\"House of Oliver Twist\"},\"image\":{\"@id\":\"https:\/\/oliver-twist.dk\/en\/#\/schema\/logo\/image\/\"},\"sameAs\":[\"https:\/\/www.facebook.com\/HouseofOliverTwist\/\",\"https:\/\/www.linkedin.com\/company\/house-of-oliver-twist\/\",\"https:\/\/www.youtube.com\/channel\/UCnHIfJXeHCZHCcWjKW_fVCg\"]}]}<\/script>\n<!-- \/ Yoast SEO Premium plugin. -->","yoast_head_json":{"title":"Websitebesucher | Oliver Twist","robots":{"index":"index","follow":"follow","max-snippet":"max-snippet:-1","max-image-preview":"max-image-preview:large","max-video-preview":"max-video-preview:-1"},"canonical":"https:\/\/oliver-twist.dk\/de\/datenschutz\/websitebesucher\/","og_locale":"de_DE","og_type":"article","og_title":"Websitebesucher","og_description":"Welche pers\u00f6nlichen Daten und zu welchen Zwecken? Wenn Sie https:\/\/oliver-twist.de\/ (die (\u201eWebsite\u201c) besuchen, sammelt Oliver Twist Daten zu Ihrer IP-Adresse. Bitte beachten Sie, dass bestimmte andere Unternehmen neben Oliver Twist in Verbindung mit Cookies von Drittanbietern ebenfalls Ihre IP-Adresse speichern, wenn Sie die Website besuchen. Wie dies geschieht und wie Sie Cookies in Ihrem Web-Browser [&hellip;]","og_url":"https:\/\/oliver-twist.dk\/de\/datenschutz\/websitebesucher\/","og_site_name":"Oliver Twist","article_publisher":"https:\/\/www.facebook.com\/HouseofOliverTwist\/","article_modified_time":"2019-02-20T14:07:18+00:00","twitter_card":"summary_large_image","twitter_misc":{"Gesch\u00e4tzte Lesezeit":"3\u00a0Minuten"},"schema":{"@context":"https:\/\/schema.org","@graph":[{"@type":"WebPage","@id":"https:\/\/oliver-twist.dk\/de\/datenschutz\/websitebesucher\/","url":"https:\/\/oliver-twist.dk\/de\/datenschutz\/websitebesucher\/","name":"Websitebesucher | Oliver Twist","isPartOf":{"@id":"https:\/\/oliver-twist.dk\/en\/#website"},"datePublished":"2019-02-07T11:05:53+00:00","dateModified":"2019-02-20T14:07:18+00:00","breadcrumb":{"@id":"https:\/\/oliver-twist.dk\/de\/datenschutz\/websitebesucher\/#breadcrumb"},"inLanguage":"de","potentialAction":[{"@type":"ReadAction","target":["https:\/\/oliver-twist.dk\/de\/datenschutz\/websitebesucher\/"]}]},{"@type":"BreadcrumbList","@id":"https:\/\/oliver-twist.dk\/de\/datenschutz\/websitebesucher\/#breadcrumb","itemListElement":[{"@type":"ListItem","position":1,"name":"Startseite","item":"https:\/\/oliver-twist.dk\/de\/"},{"@type":"ListItem","position":2,"name":"DATENSCHUTZ","item":"https:\/\/oliver-twist.dk\/de\/datenschutz\/"},{"@type":"ListItem","position":3,"name":"Websitebesucher"}]},{"@type":"WebSite","@id":"https:\/\/oliver-twist.dk\/en\/#website","url":"https:\/\/oliver-twist.dk\/en\/","name":"Oliver Twist","description":"Sm\u00e5 diskrete tobakspastiller med naturligt nikotin indhold","publisher":{"@id":"https:\/\/oliver-twist.dk\/en\/#organization"},"potentialAction":[{"@type":"SearchAction","target":{"@type":"EntryPoint","urlTemplate":"https:\/\/oliver-twist.dk\/en\/?s={search_term_string}"},"query-input":{"@type":"PropertyValueSpecification","valueRequired":true,"valueName":"search_term_string"}}],"inLanguage":"de"},{"@type":"Organization","@id":"https:\/\/oliver-twist.dk\/en\/#organization","name":"House of Oliver Twist","url":"https:\/\/oliver-twist.dk\/en\/","logo":{"@type":"ImageObject","inLanguage":"de","@id":"https:\/\/oliver-twist.dk\/en\/#\/schema\/logo\/image\/","url":"https:\/\/oliver-twist.dk\/wp-content\/uploads\/2020\/09\/Oliver-Twist_Sort-PNG-1.png","contentUrl":"https:\/\/oliver-twist.dk\/wp-content\/uploads\/2020\/09\/Oliver-Twist_Sort-PNG-1.png","width":774,"height":236,"caption":"House of Oliver Twist"},"image":{"@id":"https:\/\/oliver-twist.dk\/en\/#\/schema\/logo\/image\/"},"sameAs":["https:\/\/www.facebook.com\/HouseofOliverTwist\/","https:\/\/www.linkedin.com\/company\/house-of-oliver-twist\/","https:\/\/www.youtube.com\/channel\/UCnHIfJXeHCZHCcWjKW_fVCg"]}]}},"_links":{"self":[{"href":"https:\/\/oliver-twist.dk\/de\/wp-json\/wp\/v2\/pages\/4356","targetHints":{"allow":["GET"]}}],"collection":[{"href":"https:\/\/oliver-twist.dk\/de\/wp-json\/wp\/v2\/pages"}],"about":[{"href":"https:\/\/oliver-twist.dk\/de\/wp-json\/wp\/v2\/types\/page"}],"author":[{"embeddable":true,"href":"https:\/\/oliver-twist.dk\/de\/wp-json\/wp\/v2\/users\/5"}],"replies":[{"embeddable":true,"href":"https:\/\/oliver-twist.dk\/de\/wp-json\/wp\/v2\/comments?post=4356"}],"version-history":[{"count":5,"href":"https:\/\/oliver-twist.dk\/de\/wp-json\/wp\/v2\/pages\/4356\/revisions"}],"predecessor-version":[{"id":4471,"href":"https:\/\/oliver-twist.dk\/de\/wp-json\/wp\/v2\/pages\/4356\/revisions\/4471"}],"up":[{"embeddable":true,"href":"https:\/\/oliver-twist.dk\/de\/wp-json\/wp\/v2\/pages\/4340"}],"wp:attachment":[{"href":"https:\/\/oliver-twist.dk\/de\/wp-json\/wp\/v2\/media?parent=4356"}],"curies":[{"name":"wp","href":"https:\/\/api.w.org\/{rel}","templated":true}]}}