{"id":4340,"date":"2019-02-07T11:53:35","date_gmt":"2019-02-07T10:53:35","guid":{"rendered":"https:\/\/oliver-twist.dk\/?page_id=4340"},"modified":"2019-02-07T15:51:44","modified_gmt":"2019-02-07T14:51:44","slug":"datenschutz","status":"publish","type":"page","link":"https:\/\/oliver-twist.dk\/de\/datenschutz\/","title":{"rendered":"DATENSCHUTZ"},"content":{"rendered":"<p>House of Oliver Twist wendet die geltenden Richtlinien bez\u00fcglich der Verarbeitung pers\u00f6nlicher Daten an und ist stets bem\u00fcht, ihre privaten Informationen bestm\u00f6glich zu sch\u00fctzen.<\/p>\n<p>Diese Datenschutzerkl\u00e4rung richtet sich an diejenigen, die eine Beziehung mit House of Oliver Twist A\/S (\u201c<strong>Oliver Twist<\/strong>\u201d) haben.<\/p>\n<h3>Verantwortlicher f\u00fcr die Datenverarbeitung<\/h3>\n<p>House of Oliver Twist A\/S (Herman Kr\u00fcgers Eftf. A\/S), Handelsregisternummer 49298218, B\u00f8rstenbindervej 1, DK-5230 Odense, D\u00e4nemark ist der Verantwortliche f\u00fcr die Verarbeitung der von Ihnen\/\u00fcber Sie erhaltenen pers\u00f6nlichen Daten.<\/p>\n<h3>Cookies<\/h3>\n<p>Wir nutzen Cookies, wenn Sie <a href=\"https:\/\/oliver-twist.de\">https:\/\/oliver-twist.de\/<\/a> (die \u201e<strong>Website<\/strong>\u201c) besuchen. Erfahren Sie mehr \u00fcber unsere Nutzung von Cookies unter <u><a href=\"https:\/\/oliver-twist.dk\/de\/datenschutzbestimmungen\/\">Informationen \u00fcber Cookies.<\/a><\/u><\/p>\n<h3>Links zu anderen Websites<\/h3>\n<p>Diese Website enth\u00e4lt m\u00f6glicherweise Links zu anderen Websites, die nicht zu Oliver Twist geh\u00f6ren. Oliver Twist ist nicht f\u00fcr die Verarbeitung pers\u00f6nlicher Daten durch andere Websites verantwortlich. Bitte informieren Sie sich daher \u00fcber die f\u00fcr die jeweilige Website geltenden Datenschutzbestimmungen.<\/p>\n<h3>\u00c4nderungen dieser Datenschutzerkl\u00e4rung<\/h3>\n<p>Oliver Twist beh\u00e4lt sich das Recht vor, \u00c4nderungen an dieser Datenschutzerkl\u00e4rung vorzunehmen. S\u00e4mtliche \u00c4nderungen werden auf der Website kundgegeben.<\/p>\n<p>Letzte Aktualisierung dieser Informationen: 07.02.2019<\/p>\n","protected":false},"excerpt":{"rendered":"<p>House of Oliver Twist wendet die geltenden Richtlinien bez\u00fcglich der Verarbeitung pers\u00f6nlicher Daten an und ist stets bem\u00fcht, ihre privaten Informationen bestm\u00f6glich zu sch\u00fctzen. Diese Datenschutzerkl\u00e4rung richtet sich an diejenigen, die eine Beziehung mit House of Oliver Twist A\/S (\u201cOliver Twist\u201d) haben. Verantwortlicher f\u00fcr die Datenverarbeitung House of Oliver Twist A\/S (Herman Kr\u00fcgers Eftf. A\/S), [&hellip;]<\/p>\n","protected":false},"author":5,"featured_media":0,"parent":0,"menu_order":0,"comment_status":"closed","ping_status":"closed","template":"templates\/tekst-undermenu.php","meta":{"_acf_changed":false,"footnotes":""},"class_list":["post-4340","page","type-page","status-publish","hentry"],"acf":[],"yoast_head":"<!-- This site is optimized with the Yoast SEO Premium plugin v27.0 (Yoast SEO v27.0) - https:\/\/yoast.com\/product\/yoast-seo-premium-wordpress\/ -->\n<title>DATENSCHUTZ | Oliver Twist<\/title>\n<meta name=\"robots\" content=\"index, follow, max-snippet:-1, max-image-preview:large, max-video-preview:-1\" \/>\n<link rel=\"canonical\" href=\"https:\/\/oliver-twist.dk\/de\/datenschutz\/\" \/>\n<meta property=\"og:locale\" content=\"de_DE\" \/>\n<meta property=\"og:type\" content=\"article\" \/>\n<meta property=\"og:title\" content=\"DATENSCHUTZ\" \/>\n<meta property=\"og:description\" content=\"House of Oliver Twist wendet die geltenden Richtlinien bez\u00fcglich der Verarbeitung pers\u00f6nlicher Daten an und ist stets bem\u00fcht, ihre privaten Informationen bestm\u00f6glich zu sch\u00fctzen. Diese Datenschutzerkl\u00e4rung richtet sich an diejenigen, die eine Beziehung mit House of Oliver Twist A\/S (\u201cOliver Twist\u201d) haben. Verantwortlicher f\u00fcr die Datenverarbeitung House of Oliver Twist A\/S (Herman Kr\u00fcgers Eftf. A\/S), [&hellip;]\" \/>\n<meta property=\"og:url\" content=\"https:\/\/oliver-twist.dk\/de\/datenschutz\/\" \/>\n<meta property=\"og:site_name\" content=\"Oliver Twist\" \/>\n<meta property=\"article:publisher\" content=\"https:\/\/www.facebook.com\/HouseofOliverTwist\/\" \/>\n<meta property=\"article:modified_time\" content=\"2019-02-07T14:51:44+00:00\" \/>\n<meta name=\"twitter:card\" content=\"summary_large_image\" \/>\n<meta name=\"twitter:label1\" content=\"Gesch\u00e4tzte Lesezeit\" \/>\n\t<meta name=\"twitter:data1\" content=\"1\u00a0Minute\" \/>\n<script type=\"application\/ld+json\" class=\"yoast-schema-graph\">{\"@context\":\"https:\/\/schema.org\",\"@graph\":[{\"@type\":\"WebPage\",\"@id\":\"https:\/\/oliver-twist.dk\/de\/datenschutz\/\",\"url\":\"https:\/\/oliver-twist.dk\/de\/datenschutz\/\",\"name\":\"DATENSCHUTZ | Oliver Twist\",\"isPartOf\":{\"@id\":\"https:\/\/oliver-twist.dk\/en\/#website\"},\"datePublished\":\"2019-02-07T10:53:35+00:00\",\"dateModified\":\"2019-02-07T14:51:44+00:00\",\"breadcrumb\":{\"@id\":\"https:\/\/oliver-twist.dk\/de\/datenschutz\/#breadcrumb\"},\"inLanguage\":\"de\",\"potentialAction\":[{\"@type\":\"ReadAction\",\"target\":[\"https:\/\/oliver-twist.dk\/de\/datenschutz\/\"]}]},{\"@type\":\"BreadcrumbList\",\"@id\":\"https:\/\/oliver-twist.dk\/de\/datenschutz\/#breadcrumb\",\"itemListElement\":[{\"@type\":\"ListItem\",\"position\":1,\"name\":\"Startseite\",\"item\":\"https:\/\/oliver-twist.dk\/de\/\"},{\"@type\":\"ListItem\",\"position\":2,\"name\":\"DATENSCHUTZ\"}]},{\"@type\":\"WebSite\",\"@id\":\"https:\/\/oliver-twist.dk\/en\/#website\",\"url\":\"https:\/\/oliver-twist.dk\/en\/\",\"name\":\"Oliver Twist\",\"description\":\"Sm\u00e5 diskrete tobakspastiller med naturligt nikotin indhold\",\"publisher\":{\"@id\":\"https:\/\/oliver-twist.dk\/en\/#organization\"},\"potentialAction\":[{\"@type\":\"SearchAction\",\"target\":{\"@type\":\"EntryPoint\",\"urlTemplate\":\"https:\/\/oliver-twist.dk\/en\/?s={search_term_string}\"},\"query-input\":{\"@type\":\"PropertyValueSpecification\",\"valueRequired\":true,\"valueName\":\"search_term_string\"}}],\"inLanguage\":\"de\"},{\"@type\":\"Organization\",\"@id\":\"https:\/\/oliver-twist.dk\/en\/#organization\",\"name\":\"House of Oliver Twist\",\"url\":\"https:\/\/oliver-twist.dk\/en\/\",\"logo\":{\"@type\":\"ImageObject\",\"inLanguage\":\"de\",\"@id\":\"https:\/\/oliver-twist.dk\/en\/#\/schema\/logo\/image\/\",\"url\":\"https:\/\/oliver-twist.dk\/wp-content\/uploads\/2020\/09\/Oliver-Twist_Sort-PNG-1.png\",\"contentUrl\":\"https:\/\/oliver-twist.dk\/wp-content\/uploads\/2020\/09\/Oliver-Twist_Sort-PNG-1.png\",\"width\":774,\"height\":236,\"caption\":\"House of Oliver Twist\"},\"image\":{\"@id\":\"https:\/\/oliver-twist.dk\/en\/#\/schema\/logo\/image\/\"},\"sameAs\":[\"https:\/\/www.facebook.com\/HouseofOliverTwist\/\",\"https:\/\/www.linkedin.com\/company\/house-of-oliver-twist\/\",\"https:\/\/www.youtube.com\/channel\/UCnHIfJXeHCZHCcWjKW_fVCg\"]}]}<\/script>\n<!-- \/ Yoast SEO Premium plugin. -->","yoast_head_json":{"title":"DATENSCHUTZ | Oliver Twist","robots":{"index":"index","follow":"follow","max-snippet":"max-snippet:-1","max-image-preview":"max-image-preview:large","max-video-preview":"max-video-preview:-1"},"canonical":"https:\/\/oliver-twist.dk\/de\/datenschutz\/","og_locale":"de_DE","og_type":"article","og_title":"DATENSCHUTZ","og_description":"House of Oliver Twist wendet die geltenden Richtlinien bez\u00fcglich der Verarbeitung pers\u00f6nlicher Daten an und ist stets bem\u00fcht, ihre privaten Informationen bestm\u00f6glich zu sch\u00fctzen. Diese Datenschutzerkl\u00e4rung richtet sich an diejenigen, die eine Beziehung mit House of Oliver Twist A\/S (\u201cOliver Twist\u201d) haben. Verantwortlicher f\u00fcr die Datenverarbeitung House of Oliver Twist A\/S (Herman Kr\u00fcgers Eftf. A\/S), [&hellip;]","og_url":"https:\/\/oliver-twist.dk\/de\/datenschutz\/","og_site_name":"Oliver Twist","article_publisher":"https:\/\/www.facebook.com\/HouseofOliverTwist\/","article_modified_time":"2019-02-07T14:51:44+00:00","twitter_card":"summary_large_image","twitter_misc":{"Gesch\u00e4tzte Lesezeit":"1\u00a0Minute"},"schema":{"@context":"https:\/\/schema.org","@graph":[{"@type":"WebPage","@id":"https:\/\/oliver-twist.dk\/de\/datenschutz\/","url":"https:\/\/oliver-twist.dk\/de\/datenschutz\/","name":"DATENSCHUTZ | Oliver Twist","isPartOf":{"@id":"https:\/\/oliver-twist.dk\/en\/#website"},"datePublished":"2019-02-07T10:53:35+00:00","dateModified":"2019-02-07T14:51:44+00:00","breadcrumb":{"@id":"https:\/\/oliver-twist.dk\/de\/datenschutz\/#breadcrumb"},"inLanguage":"de","potentialAction":[{"@type":"ReadAction","target":["https:\/\/oliver-twist.dk\/de\/datenschutz\/"]}]},{"@type":"BreadcrumbList","@id":"https:\/\/oliver-twist.dk\/de\/datenschutz\/#breadcrumb","itemListElement":[{"@type":"ListItem","position":1,"name":"Startseite","item":"https:\/\/oliver-twist.dk\/de\/"},{"@type":"ListItem","position":2,"name":"DATENSCHUTZ"}]},{"@type":"WebSite","@id":"https:\/\/oliver-twist.dk\/en\/#website","url":"https:\/\/oliver-twist.dk\/en\/","name":"Oliver Twist","description":"Sm\u00e5 diskrete tobakspastiller med naturligt nikotin indhold","publisher":{"@id":"https:\/\/oliver-twist.dk\/en\/#organization"},"potentialAction":[{"@type":"SearchAction","target":{"@type":"EntryPoint","urlTemplate":"https:\/\/oliver-twist.dk\/en\/?s={search_term_string}"},"query-input":{"@type":"PropertyValueSpecification","valueRequired":true,"valueName":"search_term_string"}}],"inLanguage":"de"},{"@type":"Organization","@id":"https:\/\/oliver-twist.dk\/en\/#organization","name":"House of Oliver Twist","url":"https:\/\/oliver-twist.dk\/en\/","logo":{"@type":"ImageObject","inLanguage":"de","@id":"https:\/\/oliver-twist.dk\/en\/#\/schema\/logo\/image\/","url":"https:\/\/oliver-twist.dk\/wp-content\/uploads\/2020\/09\/Oliver-Twist_Sort-PNG-1.png","contentUrl":"https:\/\/oliver-twist.dk\/wp-content\/uploads\/2020\/09\/Oliver-Twist_Sort-PNG-1.png","width":774,"height":236,"caption":"House of Oliver Twist"},"image":{"@id":"https:\/\/oliver-twist.dk\/en\/#\/schema\/logo\/image\/"},"sameAs":["https:\/\/www.facebook.com\/HouseofOliverTwist\/","https:\/\/www.linkedin.com\/company\/house-of-oliver-twist\/","https:\/\/www.youtube.com\/channel\/UCnHIfJXeHCZHCcWjKW_fVCg"]}]}},"_links":{"self":[{"href":"https:\/\/oliver-twist.dk\/de\/wp-json\/wp\/v2\/pages\/4340","targetHints":{"allow":["GET"]}}],"collection":[{"href":"https:\/\/oliver-twist.dk\/de\/wp-json\/wp\/v2\/pages"}],"about":[{"href":"https:\/\/oliver-twist.dk\/de\/wp-json\/wp\/v2\/types\/page"}],"author":[{"embeddable":true,"href":"https:\/\/oliver-twist.dk\/de\/wp-json\/wp\/v2\/users\/5"}],"replies":[{"embeddable":true,"href":"https:\/\/oliver-twist.dk\/de\/wp-json\/wp\/v2\/comments?post=4340"}],"version-history":[{"count":5,"href":"https:\/\/oliver-twist.dk\/de\/wp-json\/wp\/v2\/pages\/4340\/revisions"}],"predecessor-version":[{"id":4441,"href":"https:\/\/oliver-twist.dk\/de\/wp-json\/wp\/v2\/pages\/4340\/revisions\/4441"}],"wp:attachment":[{"href":"https:\/\/oliver-twist.dk\/de\/wp-json\/wp\/v2\/media?parent=4340"}],"curies":[{"name":"wp","href":"https:\/\/api.w.org\/{rel}","templated":true}]}}