{"id":1819,"date":"2017-12-20T14:26:35","date_gmt":"2017-12-20T13:26:35","guid":{"rendered":"http:\/\/oliver-twist.dk\/?page_id=1819"},"modified":"2025-09-02T07:07:19","modified_gmt":"2025-09-02T05:07:19","slug":"datenschutzbestimmungen","status":"publish","type":"page","link":"https:\/\/oliver-twist.dk\/de\/datenschutzbestimmungen\/","title":{"rendered":"Cookie-Bestimmungen"},"content":{"rendered":"<h1>Cookie-Bestimmungen<\/h1>\n<h3>Was ist ein Cookie?<\/h3>\n<p>Ein Cookie ist eine kleine Textdatei, die auf Ihrem Computer, Tablet, Mobiltelefon o. \u00c4. gespeichert<br \/>\nund bei sp\u00e4teren Besuchen dort abgefragt wird, wenn Sie die Website <a href=\"http:\/\/www.oliver-twist.de\">www.oliver-twist.de\u00a0<\/a>besuchen (\u201eWebsite\u201c), die der Firma House of Oliver Twist A\/S geh\u00f6rt. Cookies erm\u00f6glichen der Website zum Beispiel, Informationen \u00fcber Ihren Besuch zu speichern, sodass wir Ihnen ein besseres Nutzererlebnis bieten k\u00f6nnen.<\/p>\n<p>Es gibt zwei Arten von Cookies: dauerhafte Cookies und Session-Cookies. Dauerhafte Cookies werden, nachdem der Browser geschlossen wurde, f\u00fcr l\u00e4ngere Zeit auf Ihrem Ger\u00e4t abgelegt und zum Beispiel dazu benutzt, um die Entscheidungen zu speichern, die Sie bei fr\u00fcheren Besuchen getroffen haben. Session-Cookies werden vor\u00fcbergehend in Ihrem Browser gespeichert, zum Beispiel um Ihre Sprachauswahl zu speichern. Diese Cookies werden automatisch gel\u00f6scht, wenn der Browser geschlossen wird. Es gibt auch Cookies von Drittanbietern, das hei\u00dft, dass die Cookies nicht von uns stammen, sondern von jemand anderem. Drittanbieter-Cookies werden h\u00e4ufig f\u00fcr Web-Statistiken wie Google Analytics verwendet.<\/p>\n<h3>Welchem Zweck dienen die Cookies auf unserer Website?<\/h3>\n<p>Oliver Twist verwendet dauerhafte Cookies und Session-Cookies, um die Nutzung der Website zu erleichtern. Cookies dienen auch dazu, um Informationen bis zu Ihrem n\u00e4chsten Besuch zu speichern. Oliver Twist verwendet Cookies von Drittanbietern f\u00fcr die Analyse der Benutzung der Website, damit wir das Angebot weiterentwickeln k\u00f6nnen. Weitere Informationen \u00fcber Cookies von Drittanbietern finden Sie unten.<\/p>\n<h3>Verwendung von Google Analytics (Drittanbieter-Cookie)<\/h3>\n<p>Oliver Twist benutzt Google Analytics, ein eingef\u00fchrtes Produkt von Google, das Cookies dazu verwendet, um auf allgemeiner Ebene zu verstehen, wie der Besucher mit der Website interagiert. Die in diesen Cookies enthaltene Information, einschlie\u00dflich Ihrer IP-Adresse, wird Google zur Verf\u00fcgung gestellt und von Google Analytics auf in den USA befindlichen Servern ausgewertet. Wenn Sie als Internetnutzer besonderen Wert darauf legen, dass Sie Google nicht erfasst, gibt es f\u00fcr Sie auf der Google-Website ein entsprechendes Tool:<a href=\"https:\/\/tools.google.com\/dlpage\/gaoptou\"> https:\/\/tools.google.com\/dlpage\/gaoptou<\/a>t.<\/p>\n<h3>Wie kann ich Cookies deaktivieren?<\/h3>\n<p>Wenn Sie die Verwendung von Cookies auf dieser Website nicht zulassen m\u00f6chten, k\u00f6nnen Sie sie mit Hilfe der Sicherheitseinstellungen Ihres Browsers einfach deaktivieren oder einschr\u00e4nken. Verwenden Sie die Hilfefunktion Ihres Browsers um herauszufinden, wie das geht.<\/p>\n<p>Wenn Sie Cookies auf der Website blockieren oder einschr\u00e4nken, kann es sein, dass Sie nicht alle Dienste und Funktionen der Website nutzen k\u00f6nnen.<\/p>\n<h3>Informationen \u00fcber personenbezogene Daten<\/h3>\n<p>In unseren <a href=\"https:\/\/oliver-twist.dk\/de\/datenschutz\/\">Datenschutzerkl\u00e4rung<\/a>\u00a0erfahren Sie mehr dar\u00fcber, wie Oliver Twist mit Ihren personenbezogenen Daten verf\u00e4hrt.<\/p>\n<p>Letzte Aktualisierung dieser Informationen: 3.12.2018 (Version 1.1)<\/p>\n\n\n<div id=\"ot-sdk-cookie-policy\"> <\/div>\n","protected":false},"excerpt":{"rendered":"<p>Cookie-Bestimmungen Was ist ein Cookie? Ein Cookie ist eine kleine Textdatei, die auf Ihrem Computer, Tablet, Mobiltelefon o. \u00c4. gespeichert und bei sp\u00e4teren Besuchen dort abgefragt wird, wenn Sie die Website www.oliver-twist.de\u00a0besuchen (\u201eWebsite\u201c), die der Firma House of Oliver Twist A\/S geh\u00f6rt. Cookies erm\u00f6glichen der Website zum Beispiel, Informationen \u00fcber Ihren Besuch zu speichern, sodass [&hellip;]<\/p>\n","protected":false},"author":6,"featured_media":0,"parent":0,"menu_order":39,"comment_status":"closed","ping_status":"closed","template":"","meta":{"_acf_changed":false,"footnotes":""},"class_list":["post-1819","page","type-page","status-publish","hentry"],"acf":[],"yoast_head":"<!-- This site is optimized with the Yoast SEO Premium plugin v27.0 (Yoast SEO v27.0) - https:\/\/yoast.com\/product\/yoast-seo-premium-wordpress\/ -->\n<title>Cookie-Bestimmungen | Oliver Twist<\/title>\n<meta name=\"robots\" content=\"index, follow, max-snippet:-1, max-image-preview:large, max-video-preview:-1\" \/>\n<link rel=\"canonical\" href=\"https:\/\/oliver-twist.dk\/de\/datenschutzbestimmungen\/\" \/>\n<meta property=\"og:locale\" content=\"de_DE\" \/>\n<meta property=\"og:type\" content=\"article\" \/>\n<meta property=\"og:title\" content=\"Cookie-Bestimmungen\" \/>\n<meta property=\"og:description\" content=\"Cookie-Bestimmungen Was ist ein Cookie? Ein Cookie ist eine kleine Textdatei, die auf Ihrem Computer, Tablet, Mobiltelefon o. \u00c4. gespeichert und bei sp\u00e4teren Besuchen dort abgefragt wird, wenn Sie die Website www.oliver-twist.de\u00a0besuchen (\u201eWebsite\u201c), die der Firma House of Oliver Twist A\/S geh\u00f6rt. Cookies erm\u00f6glichen der Website zum Beispiel, Informationen \u00fcber Ihren Besuch zu speichern, sodass [&hellip;]\" \/>\n<meta property=\"og:url\" content=\"https:\/\/oliver-twist.dk\/de\/datenschutzbestimmungen\/\" \/>\n<meta property=\"og:site_name\" content=\"Oliver Twist\" \/>\n<meta property=\"article:publisher\" content=\"https:\/\/www.facebook.com\/HouseofOliverTwist\/\" \/>\n<meta property=\"article:modified_time\" content=\"2025-09-02T05:07:19+00:00\" \/>\n<meta name=\"twitter:card\" content=\"summary_large_image\" \/>\n<meta name=\"twitter:label1\" content=\"Gesch\u00e4tzte Lesezeit\" \/>\n\t<meta name=\"twitter:data1\" content=\"3\u00a0Minuten\" \/>\n<script type=\"application\/ld+json\" class=\"yoast-schema-graph\">{\"@context\":\"https:\/\/schema.org\",\"@graph\":[{\"@type\":\"WebPage\",\"@id\":\"https:\/\/oliver-twist.dk\/de\/datenschutzbestimmungen\/\",\"url\":\"https:\/\/oliver-twist.dk\/de\/datenschutzbestimmungen\/\",\"name\":\"Cookie-Bestimmungen | Oliver Twist\",\"isPartOf\":{\"@id\":\"https:\/\/oliver-twist.dk\/en\/#website\"},\"datePublished\":\"2017-12-20T13:26:35+00:00\",\"dateModified\":\"2025-09-02T05:07:19+00:00\",\"breadcrumb\":{\"@id\":\"https:\/\/oliver-twist.dk\/de\/datenschutzbestimmungen\/#breadcrumb\"},\"inLanguage\":\"de\",\"potentialAction\":[{\"@type\":\"ReadAction\",\"target\":[\"https:\/\/oliver-twist.dk\/de\/datenschutzbestimmungen\/\"]}]},{\"@type\":\"BreadcrumbList\",\"@id\":\"https:\/\/oliver-twist.dk\/de\/datenschutzbestimmungen\/#breadcrumb\",\"itemListElement\":[{\"@type\":\"ListItem\",\"position\":1,\"name\":\"Startseite\",\"item\":\"https:\/\/oliver-twist.dk\/de\/\"},{\"@type\":\"ListItem\",\"position\":2,\"name\":\"Cookie-Bestimmungen\"}]},{\"@type\":\"WebSite\",\"@id\":\"https:\/\/oliver-twist.dk\/en\/#website\",\"url\":\"https:\/\/oliver-twist.dk\/en\/\",\"name\":\"Oliver Twist\",\"description\":\"Sm\u00e5 diskrete tobakspastiller med naturligt nikotin indhold\",\"publisher\":{\"@id\":\"https:\/\/oliver-twist.dk\/en\/#organization\"},\"potentialAction\":[{\"@type\":\"SearchAction\",\"target\":{\"@type\":\"EntryPoint\",\"urlTemplate\":\"https:\/\/oliver-twist.dk\/en\/?s={search_term_string}\"},\"query-input\":{\"@type\":\"PropertyValueSpecification\",\"valueRequired\":true,\"valueName\":\"search_term_string\"}}],\"inLanguage\":\"de\"},{\"@type\":\"Organization\",\"@id\":\"https:\/\/oliver-twist.dk\/en\/#organization\",\"name\":\"House of Oliver Twist\",\"url\":\"https:\/\/oliver-twist.dk\/en\/\",\"logo\":{\"@type\":\"ImageObject\",\"inLanguage\":\"de\",\"@id\":\"https:\/\/oliver-twist.dk\/en\/#\/schema\/logo\/image\/\",\"url\":\"https:\/\/oliver-twist.dk\/wp-content\/uploads\/2020\/09\/Oliver-Twist_Sort-PNG-1.png\",\"contentUrl\":\"https:\/\/oliver-twist.dk\/wp-content\/uploads\/2020\/09\/Oliver-Twist_Sort-PNG-1.png\",\"width\":774,\"height\":236,\"caption\":\"House of Oliver Twist\"},\"image\":{\"@id\":\"https:\/\/oliver-twist.dk\/en\/#\/schema\/logo\/image\/\"},\"sameAs\":[\"https:\/\/www.facebook.com\/HouseofOliverTwist\/\",\"https:\/\/www.linkedin.com\/company\/house-of-oliver-twist\/\",\"https:\/\/www.youtube.com\/channel\/UCnHIfJXeHCZHCcWjKW_fVCg\"]}]}<\/script>\n<!-- \/ Yoast SEO Premium plugin. -->","yoast_head_json":{"title":"Cookie-Bestimmungen | Oliver Twist","robots":{"index":"index","follow":"follow","max-snippet":"max-snippet:-1","max-image-preview":"max-image-preview:large","max-video-preview":"max-video-preview:-1"},"canonical":"https:\/\/oliver-twist.dk\/de\/datenschutzbestimmungen\/","og_locale":"de_DE","og_type":"article","og_title":"Cookie-Bestimmungen","og_description":"Cookie-Bestimmungen Was ist ein Cookie? Ein Cookie ist eine kleine Textdatei, die auf Ihrem Computer, Tablet, Mobiltelefon o. \u00c4. gespeichert und bei sp\u00e4teren Besuchen dort abgefragt wird, wenn Sie die Website www.oliver-twist.de\u00a0besuchen (\u201eWebsite\u201c), die der Firma House of Oliver Twist A\/S geh\u00f6rt. Cookies erm\u00f6glichen der Website zum Beispiel, Informationen \u00fcber Ihren Besuch zu speichern, sodass [&hellip;]","og_url":"https:\/\/oliver-twist.dk\/de\/datenschutzbestimmungen\/","og_site_name":"Oliver Twist","article_publisher":"https:\/\/www.facebook.com\/HouseofOliverTwist\/","article_modified_time":"2025-09-02T05:07:19+00:00","twitter_card":"summary_large_image","twitter_misc":{"Gesch\u00e4tzte Lesezeit":"3\u00a0Minuten"},"schema":{"@context":"https:\/\/schema.org","@graph":[{"@type":"WebPage","@id":"https:\/\/oliver-twist.dk\/de\/datenschutzbestimmungen\/","url":"https:\/\/oliver-twist.dk\/de\/datenschutzbestimmungen\/","name":"Cookie-Bestimmungen | Oliver Twist","isPartOf":{"@id":"https:\/\/oliver-twist.dk\/en\/#website"},"datePublished":"2017-12-20T13:26:35+00:00","dateModified":"2025-09-02T05:07:19+00:00","breadcrumb":{"@id":"https:\/\/oliver-twist.dk\/de\/datenschutzbestimmungen\/#breadcrumb"},"inLanguage":"de","potentialAction":[{"@type":"ReadAction","target":["https:\/\/oliver-twist.dk\/de\/datenschutzbestimmungen\/"]}]},{"@type":"BreadcrumbList","@id":"https:\/\/oliver-twist.dk\/de\/datenschutzbestimmungen\/#breadcrumb","itemListElement":[{"@type":"ListItem","position":1,"name":"Startseite","item":"https:\/\/oliver-twist.dk\/de\/"},{"@type":"ListItem","position":2,"name":"Cookie-Bestimmungen"}]},{"@type":"WebSite","@id":"https:\/\/oliver-twist.dk\/en\/#website","url":"https:\/\/oliver-twist.dk\/en\/","name":"Oliver Twist","description":"Sm\u00e5 diskrete tobakspastiller med naturligt nikotin indhold","publisher":{"@id":"https:\/\/oliver-twist.dk\/en\/#organization"},"potentialAction":[{"@type":"SearchAction","target":{"@type":"EntryPoint","urlTemplate":"https:\/\/oliver-twist.dk\/en\/?s={search_term_string}"},"query-input":{"@type":"PropertyValueSpecification","valueRequired":true,"valueName":"search_term_string"}}],"inLanguage":"de"},{"@type":"Organization","@id":"https:\/\/oliver-twist.dk\/en\/#organization","name":"House of Oliver Twist","url":"https:\/\/oliver-twist.dk\/en\/","logo":{"@type":"ImageObject","inLanguage":"de","@id":"https:\/\/oliver-twist.dk\/en\/#\/schema\/logo\/image\/","url":"https:\/\/oliver-twist.dk\/wp-content\/uploads\/2020\/09\/Oliver-Twist_Sort-PNG-1.png","contentUrl":"https:\/\/oliver-twist.dk\/wp-content\/uploads\/2020\/09\/Oliver-Twist_Sort-PNG-1.png","width":774,"height":236,"caption":"House of Oliver Twist"},"image":{"@id":"https:\/\/oliver-twist.dk\/en\/#\/schema\/logo\/image\/"},"sameAs":["https:\/\/www.facebook.com\/HouseofOliverTwist\/","https:\/\/www.linkedin.com\/company\/house-of-oliver-twist\/","https:\/\/www.youtube.com\/channel\/UCnHIfJXeHCZHCcWjKW_fVCg"]}]}},"_links":{"self":[{"href":"https:\/\/oliver-twist.dk\/de\/wp-json\/wp\/v2\/pages\/1819","targetHints":{"allow":["GET"]}}],"collection":[{"href":"https:\/\/oliver-twist.dk\/de\/wp-json\/wp\/v2\/pages"}],"about":[{"href":"https:\/\/oliver-twist.dk\/de\/wp-json\/wp\/v2\/types\/page"}],"author":[{"embeddable":true,"href":"https:\/\/oliver-twist.dk\/de\/wp-json\/wp\/v2\/users\/6"}],"replies":[{"embeddable":true,"href":"https:\/\/oliver-twist.dk\/de\/wp-json\/wp\/v2\/comments?post=1819"}],"version-history":[{"count":5,"href":"https:\/\/oliver-twist.dk\/de\/wp-json\/wp\/v2\/pages\/1819\/revisions"}],"predecessor-version":[{"id":16713,"href":"https:\/\/oliver-twist.dk\/de\/wp-json\/wp\/v2\/pages\/1819\/revisions\/16713"}],"wp:attachment":[{"href":"https:\/\/oliver-twist.dk\/de\/wp-json\/wp\/v2\/media?parent=1819"}],"curies":[{"name":"wp","href":"https:\/\/api.w.org\/{rel}","templated":true}]}}