{"id":1413,"date":"2017-12-19T11:18:35","date_gmt":"2017-12-19T10:18:35","guid":{"rendered":"http:\/\/oliver-twist.dk\/?page_id=1413"},"modified":"2023-03-14T10:50:35","modified_gmt":"2023-03-14T09:50:35","slug":"verbraucherpanel","status":"publish","type":"page","link":"https:\/\/oliver-twist.dk\/de\/verbraucherpanel\/","title":{"rendered":"Verbraucherpanel"},"content":{"rendered":"<h1>Ihre Meinung z\u00e4hlt<\/h1>\n<p>M\u00f6chten Sie an zuk\u00fcnftigen Oliver Twist Produkttests und Analysen teilnehmen? Sie finden Ihre Log-in-Daten im Deckel der Oliver Twist Dose.<\/p>\n","protected":false},"excerpt":{"rendered":"<p>Ihre Meinung z\u00e4hlt M\u00f6chten Sie an zuk\u00fcnftigen Oliver Twist Produkttests und Analysen teilnehmen? Sie finden Ihre Log-in-Daten im Deckel der Oliver Twist Dose.<\/p>\n","protected":false},"author":5,"featured_media":722,"parent":0,"menu_order":74,"comment_status":"closed","ping_status":"closed","template":"templates\/login.php","meta":{"_acf_changed":false,"footnotes":""},"class_list":["post-1413","page","type-page","status-publish","has-post-thumbnail","hentry"],"acf":[],"yoast_head":"<!-- This site is optimized with the Yoast SEO Premium plugin v27.0 (Yoast SEO v27.0) - https:\/\/yoast.com\/product\/yoast-seo-premium-wordpress\/ -->\n<title>Verbraucherpanel | Oliver Twist<\/title>\n<meta name=\"description\" content=\"M\u00f6chten Sie an zuk\u00fcnftigen Produkttests und Analysen teilnehmen? Sie finden Ihre Login-Daten im Deckel der Oliver Twist Dose.\" \/>\n<meta name=\"robots\" content=\"index, follow, max-snippet:-1, max-image-preview:large, max-video-preview:-1\" \/>\n<link rel=\"canonical\" href=\"https:\/\/oliver-twist.dk\/de\/verbraucherpanel\/\" \/>\n<meta property=\"og:locale\" content=\"de_DE\" \/>\n<meta property=\"og:type\" content=\"article\" \/>\n<meta property=\"og:title\" content=\"Verbraucherpanel\" \/>\n<meta property=\"og:description\" content=\"M\u00f6chten Sie an zuk\u00fcnftigen Produkttests und Analysen teilnehmen? Sie finden Ihre Login-Daten im Deckel der Oliver Twist Dose.\" \/>\n<meta property=\"og:url\" content=\"https:\/\/oliver-twist.dk\/de\/verbraucherpanel\/\" \/>\n<meta property=\"og:site_name\" content=\"Oliver Twist\" \/>\n<meta property=\"article:publisher\" content=\"https:\/\/www.facebook.com\/HouseofOliverTwist\/\" \/>\n<meta property=\"article:modified_time\" content=\"2023-03-14T09:50:35+00:00\" \/>\n<meta property=\"og:image\" content=\"https:\/\/oliver-twist.dk\/wp-content\/uploads\/2017\/12\/product.jpg\" \/>\n\t<meta property=\"og:image:width\" content=\"1181\" \/>\n\t<meta property=\"og:image:height\" content=\"877\" \/>\n\t<meta property=\"og:image:type\" content=\"image\/jpeg\" \/>\n<meta name=\"twitter:card\" content=\"summary_large_image\" \/>\n<meta name=\"twitter:label1\" content=\"Gesch\u00e4tzte Lesezeit\" \/>\n\t<meta name=\"twitter:data1\" content=\"1\u00a0Minute\" \/>\n<script type=\"application\/ld+json\" class=\"yoast-schema-graph\">{\"@context\":\"https:\/\/schema.org\",\"@graph\":[{\"@type\":\"WebPage\",\"@id\":\"https:\/\/oliver-twist.dk\/de\/verbraucherpanel\/\",\"url\":\"https:\/\/oliver-twist.dk\/de\/verbraucherpanel\/\",\"name\":\"Verbraucherpanel | Oliver Twist\",\"isPartOf\":{\"@id\":\"https:\/\/oliver-twist.dk\/en\/#website\"},\"primaryImageOfPage\":{\"@id\":\"https:\/\/oliver-twist.dk\/de\/verbraucherpanel\/#primaryimage\"},\"image\":{\"@id\":\"https:\/\/oliver-twist.dk\/de\/verbraucherpanel\/#primaryimage\"},\"thumbnailUrl\":\"https:\/\/oliver-twist.dk\/wp-content\/uploads\/2017\/12\/product.jpg\",\"datePublished\":\"2017-12-19T10:18:35+00:00\",\"dateModified\":\"2023-03-14T09:50:35+00:00\",\"description\":\"M\u00f6chten Sie an zuk\u00fcnftigen Produkttests und Analysen teilnehmen? Sie finden Ihre Login-Daten im Deckel der Oliver Twist Dose.\",\"breadcrumb\":{\"@id\":\"https:\/\/oliver-twist.dk\/de\/verbraucherpanel\/#breadcrumb\"},\"inLanguage\":\"de\",\"potentialAction\":[{\"@type\":\"ReadAction\",\"target\":[\"https:\/\/oliver-twist.dk\/de\/verbraucherpanel\/\"]}]},{\"@type\":\"ImageObject\",\"inLanguage\":\"de\",\"@id\":\"https:\/\/oliver-twist.dk\/de\/verbraucherpanel\/#primaryimage\",\"url\":\"https:\/\/oliver-twist.dk\/wp-content\/uploads\/2017\/12\/product.jpg\",\"contentUrl\":\"https:\/\/oliver-twist.dk\/wp-content\/uploads\/2017\/12\/product.jpg\",\"width\":1181,\"height\":877,\"caption\":\"Oliver Twist skr\u00e5tobak\"},{\"@type\":\"BreadcrumbList\",\"@id\":\"https:\/\/oliver-twist.dk\/de\/verbraucherpanel\/#breadcrumb\",\"itemListElement\":[{\"@type\":\"ListItem\",\"position\":1,\"name\":\"Startseite\",\"item\":\"https:\/\/oliver-twist.dk\/de\/\"},{\"@type\":\"ListItem\",\"position\":2,\"name\":\"Verbraucherpanel\"}]},{\"@type\":\"WebSite\",\"@id\":\"https:\/\/oliver-twist.dk\/en\/#website\",\"url\":\"https:\/\/oliver-twist.dk\/en\/\",\"name\":\"Oliver Twist\",\"description\":\"Sm\u00e5 diskrete tobakspastiller med naturligt nikotin indhold\",\"publisher\":{\"@id\":\"https:\/\/oliver-twist.dk\/en\/#organization\"},\"potentialAction\":[{\"@type\":\"SearchAction\",\"target\":{\"@type\":\"EntryPoint\",\"urlTemplate\":\"https:\/\/oliver-twist.dk\/en\/?s={search_term_string}\"},\"query-input\":{\"@type\":\"PropertyValueSpecification\",\"valueRequired\":true,\"valueName\":\"search_term_string\"}}],\"inLanguage\":\"de\"},{\"@type\":\"Organization\",\"@id\":\"https:\/\/oliver-twist.dk\/en\/#organization\",\"name\":\"House of Oliver Twist\",\"url\":\"https:\/\/oliver-twist.dk\/en\/\",\"logo\":{\"@type\":\"ImageObject\",\"inLanguage\":\"de\",\"@id\":\"https:\/\/oliver-twist.dk\/en\/#\/schema\/logo\/image\/\",\"url\":\"https:\/\/oliver-twist.dk\/wp-content\/uploads\/2020\/09\/Oliver-Twist_Sort-PNG-1.png\",\"contentUrl\":\"https:\/\/oliver-twist.dk\/wp-content\/uploads\/2020\/09\/Oliver-Twist_Sort-PNG-1.png\",\"width\":774,\"height\":236,\"caption\":\"House of Oliver Twist\"},\"image\":{\"@id\":\"https:\/\/oliver-twist.dk\/en\/#\/schema\/logo\/image\/\"},\"sameAs\":[\"https:\/\/www.facebook.com\/HouseofOliverTwist\/\",\"https:\/\/www.linkedin.com\/company\/house-of-oliver-twist\/\",\"https:\/\/www.youtube.com\/channel\/UCnHIfJXeHCZHCcWjKW_fVCg\"]}]}<\/script>\n<!-- \/ Yoast SEO Premium plugin. -->","yoast_head_json":{"title":"Verbraucherpanel | Oliver Twist","description":"M\u00f6chten Sie an zuk\u00fcnftigen Produkttests und Analysen teilnehmen? Sie finden Ihre Login-Daten im Deckel der Oliver Twist Dose.","robots":{"index":"index","follow":"follow","max-snippet":"max-snippet:-1","max-image-preview":"max-image-preview:large","max-video-preview":"max-video-preview:-1"},"canonical":"https:\/\/oliver-twist.dk\/de\/verbraucherpanel\/","og_locale":"de_DE","og_type":"article","og_title":"Verbraucherpanel","og_description":"M\u00f6chten Sie an zuk\u00fcnftigen Produkttests und Analysen teilnehmen? Sie finden Ihre Login-Daten im Deckel der Oliver Twist Dose.","og_url":"https:\/\/oliver-twist.dk\/de\/verbraucherpanel\/","og_site_name":"Oliver Twist","article_publisher":"https:\/\/www.facebook.com\/HouseofOliverTwist\/","article_modified_time":"2023-03-14T09:50:35+00:00","og_image":[{"width":1181,"height":877,"url":"https:\/\/oliver-twist.dk\/wp-content\/uploads\/2017\/12\/product.jpg","type":"image\/jpeg"}],"twitter_card":"summary_large_image","twitter_misc":{"Gesch\u00e4tzte Lesezeit":"1\u00a0Minute"},"schema":{"@context":"https:\/\/schema.org","@graph":[{"@type":"WebPage","@id":"https:\/\/oliver-twist.dk\/de\/verbraucherpanel\/","url":"https:\/\/oliver-twist.dk\/de\/verbraucherpanel\/","name":"Verbraucherpanel | Oliver Twist","isPartOf":{"@id":"https:\/\/oliver-twist.dk\/en\/#website"},"primaryImageOfPage":{"@id":"https:\/\/oliver-twist.dk\/de\/verbraucherpanel\/#primaryimage"},"image":{"@id":"https:\/\/oliver-twist.dk\/de\/verbraucherpanel\/#primaryimage"},"thumbnailUrl":"https:\/\/oliver-twist.dk\/wp-content\/uploads\/2017\/12\/product.jpg","datePublished":"2017-12-19T10:18:35+00:00","dateModified":"2023-03-14T09:50:35+00:00","description":"M\u00f6chten Sie an zuk\u00fcnftigen Produkttests und Analysen teilnehmen? Sie finden Ihre Login-Daten im Deckel der Oliver Twist Dose.","breadcrumb":{"@id":"https:\/\/oliver-twist.dk\/de\/verbraucherpanel\/#breadcrumb"},"inLanguage":"de","potentialAction":[{"@type":"ReadAction","target":["https:\/\/oliver-twist.dk\/de\/verbraucherpanel\/"]}]},{"@type":"ImageObject","inLanguage":"de","@id":"https:\/\/oliver-twist.dk\/de\/verbraucherpanel\/#primaryimage","url":"https:\/\/oliver-twist.dk\/wp-content\/uploads\/2017\/12\/product.jpg","contentUrl":"https:\/\/oliver-twist.dk\/wp-content\/uploads\/2017\/12\/product.jpg","width":1181,"height":877,"caption":"Oliver Twist skr\u00e5tobak"},{"@type":"BreadcrumbList","@id":"https:\/\/oliver-twist.dk\/de\/verbraucherpanel\/#breadcrumb","itemListElement":[{"@type":"ListItem","position":1,"name":"Startseite","item":"https:\/\/oliver-twist.dk\/de\/"},{"@type":"ListItem","position":2,"name":"Verbraucherpanel"}]},{"@type":"WebSite","@id":"https:\/\/oliver-twist.dk\/en\/#website","url":"https:\/\/oliver-twist.dk\/en\/","name":"Oliver Twist","description":"Sm\u00e5 diskrete tobakspastiller med naturligt nikotin indhold","publisher":{"@id":"https:\/\/oliver-twist.dk\/en\/#organization"},"potentialAction":[{"@type":"SearchAction","target":{"@type":"EntryPoint","urlTemplate":"https:\/\/oliver-twist.dk\/en\/?s={search_term_string}"},"query-input":{"@type":"PropertyValueSpecification","valueRequired":true,"valueName":"search_term_string"}}],"inLanguage":"de"},{"@type":"Organization","@id":"https:\/\/oliver-twist.dk\/en\/#organization","name":"House of Oliver Twist","url":"https:\/\/oliver-twist.dk\/en\/","logo":{"@type":"ImageObject","inLanguage":"de","@id":"https:\/\/oliver-twist.dk\/en\/#\/schema\/logo\/image\/","url":"https:\/\/oliver-twist.dk\/wp-content\/uploads\/2020\/09\/Oliver-Twist_Sort-PNG-1.png","contentUrl":"https:\/\/oliver-twist.dk\/wp-content\/uploads\/2020\/09\/Oliver-Twist_Sort-PNG-1.png","width":774,"height":236,"caption":"House of Oliver Twist"},"image":{"@id":"https:\/\/oliver-twist.dk\/en\/#\/schema\/logo\/image\/"},"sameAs":["https:\/\/www.facebook.com\/HouseofOliverTwist\/","https:\/\/www.linkedin.com\/company\/house-of-oliver-twist\/","https:\/\/www.youtube.com\/channel\/UCnHIfJXeHCZHCcWjKW_fVCg"]}]}},"_links":{"self":[{"href":"https:\/\/oliver-twist.dk\/de\/wp-json\/wp\/v2\/pages\/1413","targetHints":{"allow":["GET"]}}],"collection":[{"href":"https:\/\/oliver-twist.dk\/de\/wp-json\/wp\/v2\/pages"}],"about":[{"href":"https:\/\/oliver-twist.dk\/de\/wp-json\/wp\/v2\/types\/page"}],"author":[{"embeddable":true,"href":"https:\/\/oliver-twist.dk\/de\/wp-json\/wp\/v2\/users\/5"}],"replies":[{"embeddable":true,"href":"https:\/\/oliver-twist.dk\/de\/wp-json\/wp\/v2\/comments?post=1413"}],"version-history":[{"count":9,"href":"https:\/\/oliver-twist.dk\/de\/wp-json\/wp\/v2\/pages\/1413\/revisions"}],"predecessor-version":[{"id":15476,"href":"https:\/\/oliver-twist.dk\/de\/wp-json\/wp\/v2\/pages\/1413\/revisions\/15476"}],"wp:featuredmedia":[{"embeddable":true,"href":"https:\/\/oliver-twist.dk\/de\/wp-json\/wp\/v2\/media\/722"}],"wp:attachment":[{"href":"https:\/\/oliver-twist.dk\/de\/wp-json\/wp\/v2\/media?parent=1413"}],"curies":[{"name":"wp","href":"https:\/\/api.w.org\/{rel}","templated":true}]}}