{"id":11282,"date":"2020-10-19T09:27:32","date_gmt":"2020-10-19T07:27:32","guid":{"rendered":"https:\/\/oliver-twist.dk\/?page_id=11282"},"modified":"2021-11-24T11:17:08","modified_gmt":"2021-11-24T10:17:08","slug":"impressum","status":"publish","type":"page","link":"https:\/\/oliver-twist.dk\/de\/impressum\/","title":{"rendered":"Impressum"},"content":{"rendered":"\n<h1 class=\"wp-block-heading\" id=\"h-impressum\">Impressum<\/h1>\n\n\n\n<p>Die Website <a href=\"http:\/\/www.oliver-twist.de\/\">www.oliver-twist.de<\/a> ist der offizielle Internet-Dienst der HERMANN KR\u00dcGERS EFTF.\u00a0A\/S. <\/p>\n\n\n\n<p><strong>HERAUSGEBER:<\/strong><br>House of Oliver Twist A\/S &#8211;  HERMANN KR\u00dcGERS EFTF.\u00a0A\/S.<br>B\u00f8rstenbindervej 1 <br>5230 Odense M <br>D\u00e4nemark <\/p>\n\n\n\n<p>GESCH\u00c4FTSF\u00dcHRER: Peer Dyhr <\/p>\n\n\n\n<p>TELEFON:&nbsp;+45 <a href=\"tel:+4566157117\">66 15 71 17<\/a><br>E-MAIL: <a href=\"http:\/\/mailto\">info@oliver-twist.dk <\/a><\/p>\n\n\n\n<p><strong>Inhalt des Onlineangebotes<\/strong><\/p>\n\n\n\n<p>HERMANN KR\u00dcGERS EFTF.&nbsp;A\/S. \u00fcbernimmt keinerlei Gew\u00e4hr f\u00fcr die Aktualit\u00e4t, Korrektheit, Vollst\u00e4ndigkeit oder Qualit\u00e4t der bereitgestellten Informationen. Haftungsanspr\u00fcche gegen HERMANN KR\u00dcGERS EFTF.&nbsp;A\/S, welche sich auf Sch\u00e4den materieller oder ideeller Art beziehen, die durch die Nutzung oder Nichtnutzung der dargebotenen Informationen bzw. durch die Nutzung fehlerhafter und unvollst\u00e4ndiger Informationen verursacht wurden, sind grunds\u00e4tzlich ausgeschlossen. Alle Angebote sind freibleibend und unverbindlich. HERMANN KR\u00dcGERS EFTF.&nbsp;A\/S beh\u00e4lt es sich ausdr\u00fccklich vor, Teile der Seiten oder das gesamte Angebot ohne gesonderte Ank\u00fcndigung zu ver\u00e4ndern, zu erg\u00e4nzen, zu l\u00f6schen oder die Ver\u00f6ffentlichung zeitweise oder endg\u00fcltig einzustellen.<\/p>\n\n\n\n<p><strong>Datenschutz<\/strong><\/p>\n\n\n\n<p>Sofern innerhalb des Internetangebotes die M\u00f6glichkeit zur Eingabe pers\u00f6nlicher oder gesch\u00e4ftlicher Daten (E-mailadressen, Namen, Anschriften) besteht, so erfolgt die Preisgabe dieser Daten seitens des Nutzers auf ausdr\u00fccklich freiwilliger Basis.<\/p>\n\n\n\n<p><strong>Haftungsauschluss<\/strong><\/p>\n\n\n\n<p>Vorsorglich weisen wir darauf hin, dass die Webseite eventuelle Links enth\u00e4lt, die nicht von HERMANN KR\u00dcGERS EFTF.&nbsp;A\/S betrieben werden. F\u00fcr Inhalte angelinkter Seiten ist HERMANN KR\u00dcGERS EFTF.&nbsp;A\/S in keiner Weise verantwortlich und auch nicht haftbar zu machen.<\/p>\n\n\n\n<p><strong>Urheber- und Kennzeichenrecht<br><\/strong><br>Alle innerhalb des Internetangebotes genannten und ggf. durch Dritte gesch\u00fctzten Marken- und Warenzeichen unterliegen uneingeschr\u00e4nkt den Bestimmungen des jeweils g\u00fcltigen Kennzeichenrechts und den Besitzrechten der jeweiligen eingetragenen Eigent\u00fcmer.<\/p>\n\n\n\n<p>Impressum Ende<\/p>\n","protected":false},"excerpt":{"rendered":"<p>Impressum Die Website www.oliver-twist.de ist der offizielle Internet-Dienst der HERMANN KR\u00dcGERS EFTF.\u00a0A\/S. HERAUSGEBER:House of Oliver Twist A\/S &#8211; HERMANN KR\u00dcGERS EFTF.\u00a0A\/S.B\u00f8rstenbindervej 1 5230 Odense M D\u00e4nemark GESCH\u00c4FTSF\u00dcHRER: Peer Dyhr TELEFON:&nbsp;+45 66 15 71 17E-MAIL: info@oliver-twist.dk Inhalt des Onlineangebotes HERMANN KR\u00dcGERS EFTF.&nbsp;A\/S. \u00fcbernimmt keinerlei Gew\u00e4hr f\u00fcr die Aktualit\u00e4t, Korrektheit, Vollst\u00e4ndigkeit oder Qualit\u00e4t der bereitgestellten Informationen. Haftungsanspr\u00fcche [&hellip;]<\/p>\n","protected":false},"author":13,"featured_media":0,"parent":0,"menu_order":0,"comment_status":"closed","ping_status":"closed","template":"","meta":{"_acf_changed":false,"footnotes":""},"class_list":["post-11282","page","type-page","status-publish","hentry"],"acf":[],"yoast_head":"<!-- This site is optimized with the Yoast SEO Premium plugin v27.0 (Yoast SEO v27.0) - https:\/\/yoast.com\/product\/yoast-seo-premium-wordpress\/ -->\n<title>Impressum | Oliver Twist<\/title>\n<meta name=\"description\" content=\"Hier finden Sie das Impressum von HERMANN KR\u00dcGERS EFTF.\u00a0A\/S\/ House of Oliver Twist. A\/S.\" \/>\n<meta name=\"robots\" content=\"index, follow, max-snippet:-1, max-image-preview:large, max-video-preview:-1\" \/>\n<link rel=\"canonical\" href=\"https:\/\/oliver-twist.dk\/de\/impressum\/\" \/>\n<meta property=\"og:locale\" content=\"de_DE\" \/>\n<meta property=\"og:type\" content=\"article\" \/>\n<meta property=\"og:title\" content=\"Impressum\" \/>\n<meta property=\"og:description\" content=\"Hier finden Sie das Impressum von HERMANN KR\u00dcGERS EFTF.\u00a0A\/S\/ House of Oliver Twist. A\/S.\" \/>\n<meta property=\"og:url\" content=\"https:\/\/oliver-twist.dk\/de\/impressum\/\" \/>\n<meta property=\"og:site_name\" content=\"Oliver Twist\" \/>\n<meta property=\"article:publisher\" content=\"https:\/\/www.facebook.com\/HouseofOliverTwist\/\" \/>\n<meta property=\"article:modified_time\" content=\"2021-11-24T10:17:08+00:00\" \/>\n<meta name=\"twitter:card\" content=\"summary_large_image\" \/>\n<meta name=\"twitter:label1\" content=\"Gesch\u00e4tzte Lesezeit\" \/>\n\t<meta name=\"twitter:data1\" content=\"2\u00a0Minuten\" \/>\n<script type=\"application\/ld+json\" class=\"yoast-schema-graph\">{\"@context\":\"https:\/\/schema.org\",\"@graph\":[{\"@type\":\"WebPage\",\"@id\":\"https:\/\/oliver-twist.dk\/de\/impressum\/\",\"url\":\"https:\/\/oliver-twist.dk\/de\/impressum\/\",\"name\":\"Impressum | Oliver Twist\",\"isPartOf\":{\"@id\":\"https:\/\/oliver-twist.dk\/en\/#website\"},\"datePublished\":\"2020-10-19T07:27:32+00:00\",\"dateModified\":\"2021-11-24T10:17:08+00:00\",\"description\":\"Hier finden Sie das Impressum von HERMANN KR\u00dcGERS EFTF.\u00a0A\/S\/ House of Oliver Twist. A\/S.\",\"breadcrumb\":{\"@id\":\"https:\/\/oliver-twist.dk\/de\/impressum\/#breadcrumb\"},\"inLanguage\":\"de\",\"potentialAction\":[{\"@type\":\"ReadAction\",\"target\":[\"https:\/\/oliver-twist.dk\/de\/impressum\/\"]}]},{\"@type\":\"BreadcrumbList\",\"@id\":\"https:\/\/oliver-twist.dk\/de\/impressum\/#breadcrumb\",\"itemListElement\":[{\"@type\":\"ListItem\",\"position\":1,\"name\":\"Startseite\",\"item\":\"https:\/\/oliver-twist.dk\/de\/\"},{\"@type\":\"ListItem\",\"position\":2,\"name\":\"Impressum\"}]},{\"@type\":\"WebSite\",\"@id\":\"https:\/\/oliver-twist.dk\/en\/#website\",\"url\":\"https:\/\/oliver-twist.dk\/en\/\",\"name\":\"Oliver Twist\",\"description\":\"Sm\u00e5 diskrete tobakspastiller med naturligt nikotin indhold\",\"publisher\":{\"@id\":\"https:\/\/oliver-twist.dk\/en\/#organization\"},\"potentialAction\":[{\"@type\":\"SearchAction\",\"target\":{\"@type\":\"EntryPoint\",\"urlTemplate\":\"https:\/\/oliver-twist.dk\/en\/?s={search_term_string}\"},\"query-input\":{\"@type\":\"PropertyValueSpecification\",\"valueRequired\":true,\"valueName\":\"search_term_string\"}}],\"inLanguage\":\"de\"},{\"@type\":\"Organization\",\"@id\":\"https:\/\/oliver-twist.dk\/en\/#organization\",\"name\":\"House of Oliver Twist\",\"url\":\"https:\/\/oliver-twist.dk\/en\/\",\"logo\":{\"@type\":\"ImageObject\",\"inLanguage\":\"de\",\"@id\":\"https:\/\/oliver-twist.dk\/en\/#\/schema\/logo\/image\/\",\"url\":\"https:\/\/oliver-twist.dk\/wp-content\/uploads\/2020\/09\/Oliver-Twist_Sort-PNG-1.png\",\"contentUrl\":\"https:\/\/oliver-twist.dk\/wp-content\/uploads\/2020\/09\/Oliver-Twist_Sort-PNG-1.png\",\"width\":774,\"height\":236,\"caption\":\"House of Oliver Twist\"},\"image\":{\"@id\":\"https:\/\/oliver-twist.dk\/en\/#\/schema\/logo\/image\/\"},\"sameAs\":[\"https:\/\/www.facebook.com\/HouseofOliverTwist\/\",\"https:\/\/www.linkedin.com\/company\/house-of-oliver-twist\/\",\"https:\/\/www.youtube.com\/channel\/UCnHIfJXeHCZHCcWjKW_fVCg\"]}]}<\/script>\n<!-- \/ Yoast SEO Premium plugin. -->","yoast_head_json":{"title":"Impressum | Oliver Twist","description":"Hier finden Sie das Impressum von HERMANN KR\u00dcGERS EFTF.\u00a0A\/S\/ House of Oliver Twist. A\/S.","robots":{"index":"index","follow":"follow","max-snippet":"max-snippet:-1","max-image-preview":"max-image-preview:large","max-video-preview":"max-video-preview:-1"},"canonical":"https:\/\/oliver-twist.dk\/de\/impressum\/","og_locale":"de_DE","og_type":"article","og_title":"Impressum","og_description":"Hier finden Sie das Impressum von HERMANN KR\u00dcGERS EFTF.\u00a0A\/S\/ House of Oliver Twist. A\/S.","og_url":"https:\/\/oliver-twist.dk\/de\/impressum\/","og_site_name":"Oliver Twist","article_publisher":"https:\/\/www.facebook.com\/HouseofOliverTwist\/","article_modified_time":"2021-11-24T10:17:08+00:00","twitter_card":"summary_large_image","twitter_misc":{"Gesch\u00e4tzte Lesezeit":"2\u00a0Minuten"},"schema":{"@context":"https:\/\/schema.org","@graph":[{"@type":"WebPage","@id":"https:\/\/oliver-twist.dk\/de\/impressum\/","url":"https:\/\/oliver-twist.dk\/de\/impressum\/","name":"Impressum | Oliver Twist","isPartOf":{"@id":"https:\/\/oliver-twist.dk\/en\/#website"},"datePublished":"2020-10-19T07:27:32+00:00","dateModified":"2021-11-24T10:17:08+00:00","description":"Hier finden Sie das Impressum von HERMANN KR\u00dcGERS EFTF.\u00a0A\/S\/ House of Oliver Twist. A\/S.","breadcrumb":{"@id":"https:\/\/oliver-twist.dk\/de\/impressum\/#breadcrumb"},"inLanguage":"de","potentialAction":[{"@type":"ReadAction","target":["https:\/\/oliver-twist.dk\/de\/impressum\/"]}]},{"@type":"BreadcrumbList","@id":"https:\/\/oliver-twist.dk\/de\/impressum\/#breadcrumb","itemListElement":[{"@type":"ListItem","position":1,"name":"Startseite","item":"https:\/\/oliver-twist.dk\/de\/"},{"@type":"ListItem","position":2,"name":"Impressum"}]},{"@type":"WebSite","@id":"https:\/\/oliver-twist.dk\/en\/#website","url":"https:\/\/oliver-twist.dk\/en\/","name":"Oliver Twist","description":"Sm\u00e5 diskrete tobakspastiller med naturligt nikotin indhold","publisher":{"@id":"https:\/\/oliver-twist.dk\/en\/#organization"},"potentialAction":[{"@type":"SearchAction","target":{"@type":"EntryPoint","urlTemplate":"https:\/\/oliver-twist.dk\/en\/?s={search_term_string}"},"query-input":{"@type":"PropertyValueSpecification","valueRequired":true,"valueName":"search_term_string"}}],"inLanguage":"de"},{"@type":"Organization","@id":"https:\/\/oliver-twist.dk\/en\/#organization","name":"House of Oliver Twist","url":"https:\/\/oliver-twist.dk\/en\/","logo":{"@type":"ImageObject","inLanguage":"de","@id":"https:\/\/oliver-twist.dk\/en\/#\/schema\/logo\/image\/","url":"https:\/\/oliver-twist.dk\/wp-content\/uploads\/2020\/09\/Oliver-Twist_Sort-PNG-1.png","contentUrl":"https:\/\/oliver-twist.dk\/wp-content\/uploads\/2020\/09\/Oliver-Twist_Sort-PNG-1.png","width":774,"height":236,"caption":"House of Oliver Twist"},"image":{"@id":"https:\/\/oliver-twist.dk\/en\/#\/schema\/logo\/image\/"},"sameAs":["https:\/\/www.facebook.com\/HouseofOliverTwist\/","https:\/\/www.linkedin.com\/company\/house-of-oliver-twist\/","https:\/\/www.youtube.com\/channel\/UCnHIfJXeHCZHCcWjKW_fVCg"]}]}},"_links":{"self":[{"href":"https:\/\/oliver-twist.dk\/de\/wp-json\/wp\/v2\/pages\/11282","targetHints":{"allow":["GET"]}}],"collection":[{"href":"https:\/\/oliver-twist.dk\/de\/wp-json\/wp\/v2\/pages"}],"about":[{"href":"https:\/\/oliver-twist.dk\/de\/wp-json\/wp\/v2\/types\/page"}],"author":[{"embeddable":true,"href":"https:\/\/oliver-twist.dk\/de\/wp-json\/wp\/v2\/users\/13"}],"replies":[{"embeddable":true,"href":"https:\/\/oliver-twist.dk\/de\/wp-json\/wp\/v2\/comments?post=11282"}],"version-history":[{"count":6,"href":"https:\/\/oliver-twist.dk\/de\/wp-json\/wp\/v2\/pages\/11282\/revisions"}],"predecessor-version":[{"id":14347,"href":"https:\/\/oliver-twist.dk\/de\/wp-json\/wp\/v2\/pages\/11282\/revisions\/14347"}],"wp:attachment":[{"href":"https:\/\/oliver-twist.dk\/de\/wp-json\/wp\/v2\/media?parent=11282"}],"curies":[{"name":"wp","href":"https:\/\/api.w.org\/{rel}","templated":true}]}}